{"id":13527,"date":"2023-10-09T13:10:45","date_gmt":"2023-10-09T13:17:31","guid":{"rendered":"https:\/\/www.palmaequipmentrental.com\/?post_type=product&#038;p=13527"},"modified":"2023-10-09T13:46:09","modified_gmt":"2023-10-09T13:46:09","slug":"profoto-a10-para-fujifilm","status":"publish","type":"product","link":"https:\/\/palmaequipmentrental.com\/es\/photo-video-equipment-mallorca\/profoto-a10-para-fujifilm\/","title":{"rendered":"Profoto A10 Fuji"},"content":{"rendered":"<p>Alcance la excelencia fotogr\u00e1fica con el Profoto A10 para Fujifilm, su herramienta definitiva para la fotograf\u00eda profesional.<\/p>\n<p><strong>Especificaciones T\u00e9cnicas:<\/strong><\/p>\n<ul>\n<li>Compatibilidad: Fujifilm<\/li>\n<li>Potencia: 76Ws<\/li>\n<li>Dise\u00f1o de cabeza redonda para una luz natural con un suave degradado<\/li>\n<li>Compatibilidad con las herramientas de modelado magn\u00e9tico Profoto Clic<\/li>\n<li>Compatibilidad perfecta con los disparadores Profoto Air, AirTTL y Connect<\/li>\n<li>Conexi\u00f3n inteligente a trav\u00e9s de la aplicaci\u00f3n Profoto para iOS<\/li>\n<li>Tecnolog\u00eda de sincronizaci\u00f3n Bluetooth integrada AirX para compatibilidad con c\u00e1maras m\u00f3viles<\/li>\n<li>Interfaz de usuario intuitiva con una pantalla grande y de alta resoluci\u00f3n<\/li>\n<li>Recarga de flash r\u00e1pida para mayor eficiencia<\/li>\n<li>Bater\u00eda de iones de litio recargable e intercambiable de alta capacidad<\/li>\n<li>Cabezal de flash vers\u00e1til con inclinaci\u00f3n de 90\u00b0 y rotaci\u00f3n de 360\u00b0<\/li>\n<li>Asistencia de enfoque autom\u00e1tico con l\u00e1ser y luz de modelado LED<\/li>\n<li>Zoom autom\u00e1tico o manual para el flash y la luz de modelado<\/li>\n<li>Versiones opcionales con zapata caliente para c\u00e1maras Canon, Nikon, Sony y Fujifilm<\/li>\n<\/ul>\n<p>En nuestro centro de alquiler en Palma de Mallorca, ofrecemos equipos de est\u00e1ndar de la industria y soporte para fot\u00f3grafos y empresas de producci\u00f3n en toda Espa\u00f1a, incluidas las Islas Baleares de Menorca, Ibiza y Formentera. Desde equipos de primer nivel como el Profoto A10 hasta asistencia t\u00e9cnica las 24 horas, nuestros servicios flexibles, eficientes y amigables le permiten dar vida a sus visiones creativas. Colabore con nosotros y eleve su juego fotogr\u00e1fico hoy mismo.<\/p>\n","protected":false},"excerpt":{"rendered":"<p>Alcance la excelencia fotogr\u00e1fica con el Profoto A10 para Fujifilm, su herramienta definitiva para la fotograf\u00eda profesional. Especificaciones T\u00e9cnicas: Compatibilidad: Fujifilm Potencia: 76Ws Dise\u00f1o de cabeza redonda para una luz natural con un suave degradado Compatibilidad con las herramientas de modelado magn\u00e9tico Profoto Clic Compatibilidad perfecta con los disparadores Profoto Air, AirTTL y Connect Conexi\u00f3n inteligente a trav\u00e9s de la [&hellip;]<\/p>\n","protected":false},"featured_media":13525,"template":"","meta":[],"product_cat":[386],"product_tag":[],"class_list":{"0":"post-13527","1":"product","2":"type-product","3":"status-publish","4":"has-post-thumbnail","6":"product_cat-on-camara-flash","8":"first","9":"instock","10":"shipping-taxable","11":"purchasable","12":"product-type-simple"},"_links":{"self":[{"href":"https:\/\/palmaequipmentrental.com\/es\/wp-json\/wp\/v2\/product\/13527","targetHints":{"allow":["GET"]}}],"collection":[{"href":"https:\/\/palmaequipmentrental.com\/es\/wp-json\/wp\/v2\/product"}],"about":[{"href":"https:\/\/palmaequipmentrental.com\/es\/wp-json\/wp\/v2\/types\/product"}],"wp:featuredmedia":[{"embeddable":true,"href":"https:\/\/palmaequipmentrental.com\/es\/wp-json\/wp\/v2\/media\/13525"}],"wp:attachment":[{"href":"https:\/\/palmaequipmentrental.com\/es\/wp-json\/wp\/v2\/media?parent=13527"}],"wp:term":[{"taxonomy":"product_cat","embeddable":true,"href":"https:\/\/palmaequipmentrental.com\/es\/wp-json\/wp\/v2\/product_cat?post=13527"},{"taxonomy":"product_tag","embeddable":true,"href":"https:\/\/palmaequipmentrental.com\/es\/wp-json\/wp\/v2\/product_tag?post=13527"}],"curies":[{"name":"wp","href":"https:\/\/api.w.org\/{rel}","templated":true}]}}