{"id":13572,"date":"2023-10-24T17:22:06","date_gmt":"2023-10-24T17:22:06","guid":{"rendered":"https:\/\/www.palmaequipmentrental.com\/product\/nikon-af-s-vr-micro-nikkor-105mm-f-2-8g\/"},"modified":"2024-01-09T11:17:05","modified_gmt":"2024-01-09T11:17:05","slug":"nikon-af-s-vr-micro-nikkor-105mm-f-2-8g","status":"publish","type":"product","link":"https:\/\/palmaequipmentrental.com\/es\/photo-video-equipment-mallorca\/nikon-af-s-vr-micro-nikkor-105mm-f-2-8g\/","title":{"rendered":"Nikon AF-S 105mm Macro f\/2.8G VR"},"content":{"rendered":"<p>Desbloquee el mundo de la fotograf\u00eda macro con el Objetivo Nikon AF-S VR Micro NIKKOR 105mm f\/2.8G IF-ED.<\/p>\n<p>Experimente la Excelencia en Fotograf\u00eda Macro:<\/p>\n<ul>\n<li>Eleve su fotograf\u00eda con este objetivo Nikon AF-S VR Micro NIKKOR 105mm, ideal para impresionantes tomas macro y retratos impactantes.<\/li>\n<li>Logre una claridad de imagen y detalle inigualables con la vers\u00e1til longitud focal de 105mm.<\/li>\n<li>Benef\u00edciese de la tecnolog\u00eda VR (Reducci\u00f3n de la Vibraci\u00f3n), que garantiza tomas n\u00edtidas incluso a distancias cortas.<\/li>\n<li>Minimice las aberraciones crom\u00e1ticas con cristal ED (Dispersi\u00f3n Extra Baja) avanzado para colores realistas.<\/li>\n<li>Presenta un anillo de filtro de 62mm para opciones creativas adicionales.<\/li>\n<li>Perfecto para capturar detalles intrincados, desde la belleza de la naturaleza hasta la fotograf\u00eda de productos.<\/li>\n<\/ul>\n<p>Con sede en Palma de Mallorca, Espa\u00f1a, somos su socio de confianza para el alquiler de equipos fotogr\u00e1ficos profesionales. Nuestros servicios incluyen el Objetivo Nikon AF-S VR Micro NIKKOR 105mm f\/2.8G IF-ED y una amplia gama de equipos est\u00e1ndar de la industria. Con un enfoque flexible, eficiente y amigable, que incluye soporte t\u00e9cnico las 24 horas, potenciamos su visi\u00f3n creativa. Explore nuestro extenso inventario que presenta las principales marcas como Nikon para todas sus necesidades fotogr\u00e1ficas y de producci\u00f3n. Descubra las herramientas para hacer realidad su visi\u00f3n creativa hoy.<\/p>\n","protected":false},"excerpt":{"rendered":"<p>Desbloquee el mundo de la fotograf\u00eda macro con el Objetivo Nikon AF-S VR Micro NIKKOR 105mm f\/2.8G IF-ED. Experimente la Excelencia en Fotograf\u00eda Macro: Eleve su fotograf\u00eda con este objetivo Nikon AF-S VR Micro NIKKOR 105mm, ideal para impresionantes tomas macro y retratos impactantes. Logre una claridad de imagen y detalle inigualables con la vers\u00e1til longitud focal de 105mm. Benef\u00edciese [&hellip;]<\/p>\n","protected":false},"featured_media":13569,"template":"","meta":[],"product_cat":[448,402],"product_tag":[],"class_list":{"0":"post-13572","1":"product","2":"type-product","3":"status-publish","4":"has-post-thumbnail","6":"product_cat-objetivos-nikon-es","7":"product_cat-objetivos-nikon","9":"first","10":"instock","11":"shipping-taxable","12":"purchasable","13":"product-type-simple"},"_links":{"self":[{"href":"https:\/\/palmaequipmentrental.com\/es\/wp-json\/wp\/v2\/product\/13572","targetHints":{"allow":["GET"]}}],"collection":[{"href":"https:\/\/palmaequipmentrental.com\/es\/wp-json\/wp\/v2\/product"}],"about":[{"href":"https:\/\/palmaequipmentrental.com\/es\/wp-json\/wp\/v2\/types\/product"}],"wp:featuredmedia":[{"embeddable":true,"href":"https:\/\/palmaequipmentrental.com\/es\/wp-json\/wp\/v2\/media\/13569"}],"wp:attachment":[{"href":"https:\/\/palmaequipmentrental.com\/es\/wp-json\/wp\/v2\/media?parent=13572"}],"wp:term":[{"taxonomy":"product_cat","embeddable":true,"href":"https:\/\/palmaequipmentrental.com\/es\/wp-json\/wp\/v2\/product_cat?post=13572"},{"taxonomy":"product_tag","embeddable":true,"href":"https:\/\/palmaequipmentrental.com\/es\/wp-json\/wp\/v2\/product_tag?post=13572"}],"curies":[{"name":"wp","href":"https:\/\/api.w.org\/{rel}","templated":true}]}}