{"id":13578,"date":"2023-10-25T13:36:12","date_gmt":"2023-10-25T13:36:12","guid":{"rendered":"https:\/\/www.palmaequipmentrental.com\/product\/apurture-ls-60x\/"},"modified":"2023-10-25T13:39:32","modified_gmt":"2023-10-25T13:39:32","slug":"apurture-ls-60x","status":"publish","type":"product","link":"https:\/\/palmaequipmentrental.com\/es\/photo-video-equipment-mallorca\/apurture-ls-60x\/","title":{"rendered":"Aputure LS 60X"},"content":{"rendered":"<p>Eleve su iluminaci\u00f3n con el Aputure LS 60X de nuestra empresa profesional de alquiler de equipos fotogr\u00e1ficos en Palma de Mallorca, Espa\u00f1a. Ya sea que est\u00e9 fotografiando moda o campa\u00f1as publicitarias en las Islas Baleares o en la Espa\u00f1a peninsular, esta vers\u00e1til luz LED es un cambio de juego. Aqu\u00ed est\u00e1n los aspectos t\u00e9cnicos destacados:<\/p>\n<ul>\n<li><strong>Brillo Impresionante:<\/strong> Alcance hasta 30,000 lux a 0.5 metros con un \u00e1ngulo de haz de enfoque de 15-45\u00b0.<\/li>\n<li><strong>Control de Color Flexible:<\/strong> Ajuste la temperatura de color de 2700K a 6500K con presets integrados para una iluminaci\u00f3n precisa.<\/li>\n<li><strong>Precisi\u00f3n de Color Confiable:<\/strong> Disfrute de puntuaciones de CRI\/TLCI de 95+ y calificaciones SSI de 86 (Tungsteno) y 74 (D56).<\/li>\n<li><strong>Dise\u00f1o Duradero:<\/strong> Construido para resistir las exigencias de los sets de filmaci\u00f3n, el LS 60X cuenta con una construcci\u00f3n resistente a la intemperie.<\/li>\n<li><strong>Opciones de Alimentaci\u00f3n:<\/strong> Elija entre m\u00faltiples soluciones de alimentaci\u00f3n, incluyendo adaptador de CA, bater\u00edas D-Tap (montura en V) y placa de bater\u00eda doble NP-F.<\/li>\n<li><strong>Iluminaci\u00f3n Adaptable:<\/strong> Explore posibilidades creativas con la compatibilidad de montura Bowens y las puertas de granero de 8 hojas incluidas.<\/li>\n<li><strong>Control Mejorado:<\/strong> Acceda a 9 efectos de iluminaci\u00f3n integrados, temperatura de color ajustable y control inal\u00e1mbrico a trav\u00e9s del ecosistema Sidus Link.<\/li>\n<\/ul>\n<p>As\u00f3ciese con nosotros para sus necesidades de equipo profesional y aproveche nuestro soporte t\u00e9cnico las 24 horas, un servicio eficiente y una amplia gama de equipos est\u00e1ndar de la industria.<\/p>\n","protected":false},"excerpt":{"rendered":"<p>Eleve su iluminaci\u00f3n con el Aputure LS 60X de nuestra empresa profesional de alquiler de equipos fotogr\u00e1ficos en Palma de Mallorca, Espa\u00f1a. Ya sea que est\u00e9 fotografiando moda o campa\u00f1as publicitarias en las Islas Baleares o en la Espa\u00f1a peninsular, esta vers\u00e1til luz LED es un cambio de juego. Aqu\u00ed est\u00e1n los aspectos t\u00e9cnicos destacados: Brillo Impresionante: Alcance hasta 30,000 [&hellip;]<\/p>\n","protected":false},"featured_media":13576,"template":"","meta":[],"product_cat":[780,778],"product_tag":[],"class_list":{"0":"post-13578","1":"product","2":"type-product","3":"status-publish","4":"has-post-thumbnail","6":"product_cat-aputure-iluminacion","7":"product_cat-aputure-iluminacion-v","9":"first","10":"instock","11":"shipping-taxable","12":"purchasable","13":"product-type-simple"},"_links":{"self":[{"href":"https:\/\/palmaequipmentrental.com\/es\/wp-json\/wp\/v2\/product\/13578","targetHints":{"allow":["GET"]}}],"collection":[{"href":"https:\/\/palmaequipmentrental.com\/es\/wp-json\/wp\/v2\/product"}],"about":[{"href":"https:\/\/palmaequipmentrental.com\/es\/wp-json\/wp\/v2\/types\/product"}],"wp:featuredmedia":[{"embeddable":true,"href":"https:\/\/palmaequipmentrental.com\/es\/wp-json\/wp\/v2\/media\/13576"}],"wp:attachment":[{"href":"https:\/\/palmaequipmentrental.com\/es\/wp-json\/wp\/v2\/media?parent=13578"}],"wp:term":[{"taxonomy":"product_cat","embeddable":true,"href":"https:\/\/palmaequipmentrental.com\/es\/wp-json\/wp\/v2\/product_cat?post=13578"},{"taxonomy":"product_tag","embeddable":true,"href":"https:\/\/palmaequipmentrental.com\/es\/wp-json\/wp\/v2\/product_tag?post=13578"}],"curies":[{"name":"wp","href":"https:\/\/api.w.org\/{rel}","templated":true}]}}