{"id":13631,"date":"2023-11-07T18:36:11","date_gmt":"2023-11-07T18:36:11","guid":{"rendered":"https:\/\/www.palmaequipmentrental.com\/product\/ecoflow-delta-2\/"},"modified":"2023-11-08T17:58:18","modified_gmt":"2023-11-08T17:58:18","slug":"ecoflow-delta-2","status":"publish","type":"product","link":"https:\/\/palmaequipmentrental.com\/es\/photo-video-equipment-mallorca\/ecoflow-delta-2\/","title":{"rendered":"EcoFlow Delta 2"},"content":{"rendered":"<p><strong>Estaci\u00f3n de Energ\u00eda Port\u00e1til EcoFlow Delta 2<\/strong><\/p>\n<p>Eleve la calidad de su producci\u00f3n con la fiable Estaci\u00f3n de Energ\u00eda Port\u00e1til EcoFlow Delta 2. Como la \u00faltima incorporaci\u00f3n a nuestra l\u00ednea de equipos de primera categor\u00eda en Palma Equipment Rental, promete un poder ininterrumpido para sus sesiones de foto y video en Palma de Mallorca y m\u00e1s all\u00e1. Dise\u00f1ada para los creativos en movimiento, esta estaci\u00f3n de energ\u00eda es la compa\u00f1era perfecta para profesionales que exigen eficiencia y versatilidad en los entornos din\u00e1micos de rodaje de las Islas Baleares.<\/p>\n<p><strong>Especificaciones T\u00e9cnicas:<\/strong><\/p>\n<ul>\n<li>Capacidad de Bater\u00eda: 1024Wh<\/li>\n<li>Salida: 1800W (Pico 3300W)<\/li>\n<li>Entrada de Carga AC: Carga R\u00e1pida X-Stream (m\u00e1x. 900W)<\/li>\n<li>Entrada de Carga Solar: 11-75V, 13A (m\u00e1x. 400W)<\/li>\n<li>Carga por Veh\u00edculo: 12V\/24V (8A)<\/li>\n<li>Salida USB-A: 2 puertos, 12W por puerto<\/li>\n<li>Salida USB-C: 2 puertos, 100W por puerto<\/li>\n<li>Peso: 27lbs (12.2kg)<\/li>\n<li>Carga Inal\u00e1mbrica: m\u00e1x. 15W<\/li>\n<li>Ciclo de Vida: 800 ciclos hasta el 80%+ de capacidad<\/li>\n<\/ul>\n<p>En Palma Equipment Rental, comprendemos la necesidad de equipo confiable y de alto rendimiento. Nuestro EcoFlow Delta 2 proviene de l\u00edderes de la industria y est\u00e1 respaldado por soporte t\u00e9cnico 24\/7. Conf\u00ede en nuestra experiencia y en el equipo de est\u00e1ndar profesional como Profoto, Arri y Manfrotto para potenciar sus esfuerzos creativos en cualquier set de Espa\u00f1a. Flexibles, eficientes y amigables \u2014 somos el miembro silencioso del equipo dedicado al \u00e9xito de su proyecto.<\/p>\n","protected":false},"excerpt":{"rendered":"<p>Estaci\u00f3n de Energ\u00eda Port\u00e1til EcoFlow Delta 2 Eleve la calidad de su producci\u00f3n con la fiable Estaci\u00f3n de Energ\u00eda Port\u00e1til EcoFlow Delta 2. Como la \u00faltima incorporaci\u00f3n a nuestra l\u00ednea de equipos de primera categor\u00eda en Palma Equipment Rental, promete un poder ininterrumpido para sus sesiones de foto y video en Palma de Mallorca y m\u00e1s all\u00e1. Dise\u00f1ada para los [&hellip;]<\/p>\n","protected":false},"featured_media":13628,"template":"","meta":[],"product_cat":[212,455,743,744],"product_tag":[],"class_list":{"0":"post-13631","1":"product","2":"type-product","3":"status-publish","4":"has-post-thumbnail","6":"product_cat-baterias","7":"product_cat-baterias-es","8":"product_cat-power-station-es","9":"product_cat-power-station-power-es","11":"first","12":"instock","13":"shipping-taxable","14":"purchasable","15":"product-type-simple"},"_links":{"self":[{"href":"https:\/\/palmaequipmentrental.com\/es\/wp-json\/wp\/v2\/product\/13631","targetHints":{"allow":["GET"]}}],"collection":[{"href":"https:\/\/palmaequipmentrental.com\/es\/wp-json\/wp\/v2\/product"}],"about":[{"href":"https:\/\/palmaequipmentrental.com\/es\/wp-json\/wp\/v2\/types\/product"}],"wp:featuredmedia":[{"embeddable":true,"href":"https:\/\/palmaequipmentrental.com\/es\/wp-json\/wp\/v2\/media\/13628"}],"wp:attachment":[{"href":"https:\/\/palmaequipmentrental.com\/es\/wp-json\/wp\/v2\/media?parent=13631"}],"wp:term":[{"taxonomy":"product_cat","embeddable":true,"href":"https:\/\/palmaequipmentrental.com\/es\/wp-json\/wp\/v2\/product_cat?post=13631"},{"taxonomy":"product_tag","embeddable":true,"href":"https:\/\/palmaequipmentrental.com\/es\/wp-json\/wp\/v2\/product_tag?post=13631"}],"curies":[{"name":"wp","href":"https:\/\/api.w.org\/{rel}","templated":true}]}}