{"id":13730,"date":"2024-01-08T13:42:04","date_gmt":"2024-01-08T13:42:05","guid":{"rendered":"https:\/\/www.palmaequipmentrental.com\/?post_type=product&#038;p=13730"},"modified":"2025-06-19T16:54:09","modified_gmt":"2025-06-19T16:54:09","slug":"pinza-cardellini-end-jaw-6","status":"publish","type":"product","link":"https:\/\/palmaequipmentrental.com\/es\/photo-video-equipment-mallorca\/pinza-cardellini-end-jaw-6\/","title":{"rendered":"Pinza Cardellini End Jaw 6&#8243;"},"content":{"rendered":"<p>Conoce a tu nuevo mejor amigo en el set: la abrazadera Cardellini de 6&#8243; XXXL con mand\u00edbula en el extremo de Palma Equipment Rental, la opci\u00f3n preferida por profesionales en Palma de Mallorca y en todas las Islas Baleares. Ya sea que est\u00e9s realizando una campa\u00f1a de alta moda o una obra maestra publicitaria, esta abrazadera es una herramienta esencial en tu arsenal creativo.<\/p>\n<p>Detalles T\u00e9cnicos:<\/p>\n<ul>\n<li>Ancho de la mand\u00edbula: Aproximadamente 7.62 cm (3&#8243;)<\/li>\n<li>Capacidad de la mand\u00edbula: 15.24 cm (6&#8243;)<\/li>\n<li>Longitud del eje: Aproximadamente 27.94 cm (11&#8243;)<\/li>\n<li>Peso: Alrededor de 623 gramos (22 oz.)<\/li>\n<li>Mand\u00edbula ajustable y fuerte para un agarre vers\u00e1til<\/li>\n<li>Mand\u00edbulas engomadas para un agarre seguro y sin da\u00f1os<\/li>\n<li>Ideal para sujetar c\u00e1maras, luces y m\u00e1s a diversas superficies<\/li>\n<\/ul>\n<p>\u00bfPor qu\u00e9 la necesitas? Para el profesional sin compromisos, esta abrazadera ofrece una fiabilidad y flexibilidad inigualables, esenciales en entornos de rodaje din\u00e1micos.<\/p>\n<p>En Palma Equipment Rental, comprendemos el pulso de la fotograf\u00eda y videograf\u00eda profesional. Proporcionamos no solo equipos, sino soluciones que realzan tu proceso creativo. Nuestra amplia gama, incluyendo marcas de primer nivel como Profoto y Canon, junto con soporte t\u00e9cnico 24\/7, garantiza que nunca te falte nada en el set. Con nuestro compromiso con la flexibilidad, eficiencia y un servicio amigable, somos m\u00e1s que una empresa de alquiler: somos parte de tu equipo.<\/p>\n","protected":false},"excerpt":{"rendered":"<p>Conoce a tu nuevo mejor amigo en el set: la abrazadera Cardellini de 6&#8243; XXXL con mand\u00edbula en el extremo de Palma Equipment Rental, la opci\u00f3n preferida por profesionales en Palma de Mallorca y en todas las Islas Baleares. Ya sea que est\u00e9s realizando una campa\u00f1a de alta moda o una obra maestra publicitaria, esta abrazadera es una herramienta esencial [&hellip;]<\/p>\n","protected":false},"featured_media":13733,"template":"","meta":[],"product_cat":[226,225],"product_tag":[],"class_list":{"0":"post-13730","1":"product","2":"type-product","3":"status-publish","4":"has-post-thumbnail","6":"product_cat-clamps2012-03-30-09-44-10-es","7":"product_cat-clamps-es","9":"first","10":"instock","11":"shipping-taxable","12":"purchasable","13":"product-type-simple"},"_links":{"self":[{"href":"https:\/\/palmaequipmentrental.com\/es\/wp-json\/wp\/v2\/product\/13730","targetHints":{"allow":["GET"]}}],"collection":[{"href":"https:\/\/palmaequipmentrental.com\/es\/wp-json\/wp\/v2\/product"}],"about":[{"href":"https:\/\/palmaequipmentrental.com\/es\/wp-json\/wp\/v2\/types\/product"}],"wp:featuredmedia":[{"embeddable":true,"href":"https:\/\/palmaequipmentrental.com\/es\/wp-json\/wp\/v2\/media\/13733"}],"wp:attachment":[{"href":"https:\/\/palmaequipmentrental.com\/es\/wp-json\/wp\/v2\/media?parent=13730"}],"wp:term":[{"taxonomy":"product_cat","embeddable":true,"href":"https:\/\/palmaequipmentrental.com\/es\/wp-json\/wp\/v2\/product_cat?post=13730"},{"taxonomy":"product_tag","embeddable":true,"href":"https:\/\/palmaequipmentrental.com\/es\/wp-json\/wp\/v2\/product_tag?post=13730"}],"curies":[{"name":"wp","href":"https:\/\/api.w.org\/{rel}","templated":true}]}}