{"id":13756,"date":"2024-01-09T12:51:47","date_gmt":"2024-01-09T12:54:16","guid":{"rendered":"https:\/\/www.palmaequipmentrental.com\/?post_type=product&#038;p=13756"},"modified":"2024-01-09T12:54:17","modified_gmt":"2024-01-09T12:54:17","slug":"skylite-grip-head","status":"publish","type":"product","link":"https:\/\/palmaequipmentrental.com\/es\/photo-video-equipment-mallorca\/skylite-grip-head\/","title":{"rendered":"Skylite Grip Head"},"content":{"rendered":"<p>Echa un vistazo al Skylite Grip Head en Palma Equipment Rental. Perfecto para montar un marco Skylite Rapid en un tr\u00edpode, este cabezal de agarre es imprescindible para profesionales en fotograf\u00eda y cinematograf\u00eda de moda y publicidad.<\/p>\n<p>Detalles T\u00e9cnicos:<\/p>\n<ul>\n<li>Dise\u00f1ado para montar un marco Skylite Rapid en un tr\u00edpode<\/li>\n<li>Permite inclinar el Skylite para \u00e1ngulos de iluminaci\u00f3n \u00f3ptimos<\/li>\n<li>F\u00e1cil integraci\u00f3n con varios soportes y equipos<\/li>\n<li>Compatible con una amplia gama de equipos de iluminaci\u00f3n y agarre<\/li>\n<li>\u00bfPor qu\u00e9 lo necesitas? El Skylite Grip Head aporta precisi\u00f3n a tu configuraci\u00f3n, asegurando que tu Skylite Rapid est\u00e9 perfectamente posicionado para cada toma.<\/li>\n<\/ul>\n<p>Palma Equipment Rental es tu opci\u00f3n para equipos de fotograf\u00eda y video de primera calidad. Ofrecemos desde marcas renombradas como Nikon y Profoto hasta este indispensable Skylite Grip Head. Ya sea capturando la esencia de Menorca o el bullicio de Ibiza, proporcionamos las herramientas para tu visi\u00f3n. Adem\u00e1s, con nuestro soporte t\u00e9cnico 24\/7, siempre est\u00e1s listo para disparar.<\/p>\n","protected":false},"excerpt":{"rendered":"<p>Echa un vistazo al Skylite Grip Head en Palma Equipment Rental. Perfecto para montar un marco Skylite Rapid en un tr\u00edpode, este cabezal de agarre es imprescindible para profesionales en fotograf\u00eda y cinematograf\u00eda de moda y publicidad. Detalles T\u00e9cnicos: Dise\u00f1ado para montar un marco Skylite Rapid en un tr\u00edpode Permite inclinar el Skylite para \u00e1ngulos de iluminaci\u00f3n \u00f3ptimos F\u00e1cil integraci\u00f3n [&hellip;]<\/p>\n","protected":false},"featured_media":13755,"template":"","meta":[],"product_cat":[225,226],"product_tag":[],"class_list":{"0":"post-13756","1":"product","2":"type-product","3":"status-publish","4":"has-post-thumbnail","6":"product_cat-clamps-es","7":"product_cat-clamps2012-03-30-09-44-10-es","9":"first","10":"instock","11":"shipping-taxable","12":"purchasable","13":"product-type-simple"},"_links":{"self":[{"href":"https:\/\/palmaequipmentrental.com\/es\/wp-json\/wp\/v2\/product\/13756","targetHints":{"allow":["GET"]}}],"collection":[{"href":"https:\/\/palmaequipmentrental.com\/es\/wp-json\/wp\/v2\/product"}],"about":[{"href":"https:\/\/palmaequipmentrental.com\/es\/wp-json\/wp\/v2\/types\/product"}],"wp:featuredmedia":[{"embeddable":true,"href":"https:\/\/palmaequipmentrental.com\/es\/wp-json\/wp\/v2\/media\/13755"}],"wp:attachment":[{"href":"https:\/\/palmaequipmentrental.com\/es\/wp-json\/wp\/v2\/media?parent=13756"}],"wp:term":[{"taxonomy":"product_cat","embeddable":true,"href":"https:\/\/palmaequipmentrental.com\/es\/wp-json\/wp\/v2\/product_cat?post=13756"},{"taxonomy":"product_tag","embeddable":true,"href":"https:\/\/palmaequipmentrental.com\/es\/wp-json\/wp\/v2\/product_tag?post=13756"}],"curies":[{"name":"wp","href":"https:\/\/api.w.org\/{rel}","templated":true}]}}