{"id":13759,"date":"2024-01-09T12:56:50","date_gmt":"2024-01-09T12:56:51","guid":{"rendered":"https:\/\/www.palmaequipmentrental.com\/?post_type=product&#038;p=13759"},"modified":"2025-06-24T15:31:41","modified_gmt":"2025-06-24T15:31:41","slug":"soporte-de-marco-skylight","status":"publish","type":"product","link":"https:\/\/palmaequipmentrental.com\/es\/photo-video-equipment-mallorca\/soporte-de-marco-skylight\/","title":{"rendered":"Soporte de Marco Skylight"},"content":{"rendered":"<p>Descubre el Soporte de Marco Skylight en Palma Equipment Rental, una herramienta vers\u00e1til para fot\u00f3grafos y cineastas profesionales en Palma de Mallorca y las Islas Baleares. Especialmente dise\u00f1ado para su uso con marcos de tela Skylite, este soporte multiusos es ideal para sesiones de moda y publicidad.<\/p>\n<p>Detalles T\u00e9cnicos:<\/p>\n<ul>\n<li>Compatible con marcos de tela Skylite<\/li>\n<li>Ajustable a anchos de 1.1 m, 1.5 m o 2 m<\/li>\n<li>Se adapta a marcos Skylite de varios tama\u00f1os: 1.1 x 1.1 m, 1.1 x 2 m, 1.5 x 1.5 m y 2 x 2 m<\/li>\n<li>Utilizable como asa, pata de soporte o para soporte en el suelo en diferentes \u00e1ngulos<\/li>\n<li>El extremo de la pata de soporte que toca el suelo tiene un gancho para f\u00e1cilmente a\u00f1adir una bolsa de arena (no incluida) para mayor estabilidad<\/li>\n<\/ul>\n<p>\u00bfPor qu\u00e9 lo necesitas? El Soporte de Marco Skylight es clave para lograr configuraciones precisas y estables, crucial para capturar esas tomas perfectas.<\/p>\n<p>En Palma Equipment Rental, proporcionamos lo mejor en equipos fotogr\u00e1ficos y de video. Con marcas como Manfrotto y Canon, y ahora el Soporte de Marco Skylight, estamos equipados para apoyar tus esfuerzos creativos. Nuestro compromiso con un servicio flexible y eficiente, complementado por soporte t\u00e9cnico 24\/7, nos posiciona como la elecci\u00f3n principal para profesionales que trabajan en Menorca, Ibiza y m\u00e1s all\u00e1.<\/p>\n","protected":false},"excerpt":{"rendered":"<p>Descubre el Soporte de Marco Skylight en Palma Equipment Rental, una herramienta vers\u00e1til para fot\u00f3grafos y cineastas profesionales en Palma de Mallorca y las Islas Baleares. Especialmente dise\u00f1ado para su uso con marcos de tela Skylite, este soporte multiusos es ideal para sesiones de moda y publicidad. Detalles T\u00e9cnicos: Compatible con marcos de tela Skylite Ajustable a anchos de 1.1 [&hellip;]<\/p>\n","protected":false},"featured_media":13763,"template":"","meta":[],"product_cat":[225,226],"product_tag":[],"class_list":{"0":"post-13759","1":"product","2":"type-product","3":"status-publish","4":"has-post-thumbnail","6":"product_cat-clamps-es","7":"product_cat-clamps2012-03-30-09-44-10-es","9":"first","10":"instock","11":"shipping-taxable","12":"purchasable","13":"product-type-simple"},"_links":{"self":[{"href":"https:\/\/palmaequipmentrental.com\/es\/wp-json\/wp\/v2\/product\/13759","targetHints":{"allow":["GET"]}}],"collection":[{"href":"https:\/\/palmaequipmentrental.com\/es\/wp-json\/wp\/v2\/product"}],"about":[{"href":"https:\/\/palmaequipmentrental.com\/es\/wp-json\/wp\/v2\/types\/product"}],"wp:featuredmedia":[{"embeddable":true,"href":"https:\/\/palmaequipmentrental.com\/es\/wp-json\/wp\/v2\/media\/13763"}],"wp:attachment":[{"href":"https:\/\/palmaequipmentrental.com\/es\/wp-json\/wp\/v2\/media?parent=13759"}],"wp:term":[{"taxonomy":"product_cat","embeddable":true,"href":"https:\/\/palmaequipmentrental.com\/es\/wp-json\/wp\/v2\/product_cat?post=13759"},{"taxonomy":"product_tag","embeddable":true,"href":"https:\/\/palmaequipmentrental.com\/es\/wp-json\/wp\/v2\/product_tag?post=13759"}],"curies":[{"name":"wp","href":"https:\/\/api.w.org\/{rel}","templated":true}]}}