{"id":13849,"date":"2024-01-15T10:20:13","date_gmt":"2024-01-15T10:20:14","guid":{"rendered":"https:\/\/www.palmaequipmentrental.com\/?post_type=product&#038;p=13849"},"modified":"2025-06-16T15:22:03","modified_gmt":"2025-06-16T15:22:03","slug":"autopole-extension-rental-mallorca","status":"publish","type":"product","link":"https:\/\/palmaequipmentrental.com\/es\/photo-video-equipment-mallorca\/autopole-extension-rental-mallorca\/","title":{"rendered":"Extensi\u00f3n de Autopole"},"content":{"rendered":"<p>Descubre la extensi\u00f3n de Autopole negra de 2m x 40mm, flexible y f\u00e1cil de transportar, en Palma Equipment Rental. Esta extensi\u00f3n es un cambio radical para fot\u00f3grafos y cineastas en Palma de Mallorca y las Islas Baleares. Es perfecta para varios usos, desde soportar fondos Colorama hasta colgar molton negro, y extender la altura de tu sistema Autopole. Su capacidad \u00fanica para conectar m\u00faltiples longitudes de 2m ofrece adaptabilidad en el set. El color negro se elige para reducir reflejos, siendo una herramienta crucial en rodajes profesionales.<\/p>\n<p>Detalles T\u00e9cnicos:<\/p>\n<ul>\n<li>Tama\u00f1o: 2 metros de largo con un di\u00e1metro de 40mm<\/li>\n<li>Color: Negro, para minimizar reflejos<\/li>\n<li>Uso: Ideal para extender Autopoles y conectar m\u00faltiples extensiones para configuraciones flexibles<\/li>\n<li>Transportable: M\u00e1s f\u00e1cil de transportar que los postes de andamio tradicionales<\/li>\n<li>Durabilidad: Robusta y fiable, perfecta para entornos profesionales<\/li>\n<\/ul>\n<p>\u00bfPor qu\u00e9 lo necesitas? La extensi\u00f3n de Autopole no solo es vers\u00e1til, sino que tambi\u00e9n es m\u00e1s f\u00e1cil de mover y configurar que el equipo tradicional, lo que la convierte en una adici\u00f3n invaluable a tu kit creativo.<\/p>\n<p>En Palma Equipment Rental, nos enorgullecemos de equipar a los profesionales creativos con herramientas vers\u00e1tiles y de alta calidad. Junto con marcas de primer nivel como Profoto y Canon, esta extensi\u00f3n de Autopole forma parte de nuestro compromiso de asegurar que tengas todo lo necesario para una sesi\u00f3n exitosa, respaldado por nuestro soporte t\u00e9cnico 24\/7, dondequiera que est\u00e9s en Menorca, Ibiza, Formentera o la pen\u00ednsula espa\u00f1ola.<\/p>\n","protected":false},"excerpt":{"rendered":"<p>Descubre la extensi\u00f3n de Autopole negra de 2m x 40mm, flexible y f\u00e1cil de transportar, en Palma Equipment Rental. Esta extensi\u00f3n es un cambio radical para fot\u00f3grafos y cineastas en Palma de Mallorca y las Islas Baleares. Es perfecta para varios usos, desde soportar fondos Colorama hasta colgar molton negro, y extender la altura de tu sistema Autopole. Su capacidad [&hellip;]<\/p>\n","protected":false},"featured_media":13846,"template":"","meta":[],"product_cat":[227,228],"product_tag":[],"class_list":{"0":"post-13849","1":"product","2":"type-product","3":"status-publish","4":"has-post-thumbnail","6":"product_cat-tripodes-de-luz-2","7":"product_cat-tripodes-de-luz","9":"first","10":"instock","11":"shipping-taxable","12":"purchasable","13":"product-type-simple"},"_links":{"self":[{"href":"https:\/\/palmaequipmentrental.com\/es\/wp-json\/wp\/v2\/product\/13849","targetHints":{"allow":["GET"]}}],"collection":[{"href":"https:\/\/palmaequipmentrental.com\/es\/wp-json\/wp\/v2\/product"}],"about":[{"href":"https:\/\/palmaequipmentrental.com\/es\/wp-json\/wp\/v2\/types\/product"}],"wp:featuredmedia":[{"embeddable":true,"href":"https:\/\/palmaequipmentrental.com\/es\/wp-json\/wp\/v2\/media\/13846"}],"wp:attachment":[{"href":"https:\/\/palmaequipmentrental.com\/es\/wp-json\/wp\/v2\/media?parent=13849"}],"wp:term":[{"taxonomy":"product_cat","embeddable":true,"href":"https:\/\/palmaequipmentrental.com\/es\/wp-json\/wp\/v2\/product_cat?post=13849"},{"taxonomy":"product_tag","embeddable":true,"href":"https:\/\/palmaequipmentrental.com\/es\/wp-json\/wp\/v2\/product_tag?post=13849"}],"curies":[{"name":"wp","href":"https:\/\/api.w.org\/{rel}","templated":true}]}}