{"id":13855,"date":"2024-01-16T17:20:04","date_gmt":"2024-01-16T17:20:05","guid":{"rendered":"https:\/\/www.palmaequipmentrental.com\/?post_type=product&#038;p=13855"},"modified":"2025-06-24T14:58:10","modified_gmt":"2025-06-24T14:58:10","slug":"regleta-mallorca-rental","status":"publish","type":"product","link":"https:\/\/palmaequipmentrental.com\/es\/photo-video-equipment-mallorca\/regleta-mallorca-rental\/","title":{"rendered":"Regleta"},"content":{"rendered":"<p>Energiza tu producci\u00f3n con el base de enchuefe m\u00f9ltiple\u00a016 amperios y 3500 vatios, tambi\u00e9n conocido como enchufe m\u00faltiple de 5 tomas, tripleta o multiplug. Esta herramienta esencial es perfecta para sesiones de foto y video en Palma de Mallorca y en todas las Islas Baleares, ofreciendo una distribuci\u00f3n de energ\u00eda confiable para varios tipos de equipos en proyectos de moda y publicidad.<\/p>\n<p>Detalles T\u00e9cnicos:<\/p>\n<ul>\n<li>Carga M\u00e1xima: 3500 vatios, ideal para manejar m\u00faltiples dispositivos de alta demanda<\/li>\n<li>Tomas: 5 enchufes (tipo Euro) para conectar m\u00faltiples equipos<\/li>\n<li>Amperaje: 16 amperios, asegurando una fuente de energ\u00eda estable y robusta<\/li>\n<li>Enchufe Tipo Euro: Compatible con enchufes est\u00e1ndar europeos<\/li>\n<\/ul>\n<p>El Strip Plug de 16 amperios y 3500 vatios ofrece una soluci\u00f3n simple para alimentar m\u00faltiples departamentos \u2014 fotograf\u00eda, maquillaje, estilismo, arte y producci\u00f3n \u2014 asegurando un flujo de trabajo colaborativo y sin problemas en el set.<\/p>\n<p>En Palma Equipment Rental, hacemos m\u00e1s que solo suministrar equipos; potenciamos la creatividad. Desde este strip plug multifuncional hasta nuestra amplia gama de equipos de primera l\u00ednea de marcas como Canon y Profoto, te equipamos para el \u00e9xito. Nuestro soporte t\u00e9cnico 24\/7 y una selecci\u00f3n integral de equipos profesionales nos hacen la primera opci\u00f3n para profesionales en Menorca, Ibiza, Formentera y la pen\u00ednsula espa\u00f1ola. Conf\u00eda en nosotros para distribuir energ\u00eda a tu proyecto de manera impecable.<\/p>\n","protected":false},"excerpt":{"rendered":"<p>Energiza tu producci\u00f3n con el base de enchuefe m\u00f9ltiple\u00a016 amperios y 3500 vatios, tambi\u00e9n conocido como enchufe m\u00faltiple de 5 tomas, tripleta o multiplug. Esta herramienta esencial es perfecta para sesiones de foto y video en Palma de Mallorca y en todas las Islas Baleares, ofreciendo una distribuci\u00f3n de energ\u00eda confiable para varios tipos de equipos en proyectos de moda [&hellip;]<\/p>\n","protected":false},"featured_media":13858,"template":"","meta":[],"product_cat":[220,221],"product_tag":[],"class_list":{"0":"post-13855","1":"product","2":"type-product","3":"status-publish","4":"has-post-thumbnail","6":"product_cat-cables-y-distribucion-2","7":"product_cat-distro-power-photo-es","9":"first","10":"instock","11":"shipping-taxable","12":"purchasable","13":"product-type-simple"},"_links":{"self":[{"href":"https:\/\/palmaequipmentrental.com\/es\/wp-json\/wp\/v2\/product\/13855","targetHints":{"allow":["GET"]}}],"collection":[{"href":"https:\/\/palmaequipmentrental.com\/es\/wp-json\/wp\/v2\/product"}],"about":[{"href":"https:\/\/palmaequipmentrental.com\/es\/wp-json\/wp\/v2\/types\/product"}],"wp:featuredmedia":[{"embeddable":true,"href":"https:\/\/palmaequipmentrental.com\/es\/wp-json\/wp\/v2\/media\/13858"}],"wp:attachment":[{"href":"https:\/\/palmaequipmentrental.com\/es\/wp-json\/wp\/v2\/media?parent=13855"}],"wp:term":[{"taxonomy":"product_cat","embeddable":true,"href":"https:\/\/palmaequipmentrental.com\/es\/wp-json\/wp\/v2\/product_cat?post=13855"},{"taxonomy":"product_tag","embeddable":true,"href":"https:\/\/palmaequipmentrental.com\/es\/wp-json\/wp\/v2\/product_tag?post=13855"}],"curies":[{"name":"wp","href":"https:\/\/api.w.org\/{rel}","templated":true}]}}