{"id":13871,"date":"2024-01-18T09:00:33","date_gmt":"2024-01-18T09:00:35","guid":{"rendered":"https:\/\/www.palmaequipmentrental.com\/?post_type=product&#038;p=13871"},"modified":"2025-06-27T17:13:07","modified_gmt":"2025-06-27T17:13:07","slug":"tetherblock-2","status":"publish","type":"product","link":"https:\/\/palmaequipmentrental.com\/es\/photo-video-equipment-mallorca\/tetherblock-2\/","title":{"rendered":"Tether Block"},"content":{"rendered":"<p>Mejora tu experiencia de fotograf\u00eda conectada con el TetherBlock de Tether Tools, ahora disponible en Palma Equipment Rental. Ideal para fot\u00f3grafos en Palma de Mallorca y en todas las Islas Baleares, este accesorio es crucial para mantener tus cables firmemente conectados a tu c\u00e1mara durante sesiones de moda ajetreadas y rodajes publicitarios din\u00e1micos.<\/p>\n<ul>\n<li>Sujeci\u00f3n Segura: Asegura que los cables permanezcan conectados a la c\u00e1mara.<\/li>\n<li>Compatibilidad: Adecuado para varios tipos de cables y modelos de c\u00e1maras.<\/li>\n<li>Dise\u00f1o Duradero: Elaborado para resistir entornos de rodaje profesionales.<\/li>\n<\/ul>\n<p>El TetherBlock es una herramienta clave para prevenir desconexiones y mantener un flujo de trabajo ininterrumpido, esencial para proteger contra la p\u00e9rdida de datos y ahorrar tiempo valioso.<\/p>\n<p>En Palma Equipment Rental, ofrecemos m\u00e1s que equipo; brindamos tranquilidad. Junto a nuestra amplia gama de equipo profesional, incluyendo el TetherBlock y marcas de primer nivel como Canon y Nikon, estamos dedicados a apoyar cada aspecto de tu sesi\u00f3n. Con nuestro soporte t\u00e9cnico disponible las 24 horas, ten la seguridad de que tienes las herramientas adecuadas para cada proyecto en Menorca, Ibiza, Formentera y la pen\u00ednsula espa\u00f1ola.<\/p>\n","protected":false},"excerpt":{"rendered":"<p>Mejora tu experiencia de fotograf\u00eda conectada con el TetherBlock de Tether Tools, ahora disponible en Palma Equipment Rental. Ideal para fot\u00f3grafos en Palma de Mallorca y en todas las Islas Baleares, este accesorio es crucial para mantener tus cables firmemente conectados a tu c\u00e1mara durante sesiones de moda ajetreadas y rodajes publicitarios din\u00e1micos. Sujeci\u00f3n Segura: Asegura que los cables permanezcan [&hellip;]<\/p>\n","protected":false},"featured_media":13874,"template":"","meta":[],"product_cat":[408],"product_tag":[],"class_list":{"0":"post-13871","1":"product","2":"type-product","3":"status-publish","4":"has-post-thumbnail","6":"product_cat-cables-tether","8":"first","9":"instock","10":"shipping-taxable","11":"purchasable","12":"product-type-simple"},"_links":{"self":[{"href":"https:\/\/palmaequipmentrental.com\/es\/wp-json\/wp\/v2\/product\/13871","targetHints":{"allow":["GET"]}}],"collection":[{"href":"https:\/\/palmaequipmentrental.com\/es\/wp-json\/wp\/v2\/product"}],"about":[{"href":"https:\/\/palmaequipmentrental.com\/es\/wp-json\/wp\/v2\/types\/product"}],"wp:featuredmedia":[{"embeddable":true,"href":"https:\/\/palmaequipmentrental.com\/es\/wp-json\/wp\/v2\/media\/13874"}],"wp:attachment":[{"href":"https:\/\/palmaequipmentrental.com\/es\/wp-json\/wp\/v2\/media?parent=13871"}],"wp:term":[{"taxonomy":"product_cat","embeddable":true,"href":"https:\/\/palmaequipmentrental.com\/es\/wp-json\/wp\/v2\/product_cat?post=13871"},{"taxonomy":"product_tag","embeddable":true,"href":"https:\/\/palmaequipmentrental.com\/es\/wp-json\/wp\/v2\/product_tag?post=13871"}],"curies":[{"name":"wp","href":"https:\/\/api.w.org\/{rel}","templated":true}]}}