{"id":14010,"date":"2024-02-13T13:18:27","date_gmt":"2024-02-13T13:18:28","guid":{"rendered":"https:\/\/www.palmaequipmentrental.com\/?post_type=product&#038;p=14010"},"modified":"2025-06-18T15:50:05","modified_gmt":"2025-06-18T15:50:05","slug":"nikon-ftz-ii-adaptador","status":"publish","type":"product","link":"https:\/\/palmaequipmentrental.com\/es\/photo-video-equipment-mallorca\/nikon-ftz-ii-adaptador\/","title":{"rendered":"Nikon FTZ II Adaptador"},"content":{"rendered":"<p>En Palma Equipment Rental, tus ambiciones creativas en Palma de Mallorca y sus alrededores encuentran el equipo adecuado con nuestro adaptador de lentes Nikon FTZ II. Este adaptador une tus lentes de montura F de Nikon con las c\u00e1maras sin espejo de la serie Z, expandiendo tus posibilidades fotogr\u00e1ficas sin comprometer la calidad de imagen o el rendimiento del enfoque autom\u00e1tico.<\/p>\n<ul>\n<li><strong>Detalles T\u00e9cnicos:<\/strong>\n<ul>\n<li>Integraci\u00f3n perfecta de lentes de montura F con cuerpos de la serie Z<\/li>\n<li>Mantiene todas las capacidades de enfoque autom\u00e1tico y estabilizaci\u00f3n de imagen<\/li>\n<li>Dise\u00f1o ligero y duradero para una f\u00e1cil portabilidad<\/li>\n<li>Sin p\u00e9rdida de calidad de imagen, asegurando que tus fotos y videos resalten<\/li>\n<li>F\u00e1cil de usar, permitiendo cambios r\u00e1pidos sobre la marcha<\/li>\n<\/ul>\n<\/li>\n<\/ul>\n<p>El adaptador de lentes Nikon FTZ II es imprescindible para fot\u00f3grafos que buscan aprovechar su colecci\u00f3n existente de lentes de montura F con las \u00faltimas c\u00e1maras sin espejo de la serie Z.<\/p>\n<p>En Palma Equipment Rental, nos especializamos en proporcionar servicios de alquiler de equipos fotogr\u00e1ficos y de video de primera calidad en Palma de Mallorca, las Islas Baleares y la Espa\u00f1a peninsular. Nuestra extensa colecci\u00f3n cuenta no solo con el adaptador de lentes Nikon FTZ II, sino tambi\u00e9n con una amplia gama de c\u00e1maras profesionales, lentes, iluminaci\u00f3n y equipo de producci\u00f3n de marcas l\u00edderes. Con nuestro compromiso con la calidad, la flexibilidad y el soporte 24\/7, aseguramos que tu proyecto est\u00e9 equipado para el \u00e9xito. Sum\u00e9rgete en un mundo donde tu creatividad no conoce l\u00edmites con Palma Equipment Rental, donde potenciamos tu visi\u00f3n con las herramientas adecuadas.<\/p>\n","protected":false},"excerpt":{"rendered":"<p>En Palma Equipment Rental, tus ambiciones creativas en Palma de Mallorca y sus alrededores encuentran el equipo adecuado con nuestro adaptador de lentes Nikon FTZ II. Este adaptador une tus lentes de montura F de Nikon con las c\u00e1maras sin espejo de la serie Z, expandiendo tus posibilidades fotogr\u00e1ficas sin comprometer la calidad de imagen o el rendimiento del enfoque [&hellip;]<\/p>\n","protected":false},"featured_media":14013,"template":"","meta":[],"product_cat":[402,448],"product_tag":[],"class_list":{"0":"post-14010","1":"product","2":"type-product","3":"status-publish","4":"has-post-thumbnail","6":"product_cat-objetivos-nikon","7":"product_cat-objetivos-nikon-es","9":"first","10":"instock","11":"shipping-taxable","12":"purchasable","13":"product-type-simple"},"_links":{"self":[{"href":"https:\/\/palmaequipmentrental.com\/es\/wp-json\/wp\/v2\/product\/14010","targetHints":{"allow":["GET"]}}],"collection":[{"href":"https:\/\/palmaequipmentrental.com\/es\/wp-json\/wp\/v2\/product"}],"about":[{"href":"https:\/\/palmaequipmentrental.com\/es\/wp-json\/wp\/v2\/types\/product"}],"wp:featuredmedia":[{"embeddable":true,"href":"https:\/\/palmaequipmentrental.com\/es\/wp-json\/wp\/v2\/media\/14013"}],"wp:attachment":[{"href":"https:\/\/palmaequipmentrental.com\/es\/wp-json\/wp\/v2\/media?parent=14010"}],"wp:term":[{"taxonomy":"product_cat","embeddable":true,"href":"https:\/\/palmaequipmentrental.com\/es\/wp-json\/wp\/v2\/product_cat?post=14010"},{"taxonomy":"product_tag","embeddable":true,"href":"https:\/\/palmaequipmentrental.com\/es\/wp-json\/wp\/v2\/product_tag?post=14010"}],"curies":[{"name":"wp","href":"https:\/\/api.w.org\/{rel}","templated":true}]}}