{"id":14017,"date":"2024-02-21T13:37:45","date_gmt":"2024-02-21T13:37:46","guid":{"rendered":"https:\/\/www.palmaequipmentrental.com\/?post_type=product&#038;p=14017"},"modified":"2025-06-12T13:42:49","modified_gmt":"2025-06-12T13:42:49","slug":"aladdin-all-in-2-bi-colorrgb-30x60-1","status":"publish","type":"product","link":"https:\/\/palmaequipmentrental.com\/es\/photo-video-equipment-mallorca\/aladdin-all-in-2-bi-colorrgb-30x60-1\/","title":{"rendered":"Aladdin ALL-IN 2 Bi Color\/RGB 30&#215;60"},"content":{"rendered":"<p>Ilumina tu proyecto con el Kit de Gaffer Aladdin ALL-IN 2 de Palma Equipment Rental, tu fuente principal para equipo fotogr\u00e1fico profesional en Palma de Mallorca, Espa\u00f1a. Atendiendo a fot\u00f3grafos y vide\u00f3grafos que trabajan en sesiones de moda y publicidad en las Islas Baleares y en toda Espa\u00f1a, este kit combina las capacidades de bi-color y RGB para una flexibilidad de iluminaci\u00f3n sin igual.<\/p>\n<p>Incluido en el kit est\u00e1n las herramientas esenciales para una iluminaci\u00f3n creativa:<\/p>\n<ul>\n<li>1x Panel LED ALL-IN 2 de color, que mezcla configuraciones de tungsteno a luz diurna con colores RGB vibrantes.<\/li>\n<li>1x Difusor, 1x Softbox y 1x Rejilla para Softbox para esculpir y suavizar tu iluminaci\u00f3n.<\/li>\n<li>Adaptador de energ\u00eda para bater\u00eda V-Lock para sesiones de filmaci\u00f3n extendidas en locaci\u00f3n sin preocupaciones por fuentes de energ\u00eda.<\/li>\n<li>Controlador DMX para ajustes de iluminaci\u00f3n de precisi\u00f3n e integraci\u00f3n en configuraciones complejas.<\/li>\n<\/ul>\n<p>Notablemente ligero, este kit te permite llevar iluminaci\u00f3n de grado profesional a cualquier ubicaci\u00f3n sin esfuerzo. Ya sea que captures las sutilezas de la iluminaci\u00f3n bi-color o la din\u00e1mica de los tonos RGB, el kit ALL-IN 2 es tu soluci\u00f3n para hacer que cada toma sea impecable.<\/p>\n<p>Elegir el Kit de Gaffer Aladdin ALL-IN 2 de Palma Equipment Rental no solo significa acceso a soluciones de iluminaci\u00f3n de primera categor\u00eda, sino tambi\u00e9n nuestro compromiso con la flexibilidad, eficiencia y soporte integral. Ilumina tu pr\u00f3xima sesi\u00f3n con la sofisticaci\u00f3n y creatividad que solo nuestra selecci\u00f3n y servicio pueden proporcionar, asegurando que tu trabajo destaque con la iluminaci\u00f3n de la m\u00e1s alta calidad.<\/p>\n","protected":false},"excerpt":{"rendered":"<p>Ilumina tu proyecto con el Kit de Gaffer Aladdin ALL-IN 2 de Palma Equipment Rental, tu fuente principal para equipo fotogr\u00e1fico profesional en Palma de Mallorca, Espa\u00f1a. Atendiendo a fot\u00f3grafos y vide\u00f3grafos que trabajan en sesiones de moda y publicidad en las Islas Baleares y en toda Espa\u00f1a, este kit combina las capacidades de bi-color y RGB para una flexibilidad [&hellip;]<\/p>\n","protected":false},"featured_media":14023,"template":"","meta":[],"product_cat":[238,239],"product_tag":[],"class_list":{"0":"post-14017","1":"product","2":"type-product","3":"status-publish","4":"has-post-thumbnail","6":"product_cat-led","7":"product_cat-luz-led","9":"first","10":"instock","11":"shipping-taxable","12":"purchasable","13":"product-type-simple"},"_links":{"self":[{"href":"https:\/\/palmaequipmentrental.com\/es\/wp-json\/wp\/v2\/product\/14017","targetHints":{"allow":["GET"]}}],"collection":[{"href":"https:\/\/palmaequipmentrental.com\/es\/wp-json\/wp\/v2\/product"}],"about":[{"href":"https:\/\/palmaequipmentrental.com\/es\/wp-json\/wp\/v2\/types\/product"}],"wp:featuredmedia":[{"embeddable":true,"href":"https:\/\/palmaequipmentrental.com\/es\/wp-json\/wp\/v2\/media\/14023"}],"wp:attachment":[{"href":"https:\/\/palmaequipmentrental.com\/es\/wp-json\/wp\/v2\/media?parent=14017"}],"wp:term":[{"taxonomy":"product_cat","embeddable":true,"href":"https:\/\/palmaequipmentrental.com\/es\/wp-json\/wp\/v2\/product_cat?post=14017"},{"taxonomy":"product_tag","embeddable":true,"href":"https:\/\/palmaequipmentrental.com\/es\/wp-json\/wp\/v2\/product_tag?post=14017"}],"curies":[{"name":"wp","href":"https:\/\/api.w.org\/{rel}","templated":true}]}}