{"id":14074,"date":"2024-05-08T09:28:22","date_gmt":"2024-05-08T09:28:22","guid":{"rendered":"https:\/\/www.palmaequipmentrental.com\/product\/nisi-c5-matte-box\/"},"modified":"2024-05-08T09:31:53","modified_gmt":"2024-05-08T09:31:53","slug":"nisi-c5-matte-box","status":"publish","type":"product","link":"https:\/\/palmaequipmentrental.com\/es\/photo-video-equipment-mallorca\/nisi-c5-matte-box\/","title":{"rendered":"NiSi C5 Cine Caja Mate"},"content":{"rendered":"<p>Capta tu visi\u00f3n con precisi\u00f3n usando el Nisi C5 Mattebox, ahora disponible para alquiler en Palma Equipment Rental. Este mattebox compacto y vers\u00e1til es esencial para controlar la entrada de luz y reducir los destellos de lente, ayud\u00e1ndote a producir im\u00e1genes n\u00edtidas y de alta calidad con facilidad.<\/p>\n<p><strong>Detalles T\u00e9cnicos:<\/strong><\/p>\n<ul>\n<li>Construcci\u00f3n de aluminio, pl\u00e1stico compuesto y fibra de carbono<\/li>\n<li>Dise\u00f1o ligero y sin necesidad de rieles<\/li>\n<li>Compatible con lentes de cine de 95mm y lentes con roscas de filtro de hasta 82mm<\/li>\n<li>Sin vi\u00f1eteado a 15mm (formato completo)<\/li>\n<li>Soporta filtros de 4&#215;4\u201d, 4&#215;5.65\u201d y filtros rotativos NiSi C5<\/li>\n<li>Incluye una bandera superior de fibra de carbono ajustable para un control de luz mejorado<\/li>\n<\/ul>\n<p>El Nisi C5 Mattebox es imprescindible para fot\u00f3grafos y cineastas que buscan mejorar la claridad y precisi\u00f3n de color en sus producciones.<\/p>\n<p>En Palma Equipment Rental, proporcionamos equipos de primera categor\u00eda, desde iluminaci\u00f3n Profoto hasta c\u00e1maras Canon, todos disponibles para tus necesidades profesionales. Ubicados en Palma de Mallorca y ofreciendo servicio en todas las Islas Baleares y la pen\u00ednsula, ofrecemos soporte t\u00e9cnico 24\/7 y un compromiso con un servicio flexible y eficiente. Equ\u00edpate con lo mejor en Palma Equipment Rental y asegura que tu pr\u00f3xima sesi\u00f3n transcurra sin problemas con nuestra amplia gama de equipo profesional.<\/p>\n","protected":false},"excerpt":{"rendered":"<p>Capta tu visi\u00f3n con precisi\u00f3n usando el Nisi C5 Mattebox, ahora disponible para alquiler en Palma Equipment Rental. Este mattebox compacto y vers\u00e1til es esencial para controlar la entrada de luz y reducir los destellos de lente, ayud\u00e1ndote a producir im\u00e1genes n\u00edtidas y de alta calidad con facilidad. Detalles T\u00e9cnicos: Construcci\u00f3n de aluminio, pl\u00e1stico compuesto y fibra de carbono Dise\u00f1o [&hellip;]<\/p>\n","protected":false},"featured_media":14056,"template":"","meta":[],"product_cat":[405,446],"product_tag":[],"class_list":{"0":"post-14074","1":"product","2":"type-product","3":"status-publish","4":"has-post-thumbnail","6":"product_cat-filtros-es","7":"product_cat-filtros-anillos-adaptadores","9":"first","10":"instock","11":"shipping-taxable","12":"purchasable","13":"product-type-simple"},"_links":{"self":[{"href":"https:\/\/palmaequipmentrental.com\/es\/wp-json\/wp\/v2\/product\/14074","targetHints":{"allow":["GET"]}}],"collection":[{"href":"https:\/\/palmaequipmentrental.com\/es\/wp-json\/wp\/v2\/product"}],"about":[{"href":"https:\/\/palmaequipmentrental.com\/es\/wp-json\/wp\/v2\/types\/product"}],"wp:featuredmedia":[{"embeddable":true,"href":"https:\/\/palmaequipmentrental.com\/es\/wp-json\/wp\/v2\/media\/14056"}],"wp:attachment":[{"href":"https:\/\/palmaequipmentrental.com\/es\/wp-json\/wp\/v2\/media?parent=14074"}],"wp:term":[{"taxonomy":"product_cat","embeddable":true,"href":"https:\/\/palmaequipmentrental.com\/es\/wp-json\/wp\/v2\/product_cat?post=14074"},{"taxonomy":"product_tag","embeddable":true,"href":"https:\/\/palmaequipmentrental.com\/es\/wp-json\/wp\/v2\/product_tag?post=14074"}],"curies":[{"name":"wp","href":"https:\/\/api.w.org\/{rel}","templated":true}]}}