{"id":14078,"date":"2024-05-08T09:43:01","date_gmt":"2024-05-08T09:43:01","guid":{"rendered":"https:\/\/www.palmaequipmentrental.com\/?post_type=product&#038;p=14078"},"modified":"2025-06-19T16:40:44","modified_gmt":"2025-06-19T16:40:44","slug":"nisi-nd-variable-1-5-stops","status":"publish","type":"product","link":"https:\/\/palmaequipmentrental.com\/es\/photo-video-equipment-mallorca\/nisi-nd-variable-1-5-stops\/","title":{"rendered":"NiSi ND Variable de 1 a 5 stops"},"content":{"rendered":"<p>Logra un control experto de la exposici\u00f3n y una precisi\u00f3n verdadera en el color con el filtro variable NiSi Cine True Color ND de 1 a 5 stops, dise\u00f1ado para el mattebox C5 y disponible para alquilar en Palma Equipment Rental. Este filtro de densidad neutra variable de ingenier\u00eda precisa te permite ajustar la exposici\u00f3n de la luz de 1 a 5 stops sin problemas, asegurando que no comprometas el equilibrio de color de tus tomas.<\/p>\n<p><strong>Detalles t\u00e9cnicos:<\/strong><\/p>\n<ul>\n<li>Compatible con el mattebox NiSi C5<\/li>\n<li>Densidad neutra variable de 0.3 a 1.5 (1 a 5 stops de reducci\u00f3n de luz)<\/li>\n<li>Vidrio \u00f3ptico giratorio para ajustes precisos de exposici\u00f3n<\/li>\n<li>Engranaje de control de enfoque M0.8 para ajustes manuales o motorizados<\/li>\n<li>Tecnolog\u00eda True Color para una reproducci\u00f3n precisa del color en todas las condiciones de iluminaci\u00f3n<\/li>\n<\/ul>\n<p>El filtro variable NiSi Cine True Color ND es indispensable para cineastas y fot\u00f3grafos que buscan resultados profesionales en escenarios de luz variable.<\/p>\n<p>En Palma Equipment Rental, equipamos a los profesionales creativos con herramientas de alta calidad necesarias para dar vida a sus visiones art\u00edsticas. Ubicados en Palma de Mallorca y extendiendo servicios a trav\u00e9s de las Islas Baleares y la pen\u00ednsula espa\u00f1ola, proporcionamos no solo equipos de primera categor\u00eda sino tambi\u00e9n un servicio al cliente flexible y eficiente y soporte t\u00e9cnico las 24 horas. Colabore con nosotros para asegurar que su pr\u00f3xima producci\u00f3n est\u00e9 equipada con lo mejor, haciendo que cada rodaje sea excepcional.<\/p>\n","protected":false},"excerpt":{"rendered":"<p>Logra un control experto de la exposici\u00f3n y una precisi\u00f3n verdadera en el color con el filtro variable NiSi Cine True Color ND de 1 a 5 stops, dise\u00f1ado para el mattebox C5 y disponible para alquilar en Palma Equipment Rental. Este filtro de densidad neutra variable de ingenier\u00eda precisa te permite ajustar la exposici\u00f3n de la luz de 1 [&hellip;]<\/p>\n","protected":false},"featured_media":14071,"template":"","meta":[],"product_cat":[405,446],"product_tag":[],"class_list":{"0":"post-14078","1":"product","2":"type-product","3":"status-publish","4":"has-post-thumbnail","6":"product_cat-filtros-es","7":"product_cat-filtros-anillos-adaptadores","9":"first","10":"instock","11":"shipping-taxable","12":"purchasable","13":"product-type-simple"},"_links":{"self":[{"href":"https:\/\/palmaequipmentrental.com\/es\/wp-json\/wp\/v2\/product\/14078","targetHints":{"allow":["GET"]}}],"collection":[{"href":"https:\/\/palmaequipmentrental.com\/es\/wp-json\/wp\/v2\/product"}],"about":[{"href":"https:\/\/palmaequipmentrental.com\/es\/wp-json\/wp\/v2\/types\/product"}],"wp:featuredmedia":[{"embeddable":true,"href":"https:\/\/palmaequipmentrental.com\/es\/wp-json\/wp\/v2\/media\/14071"}],"wp:attachment":[{"href":"https:\/\/palmaequipmentrental.com\/es\/wp-json\/wp\/v2\/media?parent=14078"}],"wp:term":[{"taxonomy":"product_cat","embeddable":true,"href":"https:\/\/palmaequipmentrental.com\/es\/wp-json\/wp\/v2\/product_cat?post=14078"},{"taxonomy":"product_tag","embeddable":true,"href":"https:\/\/palmaequipmentrental.com\/es\/wp-json\/wp\/v2\/product_tag?post=14078"}],"curies":[{"name":"wp","href":"https:\/\/api.w.org\/{rel}","templated":true}]}}