{"id":14081,"date":"2024-05-08T10:01:56","date_gmt":"2024-05-08T10:01:57","guid":{"rendered":"https:\/\/www.palmaequipmentrental.com\/?post_type=product&#038;p=14081"},"modified":"2025-06-18T15:55:24","modified_gmt":"2025-06-18T15:55:24","slug":"nisi-filtro-polarizador-rotativo","status":"publish","type":"product","link":"https:\/\/palmaequipmentrental.com\/es\/photo-video-equipment-mallorca\/nisi-filtro-polarizador-rotativo\/","title":{"rendered":"NiSi Filtro Polarizador Rotativo"},"content":{"rendered":"<p>Mejora tu narrativa visual con el filtro polarizador giratorio NiSi para el mattebox C5, ahora disponible para alquilar en Palma Equipment Rental. Este filtro polarizador especializado no solo minimiza los reflejos y deslumbramientos no deseados, sino que tambi\u00e9n disipa la neblina, proporcionando im\u00e1genes m\u00e1s claras y v\u00edvidas. Su dise\u00f1o giratorio permite un control preciso sobre la cantidad de polarizaci\u00f3n, lo que lo hace ideal tanto para fotograf\u00eda fija como para videograf\u00eda.<\/p>\n<p><strong>Detalles t\u00e9cnicos:<\/strong><\/p>\n<ul>\n<li>Compatible con el mattebox NiSi C5<\/li>\n<li>Filtro polarizador PL montado<\/li>\n<li>Vidrio \u00f3ptico giratorio para un ajuste preciso de la polarizaci\u00f3n<\/li>\n<li>Engranaje de control de enfoque M0.8 permite ajustes manuales o motorizados<\/li>\n<li>Ayuda a eliminar reflejos y deslumbramiento, reduce la neblina<\/li>\n<li>La tecnolog\u00eda True Color asegura que no hay tonalidad c\u00e1lida, a diferencia de otros filtros polarizadores<\/li>\n<\/ul>\n<p>Este filtro polarizador es una herramienta vital para cualquiera que busque mejorar la calidad de sus im\u00e1genes controlando los reflejos de luz y logrando colores fieles a la realidad.<\/p>\n<p>En Palma Equipment Rental, ubicados en el coraz\u00f3n de Palma de Mallorca y sirviendo a las Islas Baleares y la pen\u00ednsula espa\u00f1ola, ofrecemos solo lo mejor en equipo fotogr\u00e1fico y de video. Nuestro compromiso de proporcionar un servicio flexible y eficiente, junto con soporte t\u00e9cnico 24\/7, asegura que cada aspecto de tu experiencia de alquiler sea impecable. El\u00edgenos para tu pr\u00f3ximo proyecto y benef\u00edciate de nuestra amplia gama de equipo profesional, dise\u00f1ado para elevar tu trabajo creativo.<\/p>\n","protected":false},"excerpt":{"rendered":"<p>Mejora tu narrativa visual con el filtro polarizador giratorio NiSi para el mattebox C5, ahora disponible para alquilar en Palma Equipment Rental. Este filtro polarizador especializado no solo minimiza los reflejos y deslumbramientos no deseados, sino que tambi\u00e9n disipa la neblina, proporcionando im\u00e1genes m\u00e1s claras y v\u00edvidas. Su dise\u00f1o giratorio permite un control preciso sobre la cantidad de polarizaci\u00f3n, lo [&hellip;]<\/p>\n","protected":false},"featured_media":14065,"template":"","meta":[],"product_cat":[405,446],"product_tag":[],"class_list":{"0":"post-14081","1":"product","2":"type-product","3":"status-publish","4":"has-post-thumbnail","6":"product_cat-filtros-es","7":"product_cat-filtros-anillos-adaptadores","9":"first","10":"instock","11":"shipping-taxable","12":"purchasable","13":"product-type-simple"},"_links":{"self":[{"href":"https:\/\/palmaequipmentrental.com\/es\/wp-json\/wp\/v2\/product\/14081","targetHints":{"allow":["GET"]}}],"collection":[{"href":"https:\/\/palmaequipmentrental.com\/es\/wp-json\/wp\/v2\/product"}],"about":[{"href":"https:\/\/palmaequipmentrental.com\/es\/wp-json\/wp\/v2\/types\/product"}],"wp:featuredmedia":[{"embeddable":true,"href":"https:\/\/palmaequipmentrental.com\/es\/wp-json\/wp\/v2\/media\/14065"}],"wp:attachment":[{"href":"https:\/\/palmaequipmentrental.com\/es\/wp-json\/wp\/v2\/media?parent=14081"}],"wp:term":[{"taxonomy":"product_cat","embeddable":true,"href":"https:\/\/palmaequipmentrental.com\/es\/wp-json\/wp\/v2\/product_cat?post=14081"},{"taxonomy":"product_tag","embeddable":true,"href":"https:\/\/palmaequipmentrental.com\/es\/wp-json\/wp\/v2\/product_tag?post=14081"}],"curies":[{"name":"wp","href":"https:\/\/api.w.org\/{rel}","templated":true}]}}