{"id":14084,"date":"2024-05-13T08:12:39","date_gmt":"2024-05-13T08:12:40","guid":{"rendered":"https:\/\/www.palmaequipmentrental.com\/?post_type=product&#038;p=14084"},"modified":"2025-06-18T15:55:54","modified_gmt":"2025-06-18T15:55:54","slug":"nisi-filtros-ir-nd-4x5-65","status":"publish","type":"product","link":"https:\/\/palmaequipmentrental.com\/es\/photo-video-equipment-mallorca\/nisi-filtros-ir-nd-4x5-65\/","title":{"rendered":"NiSi Filtros IR ND 4&#215;5.65&#8243;"},"content":{"rendered":"<p>Domina las condiciones de iluminaci\u00f3n desafiantes con los Filtros IRND de NiSi, disponibles en tama\u00f1os de 4&#215;5.65 pulgadas y densidades de .3, .6, .9 y 1.2, ahora en alquiler en Palma Equipment Rental. Estos filtros de densidad neutra infrarroja gestionan precisamente la exposici\u00f3n a la luz mientras mantienen la verdadera integridad del color de tus escenas. Est\u00e1n dise\u00f1ados para reducir tanto la luz visible como la infrarroja, asegurando que tus im\u00e1genes permanezcan claras y no afectadas por los cambios de color t\u00edpicamente asociados con la filtraci\u00f3n ND.<\/p>\n<p><strong>Detalles t\u00e9cnicos:<\/strong><\/p>\n<ul>\n<li>Tama\u00f1os disponibles: 4&#215;5.65 pulgadas<\/li>\n<li>Densidades disponibles: .3 (1 stop), .6 (2 stops), .9 (3 stops), y 1.2 (4 stops)<\/li>\n<li>Tecnolog\u00eda de Densidad Neutra Infrarroja (IRND) que reduce tanto la luz visible como la infrarroja<\/li>\n<li>Mantiene la fidelidad del color previniendo cambios de color<\/li>\n<li>Construcci\u00f3n de vidrio \u00f3ptico de alta calidad para una claridad de imagen \u00f3ptima<\/li>\n<\/ul>\n<p>Los Filtros IRND de NiSi son esenciales para cineastas y fot\u00f3grafos que exigen un control preciso sobre la iluminaci\u00f3n sin comprometer la precisi\u00f3n del color.<\/p>\n<p>En Palma Equipment Rental, nos especializamos en proporcionar el mejor equipo fotogr\u00e1fico y cinematogr\u00e1fico. Ubicados en Palma de Mallorca y dando servicio a las Islas Baleares y la pen\u00ednsula espa\u00f1ola, aseguramos que nuestros clientes tengan acceso a equipo de primera. Nuestro servicio flexible, eficiente y soporte t\u00e9cnico 24\/7 est\u00e1n dise\u00f1ados para satisfacer las demandas de creadores de im\u00e1genes fijas y en movimiento. Equipe su pr\u00f3ximo rodaje con nuestra gama profesional y logre resultados impecables cada vez.<\/p>\n","protected":false},"excerpt":{"rendered":"<p>Domina las condiciones de iluminaci\u00f3n desafiantes con los Filtros IRND de NiSi, disponibles en tama\u00f1os de 4&#215;5.65 pulgadas y densidades de .3, .6, .9 y 1.2, ahora en alquiler en Palma Equipment Rental. Estos filtros de densidad neutra infrarroja gestionan precisamente la exposici\u00f3n a la luz mientras mantienen la verdadera integridad del color de tus escenas. Est\u00e1n dise\u00f1ados para reducir [&hellip;]<\/p>\n","protected":false},"featured_media":14062,"template":"","meta":[],"product_cat":[405,446],"product_tag":[],"class_list":{"0":"post-14084","1":"product","2":"type-product","3":"status-publish","4":"has-post-thumbnail","6":"product_cat-filtros-es","7":"product_cat-filtros-anillos-adaptadores","9":"first","10":"instock","11":"shipping-taxable","12":"purchasable","13":"product-type-simple"},"_links":{"self":[{"href":"https:\/\/palmaequipmentrental.com\/es\/wp-json\/wp\/v2\/product\/14084","targetHints":{"allow":["GET"]}}],"collection":[{"href":"https:\/\/palmaequipmentrental.com\/es\/wp-json\/wp\/v2\/product"}],"about":[{"href":"https:\/\/palmaequipmentrental.com\/es\/wp-json\/wp\/v2\/types\/product"}],"wp:featuredmedia":[{"embeddable":true,"href":"https:\/\/palmaequipmentrental.com\/es\/wp-json\/wp\/v2\/media\/14062"}],"wp:attachment":[{"href":"https:\/\/palmaequipmentrental.com\/es\/wp-json\/wp\/v2\/media?parent=14084"}],"wp:term":[{"taxonomy":"product_cat","embeddable":true,"href":"https:\/\/palmaequipmentrental.com\/es\/wp-json\/wp\/v2\/product_cat?post=14084"},{"taxonomy":"product_tag","embeddable":true,"href":"https:\/\/palmaequipmentrental.com\/es\/wp-json\/wp\/v2\/product_tag?post=14084"}],"curies":[{"name":"wp","href":"https:\/\/api.w.org\/{rel}","templated":true}]}}