{"id":14133,"date":"2024-05-23T11:19:55","date_gmt":"2024-05-23T11:19:55","guid":{"rendered":"https:\/\/www.palmaequipmentrental.com\/?post_type=product&#038;p=14133"},"modified":"2024-05-23T11:26:58","modified_gmt":"2024-05-23T11:26:58","slug":"insta360-x3-action-camera","status":"publish","type":"product","link":"https:\/\/palmaequipmentrental.com\/es\/photo-video-equipment-mallorca\/insta360-x3-action-camera\/","title":{"rendered":"Insta360 X3 Camara de Acci\u00f3n"},"content":{"rendered":"<p>Captura contenido inmersivo en 360\u00b0 con la Insta360 X3 y el Palo Selfie Invisible, disponible para alquiler en Palma Equipment Rental. Esta innovadora c\u00e1mara es perfecta para fot\u00f3grafos, vide\u00f3grafos y creadores de contenido que buscan crear tomas din\u00e1micas y envolventes. Es una herramienta esencial tanto para estudios como para sesiones en exteriores, incluyendo bodas y creaci\u00f3n de contenido para redes sociales.<\/p>\n<p>Detalles t\u00e9cnicos:<\/p>\n<ul>\n<li>Grabaci\u00f3n de video en 360\u00b0 a resoluci\u00f3n de 5.7K<\/li>\n<li>Estabilizaci\u00f3n FlowState para metraje fluido<\/li>\n<li>Resistente al agua hasta 10 metros<\/li>\n<li>Duales sensores de 1\/2&#8243; y 48MP<\/li>\n<li>Palo Selfie Invisible para tomas de 360\u00b0 sin interrupciones<\/li>\n<li>Pantalla t\u00e1ctil para una f\u00e1cil navegaci\u00f3n<\/li>\n<li>Modos de time-lapse en 8K y bullet time en 4K<\/li>\n<\/ul>\n<p>La Insta360 X3 con Palo Selfie Invisible ofrece una flexibilidad y creatividad incomparables, lo que la hace ideal para capturar visuales impresionantes en campa\u00f1as de moda, publicidad, contenido para redes sociales y bodas.<\/p>\n<p>En Palma Equipment Rental, con sede en Palma de Mallorca, Espa\u00f1a, proporcionamos equipos fotogr\u00e1ficos, de video y de producci\u00f3n de primera calidad para profesionales. Servimos a las Islas Baleares y a la Espa\u00f1a peninsular, con un inventario que incluye marcas l\u00edderes como Profoto, Arri y Manfrotto. Con un servicio flexible, eficiente y amigable, adem\u00e1s de soporte t\u00e9cnico 24\/7, aseguramos que tus proyectos creativos se desarrollen sin problemas. Alquila el mejor equipo para dar vida a tu visi\u00f3n.<\/p>\n","protected":false},"excerpt":{"rendered":"<p>Captura contenido inmersivo en 360\u00b0 con la Insta360 X3 y el Palo Selfie Invisible, disponible para alquiler en Palma Equipment Rental. Esta innovadora c\u00e1mara es perfecta para fot\u00f3grafos, vide\u00f3grafos y creadores de contenido que buscan crear tomas din\u00e1micas y envolventes. Es una herramienta esencial tanto para estudios como para sesiones en exteriores, incluyendo bodas y creaci\u00f3n de contenido para redes [&hellip;]<\/p>\n","protected":false},"featured_media":14059,"template":"","meta":[],"product_cat":[203,197],"product_tag":[],"class_list":{"0":"post-14133","1":"product","2":"type-product","3":"status-publish","4":"has-post-thumbnail","6":"product_cat-camara-cuerpos-2","7":"product_cat-cuerpos-camara","9":"first","10":"instock","11":"shipping-taxable","12":"purchasable","13":"product-type-simple"},"_links":{"self":[{"href":"https:\/\/palmaequipmentrental.com\/es\/wp-json\/wp\/v2\/product\/14133","targetHints":{"allow":["GET"]}}],"collection":[{"href":"https:\/\/palmaequipmentrental.com\/es\/wp-json\/wp\/v2\/product"}],"about":[{"href":"https:\/\/palmaequipmentrental.com\/es\/wp-json\/wp\/v2\/types\/product"}],"wp:featuredmedia":[{"embeddable":true,"href":"https:\/\/palmaequipmentrental.com\/es\/wp-json\/wp\/v2\/media\/14059"}],"wp:attachment":[{"href":"https:\/\/palmaequipmentrental.com\/es\/wp-json\/wp\/v2\/media?parent=14133"}],"wp:term":[{"taxonomy":"product_cat","embeddable":true,"href":"https:\/\/palmaequipmentrental.com\/es\/wp-json\/wp\/v2\/product_cat?post=14133"},{"taxonomy":"product_tag","embeddable":true,"href":"https:\/\/palmaequipmentrental.com\/es\/wp-json\/wp\/v2\/product_tag?post=14133"}],"curies":[{"name":"wp","href":"https:\/\/api.w.org\/{rel}","templated":true}]}}