{"id":14137,"date":"2024-05-23T11:33:44","date_gmt":"2024-05-23T11:33:45","guid":{"rendered":"https:\/\/www.palmaequipmentrental.com\/?post_type=product&#038;p=14137"},"modified":"2025-06-16T15:57:49","modified_gmt":"2025-06-16T15:57:49","slug":"gopro-hero-12-black","status":"publish","type":"product","link":"https:\/\/palmaequipmentrental.com\/es\/photo-video-equipment-mallorca\/gopro-hero-12-black\/","title":{"rendered":"GoPro Hero 12 Black Edici\u00f3n"},"content":{"rendered":"<p>Captura cada momento con la GoPro Hero 12 Black Edition, disponible para alquiler en Palma Equipment Rental. Esta robusta c\u00e1mara de acci\u00f3n es perfecta para fot\u00f3grafos, vide\u00f3grafos y creadores de contenido que buscan grabar metraje de alta adrenalina. Ideal tanto para deportes extremos como para aventuras cotidianas, tambi\u00e9n es una excelente opci\u00f3n para contenido en redes sociales y videos de bodas.<\/p>\n<p>Detalles t\u00e9cnicos:<\/p>\n<ul>\n<li>Grabaci\u00f3n de video: 5.3K a 60fps<\/li>\n<li>Resoluci\u00f3n de fotos: 23MP<\/li>\n<li>Estabilizaci\u00f3n HyperSmooth 4.0 para metraje ultra suave<\/li>\n<li>Resistente al agua hasta 10 metros<\/li>\n<li>Pantallas LCD frontales y traseras para un encuadre f\u00e1cil<\/li>\n<li>TimeWarp 3.0 para videos time-lapse fascinantes<\/li>\n<li>Control por voz para operaci\u00f3n manos libres<\/li>\n<\/ul>\n<p>La GoPro Hero 12 Black Edition ofrece una durabilidad y versatilidad incomparables, lo que la hace ideal para capturar visuales impresionantes en campa\u00f1as de moda, publicidad, contenido para redes sociales y bodas.<\/p>\n<p>En Palma Equipment Rental, con sede en Palma de Mallorca, Espa\u00f1a, proporcionamos equipos fotogr\u00e1ficos, de video y de producci\u00f3n de primera calidad para profesionales. Servimos a las Islas Baleares y a la Espa\u00f1a peninsular, con un inventario que incluye marcas l\u00edderes como Profoto, Arri y Manfrotto. Con un servicio flexible, eficiente y amigable, adem\u00e1s de soporte t\u00e9cnico 24\/7, aseguramos que tus proyectos creativos se desarrollen sin problemas. Alquila el mejor equipo para dar vida a tu visi\u00f3n.<\/p>\n","protected":false},"excerpt":{"rendered":"<p>Captura cada momento con la GoPro Hero 12 Black Edition, disponible para alquiler en Palma Equipment Rental. Esta robusta c\u00e1mara de acci\u00f3n es perfecta para fot\u00f3grafos, vide\u00f3grafos y creadores de contenido que buscan grabar metraje de alta adrenalina. Ideal tanto para deportes extremos como para aventuras cotidianas, tambi\u00e9n es una excelente opci\u00f3n para contenido en redes sociales y videos de [&hellip;]<\/p>\n","protected":false},"featured_media":14140,"template":"","meta":[],"product_cat":[197,203],"product_tag":[],"class_list":{"0":"post-14137","1":"product","2":"type-product","3":"status-publish","4":"has-post-thumbnail","6":"product_cat-cuerpos-camara","7":"product_cat-camara-cuerpos-2","9":"first","10":"instock","11":"shipping-taxable","12":"purchasable","13":"product-type-simple"},"_links":{"self":[{"href":"https:\/\/palmaequipmentrental.com\/es\/wp-json\/wp\/v2\/product\/14137","targetHints":{"allow":["GET"]}}],"collection":[{"href":"https:\/\/palmaequipmentrental.com\/es\/wp-json\/wp\/v2\/product"}],"about":[{"href":"https:\/\/palmaequipmentrental.com\/es\/wp-json\/wp\/v2\/types\/product"}],"wp:featuredmedia":[{"embeddable":true,"href":"https:\/\/palmaequipmentrental.com\/es\/wp-json\/wp\/v2\/media\/14140"}],"wp:attachment":[{"href":"https:\/\/palmaequipmentrental.com\/es\/wp-json\/wp\/v2\/media?parent=14137"}],"wp:term":[{"taxonomy":"product_cat","embeddable":true,"href":"https:\/\/palmaequipmentrental.com\/es\/wp-json\/wp\/v2\/product_cat?post=14137"},{"taxonomy":"product_tag","embeddable":true,"href":"https:\/\/palmaequipmentrental.com\/es\/wp-json\/wp\/v2\/product_tag?post=14137"}],"curies":[{"name":"wp","href":"https:\/\/api.w.org\/{rel}","templated":true}]}}