{"id":14143,"date":"2024-05-23T12:14:09","date_gmt":"2024-05-23T12:14:10","guid":{"rendered":"https:\/\/www.palmaequipmentrental.com\/?post_type=product&#038;p=14143"},"modified":"2025-06-17T12:16:24","modified_gmt":"2025-06-17T12:16:24","slug":"hollyland-lark-max-microfono","status":"publish","type":"product","link":"https:\/\/palmaequipmentrental.com\/es\/photo-video-equipment-mallorca\/hollyland-lark-max-microfono\/","title":{"rendered":"Hollyland Lark MAX Micr\u00f3fono"},"content":{"rendered":"<p>Captura audio de calidad profesional con el Hollyland Lark Max Kit, disponible para alquiler en Palma Equipment Rental. Este sistema de micr\u00f3fono de solapa inal\u00e1mbrico es perfecto para fot\u00f3grafos, vide\u00f3grafos y creadores de contenido que buscan lograr sonido de calidad de estudio. Ideal para sesiones en estudio, filmaciones en exteriores y eventos en vivo, el Lark Max Kit garantiza un rendimiento de audio de primera categor\u00eda.<\/p>\n<p>Detalles t\u00e9cnicos:<\/p>\n<ul>\n<li>Audio de calidad de estudio: frecuencia de muestreo de 48kHz, profundidad de 24 bits, SNR de 70dB y SPL de 128dB<\/li>\n<li>Cancelaci\u00f3n de ruido ambiental profesional (ENC)<\/li>\n<li>Grabaci\u00f3n interna con un clic: almacenamiento interno de 8GB por transmisor para 14 horas de archivos wav sin comprimir<\/li>\n<li>Transmisi\u00f3n de largo alcance: hasta 820 pies (250m) en \u00e1reas abiertas<\/li>\n<li>Bater\u00eda de larga duraci\u00f3n: hasta 22 horas con el estuche de carga<\/li>\n<li>Dise\u00f1o de cavidad de sonido para un sonido natural y claro<\/li>\n<li>Amplia compatibilidad: funciona con c\u00e1maras DSLR, iPhone, Android y PC<\/li>\n<\/ul>\n<p>El Hollyland Lark Max Kit ofrece una calidad de audio y fiabilidad incomparables, lo que lo convierte en una herramienta esencial para capturar sonido profesional en campa\u00f1as de moda, publicidad, contenido para redes sociales, bodas y m\u00e1s.<\/p>\n<p>En Palma Equipment Rental, con sede en Palma de Mallorca, Espa\u00f1a, proporcionamos equipos fotogr\u00e1ficos, de video y de producci\u00f3n de primera calidad para profesionales. Servimos a las Islas Baleares y a la Espa\u00f1a peninsular, con un inventario que incluye marcas l\u00edderes como Profoto, Arri y Manfrotto. Con un servicio flexible, eficiente y amigable, adem\u00e1s de soporte t\u00e9cnico 24\/7, aseguramos que tus proyectos creativos se desarrollen sin problemas. Alquila el mejor equipo para dar vida a tu visi\u00f3n.<\/p>\n","protected":false},"excerpt":{"rendered":"<p>Captura audio de calidad profesional con el Hollyland Lark Max Kit, disponible para alquiler en Palma Equipment Rental. Este sistema de micr\u00f3fono de solapa inal\u00e1mbrico es perfecto para fot\u00f3grafos, vide\u00f3grafos y creadores de contenido que buscan lograr sonido de calidad de estudio. Ideal para sesiones en estudio, filmaciones en exteriores y eventos en vivo, el Lark Max Kit garantiza un [&hellip;]<\/p>\n","protected":false},"featured_media":14152,"template":"","meta":[],"product_cat":[199],"product_tag":[],"class_list":{"0":"post-14143","1":"product","2":"type-product","3":"status-publish","4":"has-post-thumbnail","6":"product_cat-audio-es","8":"first","9":"instock","10":"shipping-taxable","11":"purchasable","12":"product-type-simple"},"_links":{"self":[{"href":"https:\/\/palmaequipmentrental.com\/es\/wp-json\/wp\/v2\/product\/14143","targetHints":{"allow":["GET"]}}],"collection":[{"href":"https:\/\/palmaequipmentrental.com\/es\/wp-json\/wp\/v2\/product"}],"about":[{"href":"https:\/\/palmaequipmentrental.com\/es\/wp-json\/wp\/v2\/types\/product"}],"wp:featuredmedia":[{"embeddable":true,"href":"https:\/\/palmaequipmentrental.com\/es\/wp-json\/wp\/v2\/media\/14152"}],"wp:attachment":[{"href":"https:\/\/palmaequipmentrental.com\/es\/wp-json\/wp\/v2\/media?parent=14143"}],"wp:term":[{"taxonomy":"product_cat","embeddable":true,"href":"https:\/\/palmaequipmentrental.com\/es\/wp-json\/wp\/v2\/product_cat?post=14143"},{"taxonomy":"product_tag","embeddable":true,"href":"https:\/\/palmaequipmentrental.com\/es\/wp-json\/wp\/v2\/product_tag?post=14143"}],"curies":[{"name":"wp","href":"https:\/\/api.w.org\/{rel}","templated":true}]}}