{"id":14153,"date":"2024-05-23T13:49:31","date_gmt":"2024-05-23T13:49:31","guid":{"rendered":"https:\/\/www.palmaequipmentrental.com\/?post_type=product&#038;p=14153"},"modified":"2024-05-23T13:51:59","modified_gmt":"2024-05-23T13:51:59","slug":"canon-rf-85mm-f1-2l-usm-ds","status":"publish","type":"product","link":"https:\/\/palmaequipmentrental.com\/es\/photo-video-equipment-mallorca\/canon-rf-85mm-f1-2l-usm-ds\/","title":{"rendered":"Canon RF 85mm F1.2L USM DS"},"content":{"rendered":"<p>Logra retratos impresionantes con el Canon RF 85mm F1.2L USM DS, disponible para alquiler en Palma Equipment Rental. Este objetivo premium es perfecto para fot\u00f3grafos profesionales que buscan una calidad de imagen excepcional y un hermoso efecto bokeh. Ideal tanto para sesiones en estudio como en exteriores, est\u00e1 dise\u00f1ado para ofrecer im\u00e1genes n\u00edtidas y claras con una profundidad y detalle sobresalientes.<\/p>\n<p>Detalles t\u00e9cnicos:<\/p>\n<ul>\n<li>Longitud Focal: 85mm<\/li>\n<li>Apertura M\u00e1xima: f\/1.2<\/li>\n<li>Construcci\u00f3n del Objetivo: 13 elementos en 9 grupos<\/li>\n<li>Revestimiento Defocus Smoothing (DS) para un bokeh suave<\/li>\n<li>Motor Ultras\u00f3nico (USM) para un enfoque autom\u00e1tico r\u00e1pido y silencioso<\/li>\n<li>Dise\u00f1o Sellado contra la Intemperie para durabilidad en condiciones desafiantes<\/li>\n<li>Distancia M\u00ednima de Enfoque: 0.85m<\/li>\n<li>Peso: 1195g<\/li>\n<\/ul>\n<p>El Canon RF 85mm F1.2L USM DS sobresale en condiciones de poca luz y ofrece un control excepcional sobre la profundidad de campo, lo que lo hace ideal para capturar retratos detallados y fotograf\u00eda de moda expresiva.<\/p>\n<p>En Palma Equipment Rental, con sede en Palma de Mallorca, Espa\u00f1a, proporcionamos equipos fotogr\u00e1ficos, de video y de producci\u00f3n de primera calidad para profesionales. Servimos a las Islas Baleares y a la Espa\u00f1a peninsular, con un inventario que incluye marcas l\u00edderes como Profoto, Arri y Manfrotto. Con un servicio flexible, eficiente y amigable, adem\u00e1s de soporte t\u00e9cnico 24\/7, aseguramos que tus proyectos creativos se desarrollen sin problemas. Alquila el mejor equipo para dar vida a tu visi\u00f3n.<\/p>\n<p>&nbsp;<\/p>\n","protected":false},"excerpt":{"rendered":"<p>Logra retratos impresionantes con el Canon RF 85mm F1.2L USM DS, disponible para alquiler en Palma Equipment Rental. Este objetivo premium es perfecto para fot\u00f3grafos profesionales que buscan una calidad de imagen excepcional y un hermoso efecto bokeh. Ideal tanto para sesiones en estudio como en exteriores, est\u00e1 dise\u00f1ado para ofrecer im\u00e1genes n\u00edtidas y claras con una profundidad y detalle [&hellip;]<\/p>\n","protected":false},"featured_media":14158,"template":"","meta":[],"product_cat":[793,799],"product_tag":[],"class_list":{"0":"post-14153","1":"product","2":"type-product","3":"status-publish","4":"has-post-thumbnail","6":"product_cat-objetivos-rf","7":"product_cat-objetivos-rf-v","9":"first","10":"instock","11":"shipping-taxable","12":"purchasable","13":"product-type-simple"},"_links":{"self":[{"href":"https:\/\/palmaequipmentrental.com\/es\/wp-json\/wp\/v2\/product\/14153","targetHints":{"allow":["GET"]}}],"collection":[{"href":"https:\/\/palmaequipmentrental.com\/es\/wp-json\/wp\/v2\/product"}],"about":[{"href":"https:\/\/palmaequipmentrental.com\/es\/wp-json\/wp\/v2\/types\/product"}],"wp:featuredmedia":[{"embeddable":true,"href":"https:\/\/palmaequipmentrental.com\/es\/wp-json\/wp\/v2\/media\/14158"}],"wp:attachment":[{"href":"https:\/\/palmaequipmentrental.com\/es\/wp-json\/wp\/v2\/media?parent=14153"}],"wp:term":[{"taxonomy":"product_cat","embeddable":true,"href":"https:\/\/palmaequipmentrental.com\/es\/wp-json\/wp\/v2\/product_cat?post=14153"},{"taxonomy":"product_tag","embeddable":true,"href":"https:\/\/palmaequipmentrental.com\/es\/wp-json\/wp\/v2\/product_tag?post=14153"}],"curies":[{"name":"wp","href":"https:\/\/api.w.org\/{rel}","templated":true}]}}