{"id":14160,"date":"2024-05-24T07:22:25","date_gmt":"2024-05-24T07:22:26","guid":{"rendered":"https:\/\/www.palmaequipmentrental.com\/?post_type=product&#038;p=14160"},"modified":"2025-06-13T13:56:16","modified_gmt":"2025-06-13T13:56:16","slug":"canon-rf-50mm-f1-2l-usm","status":"publish","type":"product","link":"https:\/\/palmaequipmentrental.com\/es\/photo-video-equipment-mallorca\/canon-rf-50mm-f1-2l-usm\/","title":{"rendered":"Canon RF 50mm f1.2L USM"},"content":{"rendered":"<p>Captura im\u00e1genes impresionantes con el Canon RF 50mm F1.2L USM, disponible para alquiler en Palma Equipment Rental. Este objetivo de alto rendimiento es perfecto para fot\u00f3grafos profesionales que buscan una calidad de imagen excepcional y un hermoso efecto bokeh. Ideal tanto para sesiones en estudio como en exteriores, est\u00e1 dise\u00f1ado para ofrecer im\u00e1genes n\u00edtidas y claras con una profundidad y detalle sobresalientes.<\/p>\n<p>Detalles t\u00e9cnicos:<\/p>\n<ul>\n<li>Longitud Focal: 50mm<\/li>\n<li>Apertura M\u00e1xima: f\/1.2<\/li>\n<li>Construcci\u00f3n del Objetivo: 15 elementos en 9 grupos<\/li>\n<li>Motor Ultras\u00f3nico (USM) para un enfoque autom\u00e1tico r\u00e1pido y silencioso<\/li>\n<li>Dise\u00f1o Sellado contra la Intemperie para durabilidad en condiciones desafiantes<\/li>\n<li>Distancia M\u00ednima de Enfoque: 0.4m<\/li>\n<li>Peso: 950g<\/li>\n<\/ul>\n<p>El Canon RF 50mm F1.2L USM sobresale en condiciones de poca luz y ofrece un control excepcional sobre la profundidad de campo, lo que lo hace ideal para capturar retratos detallados, fotograf\u00eda callejera y sesiones de moda creativa.<\/p>\n<p>En Palma Equipment Rental, con sede en Palma de Mallorca, Espa\u00f1a, proporcionamos equipos fotogr\u00e1ficos, de video y de producci\u00f3n de primera calidad para profesionales. Servimos a las Islas Baleares y a la Espa\u00f1a peninsular, con un inventario que incluye marcas l\u00edderes como Profoto, Arri y Manfrotto. Con un servicio flexible, eficiente y amigable, adem\u00e1s de soporte t\u00e9cnico 24\/7, aseguramos que tus proyectos creativos se desarrollen sin problemas. Alquila el mejor equipo para dar vida a tu visi\u00f3n.<\/p>\n","protected":false},"excerpt":{"rendered":"<p>Captura im\u00e1genes impresionantes con el Canon RF 50mm F1.2L USM, disponible para alquiler en Palma Equipment Rental. Este objetivo de alto rendimiento es perfecto para fot\u00f3grafos profesionales que buscan una calidad de imagen excepcional y un hermoso efecto bokeh. Ideal tanto para sesiones en estudio como en exteriores, est\u00e1 dise\u00f1ado para ofrecer im\u00e1genes n\u00edtidas y claras con una profundidad y [&hellip;]<\/p>\n","protected":false},"featured_media":14164,"template":"","meta":[],"product_cat":[799,793],"product_tag":[],"class_list":{"0":"post-14160","1":"product","2":"type-product","3":"status-publish","4":"has-post-thumbnail","6":"product_cat-objetivos-rf-v","7":"product_cat-objetivos-rf","9":"first","10":"instock","11":"shipping-taxable","12":"purchasable","13":"product-type-simple"},"_links":{"self":[{"href":"https:\/\/palmaequipmentrental.com\/es\/wp-json\/wp\/v2\/product\/14160","targetHints":{"allow":["GET"]}}],"collection":[{"href":"https:\/\/palmaequipmentrental.com\/es\/wp-json\/wp\/v2\/product"}],"about":[{"href":"https:\/\/palmaequipmentrental.com\/es\/wp-json\/wp\/v2\/types\/product"}],"wp:featuredmedia":[{"embeddable":true,"href":"https:\/\/palmaequipmentrental.com\/es\/wp-json\/wp\/v2\/media\/14164"}],"wp:attachment":[{"href":"https:\/\/palmaequipmentrental.com\/es\/wp-json\/wp\/v2\/media?parent=14160"}],"wp:term":[{"taxonomy":"product_cat","embeddable":true,"href":"https:\/\/palmaequipmentrental.com\/es\/wp-json\/wp\/v2\/product_cat?post=14160"},{"taxonomy":"product_tag","embeddable":true,"href":"https:\/\/palmaequipmentrental.com\/es\/wp-json\/wp\/v2\/product_tag?post=14160"}],"curies":[{"name":"wp","href":"https:\/\/api.w.org\/{rel}","templated":true}]}}