{"id":14176,"date":"2024-05-27T09:53:33","date_gmt":"2024-05-27T09:53:34","guid":{"rendered":"https:\/\/www.palmaequipmentrental.com\/?post_type=product&#038;p=14176"},"modified":"2024-05-27T09:58:47","modified_gmt":"2024-05-27T09:58:47","slug":"equipos-de-pa","status":"publish","type":"product","link":"https:\/\/palmaequipmentrental.com\/es\/photo-video-equipment-mallorca\/equipos-de-pa\/","title":{"rendered":"Equipos de PA"},"content":{"rendered":"<p>Ofrece un sonido excepcional con el Yamaha Stagepas 1K Stereo Bundle, disponible para alquiler en Palma Equipment Rental. Este sistema de audio profesional, que incluye dos columnas de altavoces con alimentaci\u00f3n propia: el Yamaha Stagepas 1K MK2 y el Yamaha DXL1K, es perfecto para bodas, DJs, peque\u00f1as bandas, sesiones fotogr\u00e1ficas, videos musicales y diversos eventos. Con su calidad de sonido superior y dise\u00f1o f\u00e1cil de usar, el Stagepas 1K garantiza que tu actuaci\u00f3n se escuche fuerte y clara.<\/p>\n<p>Detalles t\u00e9cnicos:<\/p>\n<ul>\n<li>Potencia de salida total: 2200W (1100W por columna de altavoz)<\/li>\n<li>Dise\u00f1o compacto y port\u00e1til para un f\u00e1cil transporte y configuraci\u00f3n<\/li>\n<li>Mezclador digital de 5 canales incorporado con cableado m\u00ednimo<\/li>\n<li>Subwoofers de alta calidad de 12&#8243; para bajos profundos<\/li>\n<li>10 altavoces en array por columna para una distribuci\u00f3n de sonido clara y uniforme<\/li>\n<li>Conectividad Bluetooth para transmisi\u00f3n de audio inal\u00e1mbrica<\/li>\n<li>Controles integrados de reverberaci\u00f3n y ecualizaci\u00f3n para una personalizaci\u00f3n \u00f3ptima del sonido<\/li>\n<\/ul>\n<p>El Yamaha Stagepas 1K Stereo Bundle ofrece un rendimiento de audio y versatilidad incomparables, lo que lo convierte en una herramienta esencial para el refuerzo de sonido profesional en bodas, sets de DJ, actuaciones de peque\u00f1as bandas, sesiones fotogr\u00e1ficas, videos musicales y diversos eventos.<\/p>\n<p>En Palma Equipment Rental, con sede en Palma de Mallorca, Espa\u00f1a, proporcionamos equipos fotogr\u00e1ficos, de video y de producci\u00f3n de primera calidad para profesionales. Servimos a las Islas Baleares y a la Espa\u00f1a peninsular, con un inventario que incluye marcas l\u00edderes como Profoto, Arri y Manfrotto. Con un servicio flexible, eficiente y amigable, adem\u00e1s de soporte t\u00e9cnico 24\/7, aseguramos que tus eventos suenen tan bien como se ven. Alquila el mejor equipo para dar vida a tu visi\u00f3n.<\/p>\n","protected":false},"excerpt":{"rendered":"<p>Ofrece un sonido excepcional con el Yamaha Stagepas 1K Stereo Bundle, disponible para alquiler en Palma Equipment Rental. Este sistema de audio profesional, que incluye dos columnas de altavoces con alimentaci\u00f3n propia: el Yamaha Stagepas 1K MK2 y el Yamaha DXL1K, es perfecto para bodas, DJs, peque\u00f1as bandas, sesiones fotogr\u00e1ficas, videos musicales y diversos eventos. Con su calidad de sonido [&hellip;]<\/p>\n","protected":false},"featured_media":14179,"template":"","meta":[],"product_cat":[186],"product_tag":[],"class_list":{"0":"post-14176","1":"product","2":"type-product","3":"status-publish","4":"has-post-thumbnail","6":"product_cat-on-location-es","8":"first","9":"instock","10":"shipping-taxable","11":"purchasable","12":"product-type-simple"},"_links":{"self":[{"href":"https:\/\/palmaequipmentrental.com\/es\/wp-json\/wp\/v2\/product\/14176","targetHints":{"allow":["GET"]}}],"collection":[{"href":"https:\/\/palmaequipmentrental.com\/es\/wp-json\/wp\/v2\/product"}],"about":[{"href":"https:\/\/palmaequipmentrental.com\/es\/wp-json\/wp\/v2\/types\/product"}],"wp:featuredmedia":[{"embeddable":true,"href":"https:\/\/palmaequipmentrental.com\/es\/wp-json\/wp\/v2\/media\/14179"}],"wp:attachment":[{"href":"https:\/\/palmaequipmentrental.com\/es\/wp-json\/wp\/v2\/media?parent=14176"}],"wp:term":[{"taxonomy":"product_cat","embeddable":true,"href":"https:\/\/palmaequipmentrental.com\/es\/wp-json\/wp\/v2\/product_cat?post=14176"},{"taxonomy":"product_tag","embeddable":true,"href":"https:\/\/palmaequipmentrental.com\/es\/wp-json\/wp\/v2\/product_tag?post=14176"}],"curies":[{"name":"wp","href":"https:\/\/api.w.org\/{rel}","templated":true}]}}