{"id":14183,"date":"2024-05-27T10:02:50","date_gmt":"2024-05-27T10:02:51","guid":{"rendered":"https:\/\/www.palmaequipmentrental.com\/?post_type=product&#038;p=14183"},"modified":"2024-05-27T10:05:42","modified_gmt":"2024-05-27T10:05:42","slug":"microfono-inalambrico","status":"publish","type":"product","link":"https:\/\/palmaequipmentrental.com\/es\/photo-video-equipment-mallorca\/microfono-inalambrico\/","title":{"rendered":"Micr\u00f3fono Inal\u00e1mbrico"},"content":{"rendered":"<p>Asegura un audio claro y n\u00edtido para discursos y presentaciones con el MB85 Wireless Mic Bundle, disponible para alquiler en Palma Equipment Rental. Este sistema de micr\u00f3fono profesional es perfecto para eventos, conferencias, bodas y discursos p\u00fablicos. Con su calidad de sonido superior y dise\u00f1o f\u00e1cil de usar, el MB85 Wireless Mic Bundle garantiza que tu mensaje se escuche fuerte y claro.<\/p>\n<p>Detalles t\u00e9cnicos:<\/p>\n<ul>\n<li>Sistema de micr\u00f3fono inal\u00e1mbrico de doble canal<\/li>\n<li>Rango de operaci\u00f3n de hasta 100 metros<\/li>\n<li>Sonido de alta fidelidad con m\u00ednima interferencia<\/li>\n<li>Bater\u00edas recargables integradas con hasta 10 horas de autonom\u00eda<\/li>\n<li>Dise\u00f1o ligero y port\u00e1til para una f\u00e1cil configuraci\u00f3n y transporte<\/li>\n<li>Pantalla LCD para un f\u00e1cil monitoreo y control<\/li>\n<li>M\u00faltiples opciones de frecuencia para evitar interferencias<\/li>\n<\/ul>\n<p>El MB85 Wireless Mic Bundle ofrece un audio fiable y de alta calidad, lo que lo convierte en una herramienta esencial para ofrecer discursos y presentaciones profesionales en cualquier evento.<\/p>\n<p>En Palma Equipment Rental, con sede en Palma de Mallorca, Espa\u00f1a, proporcionamos equipos fotogr\u00e1ficos, de video y de producci\u00f3n de primera calidad para profesionales. Servimos a las Islas Baleares y a la Espa\u00f1a peninsular, con un inventario que incluye marcas l\u00edderes como Profoto, Arri y Manfrotto. Con un servicio flexible, eficiente y amigable, adem\u00e1s de soporte t\u00e9cnico 24\/7, aseguramos que tus eventos suenen tan bien como se ven. Alquila el mejor equipo para dar vida a tu visi\u00f3n.<\/p>\n","protected":false},"excerpt":{"rendered":"<p>Asegura un audio claro y n\u00edtido para discursos y presentaciones con el MB85 Wireless Mic Bundle, disponible para alquiler en Palma Equipment Rental. Este sistema de micr\u00f3fono profesional es perfecto para eventos, conferencias, bodas y discursos p\u00fablicos. Con su calidad de sonido superior y dise\u00f1o f\u00e1cil de usar, el MB85 Wireless Mic Bundle garantiza que tu mensaje se escuche fuerte [&hellip;]<\/p>\n","protected":false},"featured_media":14186,"template":"","meta":[],"product_cat":[199],"product_tag":[],"class_list":{"0":"post-14183","1":"product","2":"type-product","3":"status-publish","4":"has-post-thumbnail","6":"product_cat-audio-es","8":"first","9":"instock","10":"shipping-taxable","11":"purchasable","12":"product-type-simple"},"_links":{"self":[{"href":"https:\/\/palmaequipmentrental.com\/es\/wp-json\/wp\/v2\/product\/14183","targetHints":{"allow":["GET"]}}],"collection":[{"href":"https:\/\/palmaequipmentrental.com\/es\/wp-json\/wp\/v2\/product"}],"about":[{"href":"https:\/\/palmaequipmentrental.com\/es\/wp-json\/wp\/v2\/types\/product"}],"wp:featuredmedia":[{"embeddable":true,"href":"https:\/\/palmaequipmentrental.com\/es\/wp-json\/wp\/v2\/media\/14186"}],"wp:attachment":[{"href":"https:\/\/palmaequipmentrental.com\/es\/wp-json\/wp\/v2\/media?parent=14183"}],"wp:term":[{"taxonomy":"product_cat","embeddable":true,"href":"https:\/\/palmaequipmentrental.com\/es\/wp-json\/wp\/v2\/product_cat?post=14183"},{"taxonomy":"product_tag","embeddable":true,"href":"https:\/\/palmaequipmentrental.com\/es\/wp-json\/wp\/v2\/product_tag?post=14183"}],"curies":[{"name":"wp","href":"https:\/\/api.w.org\/{rel}","templated":true}]}}