{"id":14208,"date":"2024-05-29T09:19:16","date_gmt":"2024-05-29T09:19:17","guid":{"rendered":"https:\/\/www.palmaequipmentrental.com\/?post_type=product&#038;p=14208"},"modified":"2025-06-18T15:54:54","modified_gmt":"2025-06-18T15:54:54","slug":"nisi-filtro-optico-4x5-65-pure-clear","status":"publish","type":"product","link":"https:\/\/palmaequipmentrental.com\/es\/photo-video-equipment-mallorca\/nisi-filtro-optico-4x5-65-pure-clear\/","title":{"rendered":"NiSi Filtro \u00d3ptico 4 \u00d7 5.65 \u2033 Pure Clear"},"content":{"rendered":"<p>Protege tu lente con el filtro \u00f3ptico plano NiSi Cinema 4\u00d75.65\u2033 Pure Clear, disponible para alquiler en Palma Equipment Rental. Este filtro \u00f3ptico de alta calidad est\u00e1 dise\u00f1ado para proteger tu lente del polvo, los ara\u00f1azos, la humedad y otros da\u00f1os potenciales sin afectar la exposici\u00f3n ni la calidad de la imagen. Ideal para sesiones en estudio, filmaciones en exteriores y escenas din\u00e1micas, el filtro NiSi Pure Clear garantiza que tu equipo permanezca en \u00f3ptimas condiciones.<\/p>\n<p>Detalles t\u00e9cnicos:<\/p>\n<ul>\n<li>Tama\u00f1o: 4 \u00d7 5.65 pulgadas<\/li>\n<li>Vidrio \u00f3ptico puro transparente para m\u00e1xima transparencia<\/li>\n<li>No afecta la exposici\u00f3n ni la calidad de la imagen<\/li>\n<li>Protege contra el polvo, los ara\u00f1azos y la humedad<\/li>\n<li>Revestimiento antirreflectante para reducir el deslumbramiento y las reflexiones<\/li>\n<li>Dise\u00f1o resistente a los ara\u00f1azos y duradero<\/li>\n<li>Compatible con matte boxes est\u00e1ndar<\/li>\n<\/ul>\n<p>El filtro \u00f3ptico plano NiSi Cinema 4 \u00d7 5.65\u2033 Pure Clear ofrece una protecci\u00f3n y claridad inigualables, lo que lo convierte en una herramienta esencial para mantener tus lentes en la producci\u00f3n profesional de fotos y videos.<\/p>\n<p>Con sede en Palma de Mallorca, Espa\u00f1a, somos tu socio de confianza para el alquiler de equipos fotogr\u00e1ficos, de video y de producci\u00f3n profesional. Sirviendo a las Islas Baleares y a la Espa\u00f1a peninsular, nuestro inventario incluye marcas l\u00edderes como Profoto, Arri y Manfrotto. Con un servicio flexible, eficiente y amigable, adem\u00e1s de soporte t\u00e9cnico 24\/7, aseguramos que tus proyectos creativos se desarrollen sin problemas. Alquila el mejor equipo para dar vida a tu visi\u00f3n.<\/p>\n","protected":false},"excerpt":{"rendered":"<p>Protege tu lente con el filtro \u00f3ptico plano NiSi Cinema 4\u00d75.65\u2033 Pure Clear, disponible para alquiler en Palma Equipment Rental. Este filtro \u00f3ptico de alta calidad est\u00e1 dise\u00f1ado para proteger tu lente del polvo, los ara\u00f1azos, la humedad y otros da\u00f1os potenciales sin afectar la exposici\u00f3n ni la calidad de la imagen. Ideal para sesiones en estudio, filmaciones en exteriores [&hellip;]<\/p>\n","protected":false},"featured_media":14211,"template":"","meta":[],"product_cat":[405,446],"product_tag":[],"class_list":{"0":"post-14208","1":"product","2":"type-product","3":"status-publish","4":"has-post-thumbnail","6":"product_cat-filtros-es","7":"product_cat-filtros-anillos-adaptadores","9":"first","10":"instock","11":"shipping-taxable","12":"purchasable","13":"product-type-simple"},"_links":{"self":[{"href":"https:\/\/palmaequipmentrental.com\/es\/wp-json\/wp\/v2\/product\/14208","targetHints":{"allow":["GET"]}}],"collection":[{"href":"https:\/\/palmaequipmentrental.com\/es\/wp-json\/wp\/v2\/product"}],"about":[{"href":"https:\/\/palmaequipmentrental.com\/es\/wp-json\/wp\/v2\/types\/product"}],"wp:featuredmedia":[{"embeddable":true,"href":"https:\/\/palmaequipmentrental.com\/es\/wp-json\/wp\/v2\/media\/14211"}],"wp:attachment":[{"href":"https:\/\/palmaequipmentrental.com\/es\/wp-json\/wp\/v2\/media?parent=14208"}],"wp:term":[{"taxonomy":"product_cat","embeddable":true,"href":"https:\/\/palmaequipmentrental.com\/es\/wp-json\/wp\/v2\/product_cat?post=14208"},{"taxonomy":"product_tag","embeddable":true,"href":"https:\/\/palmaequipmentrental.com\/es\/wp-json\/wp\/v2\/product_tag?post=14208"}],"curies":[{"name":"wp","href":"https:\/\/api.w.org\/{rel}","templated":true}]}}