{"id":14215,"date":"2024-05-30T10:48:15","date_gmt":"2024-05-30T10:48:16","guid":{"rendered":"https:\/\/www.palmaequipmentrental.com\/?post_type=product&#038;p=14215"},"modified":"2025-06-16T15:43:46","modified_gmt":"2025-06-16T15:43:46","slug":"funda-impermeable-movil","status":"publish","type":"product","link":"https:\/\/palmaequipmentrental.com\/es\/photo-video-equipment-mallorca\/funda-impermeable-movil\/","title":{"rendered":"Funda Impermeable M\u00f3vil"},"content":{"rendered":"<p>Mant\u00e9n tu tel\u00e9fono protegido con la Funda Impermeable M\u00f3vil IPX8, disponible para alquiler en Palma Equipment Rental. Esta carcasa impermeable es perfecta para proteger tu dispositivo durante actividades al aire libre, fotograf\u00eda submarina y condiciones de lluvia. Compatible con una amplia gama de tel\u00e9fonos inteligentes, incluidos modelos de iPhone y Samsung, esta funda garantiza que tu tel\u00e9fono permanezca seco y funcional.<\/p>\n<ul>\n<li><strong>Amplia Compatibilidad<\/strong>: Compatible con tel\u00e9fonos inteligentes de menos de 7 pulgadas, incluidos iPhone, Samsung, Huawei, Google, OnePlus, Xiaomi, Redmi, Motorola, LG, OPPO, vivo y m\u00e1s. Consulta la descripci\u00f3n detallada para ver los tel\u00e9fonos compatibles.<\/li>\n<li><strong>Robusta, S\u00f3lida e Impermeable<\/strong>: Peque\u00f1a en tama\u00f1o y resistente al agua hasta 15 metros durante 2 horas. Fabricada con una gruesa pel\u00edcula PET transparente y pl\u00e1stico compuesto, ofreciendo una pantalla suave pero duradera.<\/li>\n<li><strong>Conector de Tr\u00edpode para C\u00e1mara Integrado<\/strong>: Cuenta con un agujero de tornillo de 1\/4 para conectar a accesorios de fotograf\u00eda profesional como un monopie, tr\u00edpode o estabilizador. Incluye una correa para el cuello para facilitar su transporte.<\/li>\n<li><strong>Configuraci\u00f3n R\u00e1pida<\/strong>: Inserta tu tel\u00e9fono y cierra la funda. Simplemente enciende tu c\u00e1mara o video antes de sumergirte. La carcasa impermeable tiene un dise\u00f1o de \u00abobturador\u00bb, permiti\u00e9ndote presionar el bot\u00f3n del \u00abobturador\u00bb directamente para capturar todos los detalles de tu aventura.<\/li>\n<li><strong>Dise\u00f1o Seguro<\/strong>: Funda impermeable de segunda generaci\u00f3n completamente sellada sin puntos ciegos, ofreciendo una protecci\u00f3n de 360 grados para tu tel\u00e9fono. Ideal para tomar im\u00e1genes claras y de alta resoluci\u00f3n bajo el agua.<\/li>\n<\/ul>\n<p>La Funda Impermeable M\u00f3vil IPX8 ofrece una protecci\u00f3n y comodidad inigualables, lo que la convierte en un accesorio esencial para entusiastas del aire libre, fot\u00f3grafos y cualquier persona que necesite protecci\u00f3n fiable para su tel\u00e9fono en ambientes h\u00famedos.<\/p>\n<p>Con sede en Palma de Mallorca, Espa\u00f1a, somos tu socio de confianza para el alquiler de equipos fotogr\u00e1ficos, de video y de producci\u00f3n profesional. Sirviendo a las Islas Baleares y a la Espa\u00f1a peninsular, nuestro inventario incluye marcas l\u00edderes como Profoto, Arri y Manfrotto. Con un servicio flexible, eficiente y amigable, adem\u00e1s de soporte t\u00e9cnico 24\/7, aseguramos que tus proyectos creativos se desarrollen sin problemas. Alquila el mejor equipo para dar vida a tu visi\u00f3n.<\/p>\n","protected":false},"excerpt":{"rendered":"<p>Mant\u00e9n tu tel\u00e9fono protegido con la Funda Impermeable M\u00f3vil IPX8, disponible para alquiler en Palma Equipment Rental. Esta carcasa impermeable es perfecta para proteger tu dispositivo durante actividades al aire libre, fotograf\u00eda submarina y condiciones de lluvia. Compatible con una amplia gama de tel\u00e9fonos inteligentes, incluidos modelos de iPhone y Samsung, esta funda garantiza que tu tel\u00e9fono permanezca seco y [&hellip;]<\/p>\n","protected":false},"featured_media":14218,"template":"","meta":[],"product_cat":[197,203],"product_tag":[],"class_list":{"0":"post-14215","1":"product","2":"type-product","3":"status-publish","4":"has-post-thumbnail","6":"product_cat-cuerpos-camara","7":"product_cat-camara-cuerpos-2","9":"first","10":"instock","11":"shipping-taxable","12":"purchasable","13":"product-type-simple"},"_links":{"self":[{"href":"https:\/\/palmaequipmentrental.com\/es\/wp-json\/wp\/v2\/product\/14215","targetHints":{"allow":["GET"]}}],"collection":[{"href":"https:\/\/palmaequipmentrental.com\/es\/wp-json\/wp\/v2\/product"}],"about":[{"href":"https:\/\/palmaequipmentrental.com\/es\/wp-json\/wp\/v2\/types\/product"}],"wp:featuredmedia":[{"embeddable":true,"href":"https:\/\/palmaequipmentrental.com\/es\/wp-json\/wp\/v2\/media\/14218"}],"wp:attachment":[{"href":"https:\/\/palmaequipmentrental.com\/es\/wp-json\/wp\/v2\/media?parent=14215"}],"wp:term":[{"taxonomy":"product_cat","embeddable":true,"href":"https:\/\/palmaequipmentrental.com\/es\/wp-json\/wp\/v2\/product_cat?post=14215"},{"taxonomy":"product_tag","embeddable":true,"href":"https:\/\/palmaequipmentrental.com\/es\/wp-json\/wp\/v2\/product_tag?post=14215"}],"curies":[{"name":"wp","href":"https:\/\/api.w.org\/{rel}","templated":true}]}}