{"id":14221,"date":"2024-06-05T09:35:14","date_gmt":"2024-06-05T09:35:15","guid":{"rendered":"https:\/\/www.palmaequipmentrental.com\/?post_type=product&#038;p=14221"},"modified":"2025-06-13T14:32:59","modified_gmt":"2025-06-13T14:32:59","slug":"ecoflow-delta-pro-alquiler","status":"publish","type":"product","link":"https:\/\/palmaequipmentrental.com\/es\/photo-video-equipment-mallorca\/ecoflow-delta-pro-alquiler\/","title":{"rendered":"EcoFlow Delta Pro"},"content":{"rendered":"<p>Potencia tus proyectos con el EcoFlow DELTA Pro, disponible para alquiler en Palma Equipment Rental. Esta estaci\u00f3n de energ\u00eda port\u00e1til de alta capacidad es perfecta para rodajes al aire libre, eventos y cualquier situaci\u00f3n en la que se necesite energ\u00eda confiable. Ya sea que est\u00e9s en una locaci\u00f3n o gestionando un rodaje, el EcoFlow DELTA Pro asegura que tengas toda la energ\u00eda que necesitas.<\/p>\n<p>Detalles T\u00e9cnicos<\/p>\n<ul>\n<li>Capacidad 3.6kWh<\/li>\n<li>Salida 3600W, con potencia de sobretensi\u00f3n de hasta 7200W<\/li>\n<li>M\u00faltiples Opciones de Salida incluyendo seis enchufes de CA, dos puertos USB-C, cuatro puertos USB-A y una salida de coche<\/li>\n<li>Dise\u00f1o Duradero con ruedas y una pantalla LCD intuitiva para un f\u00e1cil transporte y monitoreo<\/li>\n<li>Sistema de Gesti\u00f3n de Bater\u00eda Avanzado que garantiza seguridad y eficiencia<\/li>\n<\/ul>\n<p>El EcoFlow DELTA Pro es esencial para mantener tu equipo funcionando sin problemas en el set, desde alimentar luces y c\u00e1maras hasta cargar bater\u00edas y ejecutar port\u00e1tiles.<\/p>\n<p>Con sede en Palma de Mallorca, Espa\u00f1a, Palma Equipment Rental es tu socio de confianza para el alquiler de equipos fotogr\u00e1ficos, de video y de producci\u00f3n profesional. Servimos a las Islas Baleares y a la Espa\u00f1a peninsular, ofreciendo marcas de primera como Profoto, Arri y Manfrotto. Con un servicio flexible, eficiente y amigable, adem\u00e1s de soporte t\u00e9cnico 24\/7, aseguramos que tus proyectos se desarrollen sin problemas. Alquila el mejor equipo para dar vida a tu visi\u00f3n.<\/p>\n","protected":false},"excerpt":{"rendered":"<p>Potencia tus proyectos con el EcoFlow DELTA Pro, disponible para alquiler en Palma Equipment Rental. Esta estaci\u00f3n de energ\u00eda port\u00e1til de alta capacidad es perfecta para rodajes al aire libre, eventos y cualquier situaci\u00f3n en la que se necesite energ\u00eda confiable. Ya sea que est\u00e9s en una locaci\u00f3n o gestionando un rodaje, el EcoFlow DELTA Pro asegura que tengas toda [&hellip;]<\/p>\n","protected":false},"featured_media":14224,"template":"","meta":[],"product_cat":[212,455,743,744],"product_tag":[],"class_list":{"0":"post-14221","1":"product","2":"type-product","3":"status-publish","4":"has-post-thumbnail","6":"product_cat-baterias","7":"product_cat-baterias-es","8":"product_cat-power-station-es","9":"product_cat-power-station-power-es","11":"first","12":"instock","13":"shipping-taxable","14":"purchasable","15":"product-type-simple"},"_links":{"self":[{"href":"https:\/\/palmaequipmentrental.com\/es\/wp-json\/wp\/v2\/product\/14221","targetHints":{"allow":["GET"]}}],"collection":[{"href":"https:\/\/palmaequipmentrental.com\/es\/wp-json\/wp\/v2\/product"}],"about":[{"href":"https:\/\/palmaequipmentrental.com\/es\/wp-json\/wp\/v2\/types\/product"}],"wp:featuredmedia":[{"embeddable":true,"href":"https:\/\/palmaequipmentrental.com\/es\/wp-json\/wp\/v2\/media\/14224"}],"wp:attachment":[{"href":"https:\/\/palmaequipmentrental.com\/es\/wp-json\/wp\/v2\/media?parent=14221"}],"wp:term":[{"taxonomy":"product_cat","embeddable":true,"href":"https:\/\/palmaequipmentrental.com\/es\/wp-json\/wp\/v2\/product_cat?post=14221"},{"taxonomy":"product_tag","embeddable":true,"href":"https:\/\/palmaequipmentrental.com\/es\/wp-json\/wp\/v2\/product_tag?post=14221"}],"curies":[{"name":"wp","href":"https:\/\/api.w.org\/{rel}","templated":true}]}}