{"id":14296,"date":"2024-06-07T13:59:19","date_gmt":"2024-08-30T11:01:46","guid":{"rendered":"https:\/\/www.palmaequipmentrental.com\/?post_type=product&#038;p=14296"},"modified":"2024-08-30T11:16:56","modified_gmt":"2024-08-30T11:16:56","slug":"edge-pro-water-housing-para-canon-r5","status":"publish","type":"product","link":"https:\/\/palmaequipmentrental.com\/es\/photo-video-equipment-mallorca\/edge-pro-water-housing-para-canon-r5\/","title":{"rendered":"Carcasa Acu\u00e1tica EDGE Pro para Canon R5"},"content":{"rendered":"<p>El <strong>EDGE Pro Water Housing para Canon R5<\/strong> ya est\u00e1 disponible para alquiler en Palma Equipment Rental, ideal para fot\u00f3grafos y cinemat\u00f3grafos que capturan impresionantes tomas submarinas en Palma de Mallorca y m\u00e1s all\u00e1. Este estuche profesional est\u00e1 dise\u00f1ado para mantener tu Canon R5 segura y completamente operativa bajo el agua, con un kit que incluye todo lo necesario para una sesi\u00f3n sin contratiempos.<\/p>\n<ul>\n<li>Compatible con Canon R5<\/li>\n<li>Incluye una tarjeta SD con configuraciones de c\u00e1mara optimizadas para su uso con la carcasa<\/li>\n<li>Incluye adaptador X-50 y el puerto de c\u00fapula AQUATECH XLD-135 para la lente 15-35mm RF<\/li>\n<li>El puerto de c\u00fapula permite capturar im\u00e1genes mitad dentro y mitad fuera del agua con m\u00ednima distorsi\u00f3n<\/li>\n<li>Profundidad m\u00e1xima de 10 metros (33 pies)<\/li>\n<li>Acceso completo a los controles de la c\u00e1mara<\/li>\n<li>Dise\u00f1o duradero y ligero<\/li>\n<li>Sellos de precisi\u00f3n para una protecci\u00f3n m\u00e1xima contra el agua<\/li>\n<\/ul>\n<p>Ideal para sesiones de moda submarina, campa\u00f1as de viaje o para capturar la vibrante vida marina en Baleares, este estuche es imprescindible para tu pr\u00f3ximo proyecto. En Palma Equipment Rental, ofrecemos opciones de alquiler flexibles, soporte 24\/7, y una amplia gama de equipos para asegurar que tu sesi\u00f3n se desarrolle sin problemas. Conf\u00eda en nosotros para equiparte con lo mejor de la industria, ya sea que est\u00e9s filmando en Mallorca, Ibiza o cualquier lugar de Espa\u00f1a.<\/p>\n","protected":false},"excerpt":{"rendered":"<p>El EDGE Pro Water Housing para Canon R5 ya est\u00e1 disponible para alquiler en Palma Equipment Rental, ideal para fot\u00f3grafos y cinemat\u00f3grafos que capturan impresionantes tomas submarinas en Palma de Mallorca y m\u00e1s all\u00e1. Este estuche profesional est\u00e1 dise\u00f1ado para mantener tu Canon R5 segura y completamente operativa bajo el agua, con un kit que incluye todo lo necesario para [&hellip;]<\/p>\n","protected":false},"featured_media":14288,"template":"","meta":[],"product_cat":[189,198,880,197,203],"product_tag":[],"class_list":{"0":"post-14296","1":"product","2":"type-product","3":"status-publish","4":"has-post-thumbnail","6":"product_cat-accesorios-de-camara","7":"product_cat-accesorios-de-camara-2","8":"product_cat-camara-de-accion","9":"product_cat-cuerpos-camara","10":"product_cat-camara-cuerpos-2","12":"first","13":"instock","14":"featured","15":"shipping-taxable","16":"purchasable","17":"product-type-simple"},"_links":{"self":[{"href":"https:\/\/palmaequipmentrental.com\/es\/wp-json\/wp\/v2\/product\/14296","targetHints":{"allow":["GET"]}}],"collection":[{"href":"https:\/\/palmaequipmentrental.com\/es\/wp-json\/wp\/v2\/product"}],"about":[{"href":"https:\/\/palmaequipmentrental.com\/es\/wp-json\/wp\/v2\/types\/product"}],"wp:featuredmedia":[{"embeddable":true,"href":"https:\/\/palmaequipmentrental.com\/es\/wp-json\/wp\/v2\/media\/14288"}],"wp:attachment":[{"href":"https:\/\/palmaequipmentrental.com\/es\/wp-json\/wp\/v2\/media?parent=14296"}],"wp:term":[{"taxonomy":"product_cat","embeddable":true,"href":"https:\/\/palmaequipmentrental.com\/es\/wp-json\/wp\/v2\/product_cat?post=14296"},{"taxonomy":"product_tag","embeddable":true,"href":"https:\/\/palmaequipmentrental.com\/es\/wp-json\/wp\/v2\/product_tag?post=14296"}],"curies":[{"name":"wp","href":"https:\/\/api.w.org\/{rel}","templated":true}]}}