{"id":14304,"date":"2024-09-30T14:11:15","date_gmt":"2024-09-30T14:11:16","guid":{"rendered":"https:\/\/www.palmaequipmentrental.com\/?post_type=product&#038;p=14304"},"modified":"2025-08-05T11:23:05","modified_gmt":"2025-08-05T11:23:05","slug":"macbook-pro-m3-max-16","status":"publish","type":"product","link":"https:\/\/palmaequipmentrental.com\/es\/photo-video-equipment-mallorca\/macbook-pro-m3-max-16\/","title":{"rendered":"MacBook Pro M3 Max 16&#8243;"},"content":{"rendered":"<p class=\"p1\">Potencia tu captura digital, edici\u00f3n y trabajo creativo con el MacBook Pro M3 Max 16\u2033, disponible en Palma Equipment Rental. Dise\u00f1ado para fot\u00f3grafos, directores de arte y equipos de producci\u00f3n, viene con Capture One Pro preinstalado, la \u00faltima versi\u00f3n de Adobe Photoshop y Chronosync para un flujo de trabajo eficiente y sin interrupciones.<\/p>\n<p class=\"p3\">\u2022Chip Apple M3 Max: CPU de 16 n\u00facleos, GPU de 40 n\u00facleos, Neural Engine de 16 n\u00facleos<\/p>\n<p class=\"p3\">\u202248 GB de memoria unificada para un multitasking fluido<\/p>\n<p class=\"p3\">\u2022Almacenamiento SSD de 2 TB para acceso y transferencia de archivos r\u00e1pidos<\/p>\n<p class=\"p3\">\u2022Pantalla Liquid Retina XDR de 16 pulgadas para una correcci\u00f3n de color precisa<\/p>\n<p class=\"p3\">\u2022Adaptador de corriente USB-C de 140W para carga r\u00e1pida<\/p>\n<p class=\"p3\">\u2022Puertos: Tres Thunderbolt 4, HDMI, ranura para tarjeta SDXC, conector de auriculares, MagSafe 3<\/p>\n<p class=\"p3\">\u2022Magic Keyboard con Touch ID (Espa\u00f1ol)<\/p>\n<p class=\"p1\">Ideal para captura digital, trabajo en el set y direcci\u00f3n creativa, este MacBook Pro es la mejor opci\u00f3n para tus sesiones de fotos en Mallorca, Ibiza, Menorca, Formentera y el resto de Espa\u00f1a. Alqu\u00edlalo en Palma Equipment Rental para equipos de est\u00e1ndar industrial, soporte t\u00e9cnico 24\/7 y un servicio confiable.<\/p>\n<p><a href=\"https:\/\/youtu.be\/EGzfWXb62fY\">Check our video!<\/a><\/p>\n","protected":false},"excerpt":{"rendered":"<p>Potencia tu captura digital, edici\u00f3n y trabajo creativo con el MacBook Pro M3 Max 16\u2033, disponible en Palma Equipment Rental. Dise\u00f1ado para fot\u00f3grafos, directores de arte y equipos de producci\u00f3n, viene con Capture One Pro preinstalado, la \u00faltima versi\u00f3n de Adobe Photoshop y Chronosync para un flujo de trabajo eficiente y sin interrupciones. \u2022Chip Apple M3 Max: CPU de 16 [&hellip;]<\/p>\n","protected":false},"featured_media":14310,"template":"","meta":[],"product_cat":[188],"product_tag":[],"class_list":{"0":"post-14304","1":"product","2":"type-product","3":"status-publish","4":"has-post-thumbnail","6":"product_cat-computers-es","8":"first","9":"instock","10":"featured","11":"shipping-taxable","12":"purchasable","13":"product-type-simple"},"_links":{"self":[{"href":"https:\/\/palmaequipmentrental.com\/es\/wp-json\/wp\/v2\/product\/14304","targetHints":{"allow":["GET"]}}],"collection":[{"href":"https:\/\/palmaequipmentrental.com\/es\/wp-json\/wp\/v2\/product"}],"about":[{"href":"https:\/\/palmaequipmentrental.com\/es\/wp-json\/wp\/v2\/types\/product"}],"wp:featuredmedia":[{"embeddable":true,"href":"https:\/\/palmaequipmentrental.com\/es\/wp-json\/wp\/v2\/media\/14310"}],"wp:attachment":[{"href":"https:\/\/palmaequipmentrental.com\/es\/wp-json\/wp\/v2\/media?parent=14304"}],"wp:term":[{"taxonomy":"product_cat","embeddable":true,"href":"https:\/\/palmaequipmentrental.com\/es\/wp-json\/wp\/v2\/product_cat?post=14304"},{"taxonomy":"product_tag","embeddable":true,"href":"https:\/\/palmaequipmentrental.com\/es\/wp-json\/wp\/v2\/product_tag?post=14304"}],"curies":[{"name":"wp","href":"https:\/\/api.w.org\/{rel}","templated":true}]}}