{"id":14321,"date":"2024-11-18T14:11:05","date_gmt":"2024-11-18T14:11:05","guid":{"rendered":"https:\/\/www.palmaequipmentrental.com\/?post_type=product&#038;p=14321"},"modified":"2025-06-24T15:29:54","modified_gmt":"2025-06-24T15:29:54","slug":"sony-fe-50mm-f-1-2-gm","status":"publish","type":"product","link":"https:\/\/palmaequipmentrental.com\/es\/photo-video-equipment-mallorca\/sony-fe-50mm-f-1-2-gm\/","title":{"rendered":"Sony FE 50mm f\/1.2 GM"},"content":{"rendered":"<p class=\"p1\">El <b>objetivo Sony FE 50mm f\/1.2 GM OSS II<\/b> est\u00e1 disponible para alquiler en Palma Equipment Rental. Este objetivo fijo profesional ofrece una calidad de imagen impresionante, un rendimiento ultrarr\u00e1pido y una versatilidad excepcional, siendo ideal para fot\u00f3grafos y cineastas en sesiones de moda, campa\u00f1as publicitarias y producciones creativas en las Islas Baleares y la pen\u00ednsula espa\u00f1ola.<\/p>\n<p class=\"p3\">\u2022Apertura ultrarr\u00e1pida de f\/1.2 para un rendimiento excepcional en condiciones de poca luz y un bokeh suave y atractivo.<\/p>\n<p class=\"p3\">\u2022\u00d3ptica G Master con elementos XA avanzados para una nitidez incre\u00edble y m\u00ednimas aberraciones.<\/p>\n<p class=\"p3\">\u2022Motores lineales XD para un enfoque autom\u00e1tico r\u00e1pido, preciso y casi silencioso, ideal para fotos y v\u00eddeos.<\/p>\n<p class=\"p3\">\u2022Estabilizaci\u00f3n de imagen Optical SteadyShot para resultados suaves y sin desenfoque en tomas a mano alzada.<\/p>\n<p class=\"p3\">\u2022Dise\u00f1o compacto y ligero con una construcci\u00f3n robusta y sellada contra el clima.<\/p>\n<p class=\"p3\">\u2022Distancia m\u00ednima de enfoque de 0,4 m para posibilidades creativas en tomas cercanas.<\/p>\n<p class=\"p3\">\u2022Compatible con c\u00e1maras con montura E de Sony.<\/p>\n<p class=\"p1\">Perfecto para retratos, fotograf\u00eda de estilo de vida y narrativas cinematogr\u00e1ficas. Este objetivo ofrece un rendimiento inigualable para cualquier visi\u00f3n creativa. Alquilarlo en Palma Equipment Rental garantiza acceso a equipos de primera calidad y un servicio excepcional. Ya sea en Mallorca, Menorca, Ibiza, Formentera o la pen\u00ednsula espa\u00f1ola, ofrecemos c\u00e1maras, iluminaci\u00f3n, equipo de producci\u00f3n y m\u00e1s, con soporte t\u00e9cnico 24\/7 para que tu producci\u00f3n sea eficiente y sin complicaciones.<\/p>\n","protected":false},"excerpt":{"rendered":"<p>El objetivo Sony FE 50mm f\/1.2 GM OSS II est\u00e1 disponible para alquiler en Palma Equipment Rental. Este objetivo fijo profesional ofrece una calidad de imagen impresionante, un rendimiento ultrarr\u00e1pido y una versatilidad excepcional, siendo ideal para fot\u00f3grafos y cineastas en sesiones de moda, campa\u00f1as publicitarias y producciones creativas en las Islas Baleares y la pen\u00ednsula espa\u00f1ola. \u2022Apertura ultrarr\u00e1pida de [&hellip;]<\/p>\n","protected":false},"featured_media":14327,"template":"","meta":[],"product_cat":[867,866],"product_tag":[],"class_list":{"0":"post-14321","1":"product","2":"type-product","3":"status-publish","4":"has-post-thumbnail","6":"product_cat-objetivos-sony-v","7":"product_cat-objetivos-sony","9":"first","10":"instock","11":"shipping-taxable","12":"purchasable","13":"product-type-simple"},"_links":{"self":[{"href":"https:\/\/palmaequipmentrental.com\/es\/wp-json\/wp\/v2\/product\/14321","targetHints":{"allow":["GET"]}}],"collection":[{"href":"https:\/\/palmaequipmentrental.com\/es\/wp-json\/wp\/v2\/product"}],"about":[{"href":"https:\/\/palmaequipmentrental.com\/es\/wp-json\/wp\/v2\/types\/product"}],"wp:featuredmedia":[{"embeddable":true,"href":"https:\/\/palmaequipmentrental.com\/es\/wp-json\/wp\/v2\/media\/14327"}],"wp:attachment":[{"href":"https:\/\/palmaequipmentrental.com\/es\/wp-json\/wp\/v2\/media?parent=14321"}],"wp:term":[{"taxonomy":"product_cat","embeddable":true,"href":"https:\/\/palmaequipmentrental.com\/es\/wp-json\/wp\/v2\/product_cat?post=14321"},{"taxonomy":"product_tag","embeddable":true,"href":"https:\/\/palmaequipmentrental.com\/es\/wp-json\/wp\/v2\/product_tag?post=14321"}],"curies":[{"name":"wp","href":"https:\/\/api.w.org\/{rel}","templated":true}]}}