{"id":14330,"date":"2024-11-18T14:29:53","date_gmt":"2024-11-18T14:29:53","guid":{"rendered":"https:\/\/www.palmaequipmentrental.com\/?post_type=product&#038;p=14330"},"modified":"2024-11-18T14:35:57","modified_gmt":"2024-11-18T14:35:57","slug":"sony-fe-35mm","status":"publish","type":"product","link":"https:\/\/palmaequipmentrental.com\/es\/photo-video-equipment-mallorca\/sony-fe-35mm\/","title":{"rendered":"Sony FE 35mm f\/1.4 GM"},"content":{"rendered":"<div class=\"flex-1 overflow-hidden\">\n<div class=\"h-full\">\n<div class=\"react-scroll-to-bottom--css-shqcx-79elbk h-full\">\n<div class=\"react-scroll-to-bottom--css-shqcx-1n7m0yu\">\n<div class=\"flex flex-col text-sm md:pb-9\">\n<article class=\"w-full scroll-mb-[var(--thread-trailing-height,150px)] text-token-text-primary focus-visible:outline-2 focus-visible:outline-offset-[-4px]\" dir=\"auto\" data-testid=\"conversation-turn-209\" data-scroll-anchor=\"true\">\n<div class=\"m-auto text-base py-[18px] px-3 md:px-4 w-full md:px-5 lg:px-4 xl:px-5\">\n<div class=\"mx-auto flex flex-1 gap-4 text-base md:gap-5 lg:gap-6 md:max-w-3xl lg:max-w-[40rem] xl:max-w-[48rem]\">\n<div class=\"group\/conversation-turn relative flex w-full min-w-0 flex-col agent-turn\">\n<div class=\"flex-col gap-1 md:gap-3\">\n<div class=\"flex max-w-full flex-col flex-grow\">\n<div class=\"min-h-8 text-message flex w-full flex-col items-end gap-2 whitespace-normal break-words [.text-message+&amp;]:mt-5\" dir=\"auto\" data-message-author-role=\"assistant\" data-message-id=\"5f90bb5e-3542-43ac-a32d-ec8717f5d0dd\" data-message-model-slug=\"gpt-4o\">\n<div class=\"flex w-full flex-col gap-1 empty:hidden first:pt-[3px]\">\n<div class=\"markdown prose w-full break-words dark:prose-invert light\">\n<p>Descubre un rendimiento excepcional con el <strong>Sony FE 35mm F\/1.4 GM Lens<\/strong>, disponible para alquiler en Palma Equipment Rental. Este objetivo fijo compacto y potente es perfecto para fot\u00f3grafos y vide\u00f3grafos que exigen calidad de imagen superior y versatilidad. Ya sea que est\u00e9s capturando retratos, paisajes o videos cinematogr\u00e1ficos, la r\u00e1pida apertura de f\/1.4 ofrece un rendimiento incre\u00edble en condiciones de poca luz y un bokeh suave para un toque art\u00edstico.<\/p>\n<p>Detalles T\u00e9cnicos<\/p>\n<ul>\n<li>Longitud Focal 35mm<\/li>\n<li>Apertura M\u00e1xima f\/1.4 para un impresionante control de profundidad de campo<\/li>\n<li>Distancia M\u00ednima de Enfoque 27cm (0.89 ft) para capturar detalles intrincados de cerca<\/li>\n<li>\u00d3ptica G Master para una resoluci\u00f3n y nitidez excepcionales<\/li>\n<li>Motores Lineales XD duales para un enfoque autom\u00e1tico r\u00e1pido y preciso<\/li>\n<li>Dise\u00f1o compacto y ligero para un manejo sencillo<\/li>\n<li>Revestimiento de fl\u00faor y sellado contra la intemperie para durabilidad en condiciones desafiantes<\/li>\n<li>Bot\u00f3n de retenci\u00f3n de enfoque personalizable y anillo de apertura con opci\u00f3n de desactivaci\u00f3n de clic para video<\/li>\n<\/ul>\n<p>El objetivo Sony FE 35mm F\/1.4 GM es imprescindible para lograr resultados de calidad profesional, ofreciendo una nitidez notable, colores vibrantes y una hermosa separaci\u00f3n de fondo en cualquier escenario de disparo.<\/p>\n<p>Con sede en Palma de Mallorca, Espa\u00f1a, Palma Equipment Rental es tu socio de confianza para el alquiler de equipos fotogr\u00e1ficos, de video y de producci\u00f3n profesional. Servimos a las Islas Baleares y a la Espa\u00f1a peninsular, ofreciendo marcas l\u00edderes como Sony, Profoto y Arri. Con soporte t\u00e9cnico 24\/7 y un servicio flexible, aseguramos que tus proyectos se desarrollen sin problemas. Alquila el equipo que necesitas para dar vida a tu visi\u00f3n en <strong><a href=\"http:\/\/www.palmaequipmentrental.com\" target=\"_new\" rel=\"noopener\">www.palmaequipmentrental.com<\/a><\/strong>.<\/p>\n<\/div>\n<\/div>\n<\/div>\n<\/div>\n<\/div>\n<\/div>\n<\/div>\n<\/div>\n<\/article>\n<\/div>\n<\/div>\n<\/div>\n<\/div>\n<\/div>\n","protected":false},"excerpt":{"rendered":"<p>Descubre un rendimiento excepcional con el Sony FE 35mm F\/1.4 GM Lens, disponible para alquiler en Palma Equipment Rental. Este objetivo fijo compacto y potente es perfecto para fot\u00f3grafos y vide\u00f3grafos que exigen calidad de imagen superior y versatilidad. Ya sea que est\u00e9s capturando retratos, paisajes o videos cinematogr\u00e1ficos, la r\u00e1pida apertura de f\/1.4 ofrece un rendimiento incre\u00edble en condiciones [&hellip;]<\/p>\n","protected":false},"featured_media":14333,"template":"","meta":[],"product_cat":[866,867],"product_tag":[],"class_list":{"0":"post-14330","1":"product","2":"type-product","3":"status-publish","4":"has-post-thumbnail","6":"product_cat-objetivos-sony","7":"product_cat-objetivos-sony-v","9":"first","10":"instock","11":"shipping-taxable","12":"purchasable","13":"product-type-simple"},"_links":{"self":[{"href":"https:\/\/palmaequipmentrental.com\/es\/wp-json\/wp\/v2\/product\/14330","targetHints":{"allow":["GET"]}}],"collection":[{"href":"https:\/\/palmaequipmentrental.com\/es\/wp-json\/wp\/v2\/product"}],"about":[{"href":"https:\/\/palmaequipmentrental.com\/es\/wp-json\/wp\/v2\/types\/product"}],"wp:featuredmedia":[{"embeddable":true,"href":"https:\/\/palmaequipmentrental.com\/es\/wp-json\/wp\/v2\/media\/14333"}],"wp:attachment":[{"href":"https:\/\/palmaequipmentrental.com\/es\/wp-json\/wp\/v2\/media?parent=14330"}],"wp:term":[{"taxonomy":"product_cat","embeddable":true,"href":"https:\/\/palmaequipmentrental.com\/es\/wp-json\/wp\/v2\/product_cat?post=14330"},{"taxonomy":"product_tag","embeddable":true,"href":"https:\/\/palmaequipmentrental.com\/es\/wp-json\/wp\/v2\/product_tag?post=14330"}],"curies":[{"name":"wp","href":"https:\/\/api.w.org\/{rel}","templated":true}]}}