{"id":14348,"date":"2024-12-19T10:37:22","date_gmt":"2024-12-19T10:37:23","guid":{"rendered":"https:\/\/www.palmaequipmentrental.com\/?post_type=product&#038;p=14348"},"modified":"2025-06-16T15:38:27","modified_gmt":"2025-06-16T15:38:27","slug":"fuji-gfx-100-ii-vertical-grip","status":"publish","type":"product","link":"https:\/\/palmaequipmentrental.com\/es\/photo-video-equipment-mallorca\/fuji-gfx-100-ii-vertical-grip\/","title":{"rendered":"Fuji GFX 100 II Vertical Grip"},"content":{"rendered":"<p class=\"p1\">El Fuji GFX 100 II Vertical Grip est\u00e1 disponible para alquiler en Palma Equipment Rental. Dise\u00f1ado espec\u00edficamente para la c\u00e1mara GFX 100 II de formato medio, este grip mejora la ergonom\u00eda durante las tomas verticales y ampl\u00eda la funcionalidad de la c\u00e1mara para sesiones exigentes.<\/p>\n<p class=\"p2\">\u2022Compatible con c\u00e1maras Fuji GFX 100 II.<\/p>\n<p class=\"p2\">\u2022Incluye un segundo disparador, diales de control y botones personalizables para orientaci\u00f3n vertical.<\/p>\n<p class=\"p2\">\u2022Alojamiento para una bater\u00eda adicional, extendiendo el tiempo de uso.<\/p>\n<p class=\"p2\">\u2022Construcci\u00f3n robusta y sellada contra las inclemencias del tiempo para mayor fiabilidad en condiciones adversas.<\/p>\n<p class=\"p1\">Ya sea que trabajes en exteriores en Palma de Mallorca o captures momentos en las Islas Baleares, este grip vertical garantiza eficiencia y comodidad. Alqu\u00edlalo hoy junto con nuestra selecci\u00f3n de c\u00e1maras, iluminaci\u00f3n y equipos de grip de primer nivel. Con el soporte t\u00e9cnico experto y los servicios flexibles de Palma Equipment Rental, tu pr\u00f3xima sesi\u00f3n estar\u00e1 en buenas manos.<\/p>\n","protected":false},"excerpt":{"rendered":"<p>El Fuji GFX 100 II Vertical Grip est\u00e1 disponible para alquiler en Palma Equipment Rental. Dise\u00f1ado espec\u00edficamente para la c\u00e1mara GFX 100 II de formato medio, este grip mejora la ergonom\u00eda durante las tomas verticales y ampl\u00eda la funcionalidad de la c\u00e1mara para sesiones exigentes. \u2022Compatible con c\u00e1maras Fuji GFX 100 II. \u2022Incluye un segundo disparador, diales de control y [&hellip;]<\/p>\n","protected":false},"featured_media":14351,"template":"","meta":[],"product_cat":[197,203],"product_tag":[],"class_list":{"0":"post-14348","1":"product","2":"type-product","3":"status-publish","4":"has-post-thumbnail","6":"product_cat-cuerpos-camara","7":"product_cat-camara-cuerpos-2","9":"first","10":"instock","11":"shipping-taxable","12":"purchasable","13":"product-type-simple"},"_links":{"self":[{"href":"https:\/\/palmaequipmentrental.com\/es\/wp-json\/wp\/v2\/product\/14348","targetHints":{"allow":["GET"]}}],"collection":[{"href":"https:\/\/palmaequipmentrental.com\/es\/wp-json\/wp\/v2\/product"}],"about":[{"href":"https:\/\/palmaequipmentrental.com\/es\/wp-json\/wp\/v2\/types\/product"}],"wp:featuredmedia":[{"embeddable":true,"href":"https:\/\/palmaequipmentrental.com\/es\/wp-json\/wp\/v2\/media\/14351"}],"wp:attachment":[{"href":"https:\/\/palmaequipmentrental.com\/es\/wp-json\/wp\/v2\/media?parent=14348"}],"wp:term":[{"taxonomy":"product_cat","embeddable":true,"href":"https:\/\/palmaequipmentrental.com\/es\/wp-json\/wp\/v2\/product_cat?post=14348"},{"taxonomy":"product_tag","embeddable":true,"href":"https:\/\/palmaequipmentrental.com\/es\/wp-json\/wp\/v2\/product_tag?post=14348"}],"curies":[{"name":"wp","href":"https:\/\/api.w.org\/{rel}","templated":true}]}}