{"id":14354,"date":"2024-12-19T11:00:03","date_gmt":"2024-12-19T11:00:04","guid":{"rendered":"https:\/\/www.palmaequipmentrental.com\/?post_type=product&#038;p=14354"},"modified":"2025-08-21T09:57:27","modified_gmt":"2025-08-21T09:57:27","slug":"profoto-connect-pro-para-canon","status":"publish","type":"product","link":"https:\/\/palmaequipmentrental.com\/es\/photo-video-equipment-mallorca\/profoto-connect-pro-para-canon\/","title":{"rendered":"Profoto Connect Pro para Canon"},"content":{"rendered":"<p class=\"p1\">El Profoto Connect Pro para Canon est\u00e1 disponible para alquiler en Palma Equipment Rental. Este avanzado disparador de flash ofrece control total sobre tu configuraci\u00f3n de iluminaci\u00f3n Profoto, convirti\u00e9ndose en la herramienta ideal para fot\u00f3grafos que buscan precisi\u00f3n y simplicidad en el set.<\/p>\n<p class=\"p2\">\u2022Compatible con c\u00e1maras Canon.<\/p>\n<p class=\"p2\">\u2022Conexi\u00f3n fluida con la tecnolog\u00eda Profoto AirX para control inal\u00e1mbrico de flashes.<\/p>\n<p class=\"p2\">\u2022Controles intuitivos y una pantalla grande para ajustes sencillos.<\/p>\n<p class=\"p2\">\u2022Modos TTL y manual completos para mayor flexibilidad creativa.<\/p>\n<p class=\"p2\">\u2022Rendimiento fiable con un alcance de hasta 100 m.<\/p>\n<p class=\"p1\">Ya sea para capturar retratos en estudio en Palma o trabajar en exteriores en las Islas Baleares, el Profoto Connect Pro garantiza un control de iluminaci\u00f3n consistente y eficiente. Alqu\u00edlalo hoy junto con nuestra amplia gama de equipos de iluminaci\u00f3n y c\u00e1maras. En Palma Equipment Rental ofrecemos equipo de calidad, experiencia t\u00e9cnica y asistencia 24\/7.<\/p>\n<p>&nbsp;<\/p>\n<p><a href=\"https:\/\/youtu.be\/pzCcsx5vtRE\">Check out our video!<\/a><\/p>\n","protected":false},"excerpt":{"rendered":"<p>El Profoto Connect Pro para Canon est\u00e1 disponible para alquiler en Palma Equipment Rental. Este avanzado disparador de flash ofrece control total sobre tu configuraci\u00f3n de iluminaci\u00f3n Profoto, convirti\u00e9ndose en la herramienta ideal para fot\u00f3grafos que buscan precisi\u00f3n y simplicidad en el set. \u2022Compatible con c\u00e1maras Canon. \u2022Conexi\u00f3n fluida con la tecnolog\u00eda Profoto AirX para control inal\u00e1mbrico de flashes. \u2022Controles [&hellip;]<\/p>\n","protected":false},"featured_media":14357,"template":"","meta":[],"product_cat":[190],"product_tag":[],"class_list":{"0":"post-14354","1":"product","2":"type-product","3":"status-publish","4":"has-post-thumbnail","6":"product_cat-sincronizacion-remota","8":"first","9":"instock","10":"shipping-taxable","11":"purchasable","12":"product-type-simple"},"_links":{"self":[{"href":"https:\/\/palmaequipmentrental.com\/es\/wp-json\/wp\/v2\/product\/14354","targetHints":{"allow":["GET"]}}],"collection":[{"href":"https:\/\/palmaequipmentrental.com\/es\/wp-json\/wp\/v2\/product"}],"about":[{"href":"https:\/\/palmaequipmentrental.com\/es\/wp-json\/wp\/v2\/types\/product"}],"wp:featuredmedia":[{"embeddable":true,"href":"https:\/\/palmaequipmentrental.com\/es\/wp-json\/wp\/v2\/media\/14357"}],"wp:attachment":[{"href":"https:\/\/palmaequipmentrental.com\/es\/wp-json\/wp\/v2\/media?parent=14354"}],"wp:term":[{"taxonomy":"product_cat","embeddable":true,"href":"https:\/\/palmaequipmentrental.com\/es\/wp-json\/wp\/v2\/product_cat?post=14354"},{"taxonomy":"product_tag","embeddable":true,"href":"https:\/\/palmaequipmentrental.com\/es\/wp-json\/wp\/v2\/product_tag?post=14354"}],"curies":[{"name":"wp","href":"https:\/\/api.w.org\/{rel}","templated":true}]}}