{"id":14360,"date":"2024-12-19T11:09:26","date_gmt":"2024-12-19T11:09:26","guid":{"rendered":"https:\/\/www.palmaequipmentrental.com\/?post_type=product&#038;p=14360"},"modified":"2025-08-21T10:08:55","modified_gmt":"2025-08-21T10:08:55","slug":"profoto-connect-pro-para-nikon","status":"publish","type":"product","link":"https:\/\/palmaequipmentrental.com\/es\/photo-video-equipment-mallorca\/profoto-connect-pro-para-nikon\/","title":{"rendered":"Profoto Connect Pro para Nikon"},"content":{"rendered":"<p class=\"p1\">El Profoto Connect Pro para Nikon ya est\u00e1 disponible para alquiler en Palma Equipment Rental. Dise\u00f1ado para integrarse perfectamente con c\u00e1maras Nikon, este disparador de flash garantiza un control preciso y sin esfuerzo de tu configuraci\u00f3n de iluminaci\u00f3n Profoto, convirti\u00e9ndose en una herramienta imprescindible para cualquier sesi\u00f3n profesional.<\/p>\n<p class=\"p2\">\u2022Compatible con c\u00e1maras Nikon.<\/p>\n<p class=\"p2\">\u2022Conexi\u00f3n fluida con la tecnolog\u00eda Profoto AirX para control inal\u00e1mbrico de flashes.<\/p>\n<p class=\"p2\">\u2022Interfaz intuitiva con una pantalla grande para ajustes sencillos.<\/p>\n<p class=\"p2\">\u2022Modos TTL y manual completos para adaptarse a cualquier necesidad creativa.<\/p>\n<p class=\"p2\">\u2022Rendimiento fiable con un alcance de hasta 100 m.<\/p>\n<p class=\"p1\">Ya sea que est\u00e9s trabajando en campa\u00f1as din\u00e1micas en Palma o capturando im\u00e1genes impresionantes en las Islas Baleares, el Profoto Connect Pro te ayuda a lograr una iluminaci\u00f3n perfecta en cada toma. Alqu\u00edlalo hoy en Palma Equipment Rental, donde encontrar\u00e1s una selecci\u00f3n de equipos de iluminaci\u00f3n, c\u00e1maras y accesorios de primera calidad, respaldados por un servicio experto y asistencia t\u00e9cnica 24\/7.<\/p>\n<p>&nbsp;<\/p>\n<p><a href=\"https:\/\/youtu.be\/g10ISHhKK98\">Check out our video!<\/a><\/p>\n","protected":false},"excerpt":{"rendered":"<p>El Profoto Connect Pro para Nikon ya est\u00e1 disponible para alquiler en Palma Equipment Rental. Dise\u00f1ado para integrarse perfectamente con c\u00e1maras Nikon, este disparador de flash garantiza un control preciso y sin esfuerzo de tu configuraci\u00f3n de iluminaci\u00f3n Profoto, convirti\u00e9ndose en una herramienta imprescindible para cualquier sesi\u00f3n profesional. \u2022Compatible con c\u00e1maras Nikon. \u2022Conexi\u00f3n fluida con la tecnolog\u00eda Profoto AirX para [&hellip;]<\/p>\n","protected":false},"featured_media":14357,"template":"","meta":[],"product_cat":[190],"product_tag":[],"class_list":{"0":"post-14360","1":"product","2":"type-product","3":"status-publish","4":"has-post-thumbnail","6":"product_cat-sincronizacion-remota","8":"first","9":"instock","10":"shipping-taxable","11":"purchasable","12":"product-type-simple"},"_links":{"self":[{"href":"https:\/\/palmaequipmentrental.com\/es\/wp-json\/wp\/v2\/product\/14360","targetHints":{"allow":["GET"]}}],"collection":[{"href":"https:\/\/palmaequipmentrental.com\/es\/wp-json\/wp\/v2\/product"}],"about":[{"href":"https:\/\/palmaequipmentrental.com\/es\/wp-json\/wp\/v2\/types\/product"}],"wp:featuredmedia":[{"embeddable":true,"href":"https:\/\/palmaequipmentrental.com\/es\/wp-json\/wp\/v2\/media\/14357"}],"wp:attachment":[{"href":"https:\/\/palmaequipmentrental.com\/es\/wp-json\/wp\/v2\/media?parent=14360"}],"wp:term":[{"taxonomy":"product_cat","embeddable":true,"href":"https:\/\/palmaequipmentrental.com\/es\/wp-json\/wp\/v2\/product_cat?post=14360"},{"taxonomy":"product_tag","embeddable":true,"href":"https:\/\/palmaequipmentrental.com\/es\/wp-json\/wp\/v2\/product_tag?post=14360"}],"curies":[{"name":"wp","href":"https:\/\/api.w.org\/{rel}","templated":true}]}}