{"id":14361,"date":"2024-12-19T11:12:24","date_gmt":"2024-12-19T11:12:24","guid":{"rendered":"https:\/\/www.palmaequipmentrental.com\/?post_type=product&#038;p=14361"},"modified":"2025-08-21T10:12:05","modified_gmt":"2025-08-21T10:12:05","slug":"profoto-connect-pro-para-sony","status":"publish","type":"product","link":"https:\/\/palmaequipmentrental.com\/es\/photo-video-equipment-mallorca\/profoto-connect-pro-para-sony\/","title":{"rendered":"Profoto Connect Pro para Sony"},"content":{"rendered":"<p class=\"p1\">El Profoto Connect Pro para Sony est\u00e1 disponible para alquiler en Palma Equipment Rental. Dise\u00f1ado para c\u00e1maras Sony, este avanzado disparador de flash proporciona un control preciso sobre tu sistema de iluminaci\u00f3n Profoto, permitiendo ajustes sin esfuerzo para resultados profesionales en cualquier set.<\/p>\n<p class=\"p2\">\u2022Compatible con c\u00e1maras Sony.<\/p>\n<p class=\"p2\">\u2022Conexi\u00f3n inal\u00e1mbrica fluida con la tecnolog\u00eda Profoto AirX.<\/p>\n<p class=\"p2\">\u2022Controles intuitivos y una pantalla grande y clara para un manejo r\u00e1pido.<\/p>\n<p class=\"p2\">\u2022Modos TTL y manual completos para mayor versatilidad creativa.<\/p>\n<p class=\"p2\">\u2022Rendimiento fiable con un alcance inal\u00e1mbrico de hasta 100 m.<\/p>\n<p class=\"p1\">Ideal para fot\u00f3grafos que trabajan en Palma o en las Islas Baleares, el Profoto Connect Pro para Sony garantiza un control de iluminaci\u00f3n consistente y eficiente. Alqu\u00edlalo hoy en Palma Equipment Rental, donde nuestra selecci\u00f3n premium de equipos, soporte experto y asistencia t\u00e9cnica 24\/7 aseguran que tus producciones se desarrollen sin problemas.<\/p>\n<p>&nbsp;<\/p>\n<p><a href=\"https:\/\/youtu.be\/sGG-yswTj1k\">Check out our video!<\/a><\/p>\n","protected":false},"excerpt":{"rendered":"<p>El Profoto Connect Pro para Sony est\u00e1 disponible para alquiler en Palma Equipment Rental. Dise\u00f1ado para c\u00e1maras Sony, este avanzado disparador de flash proporciona un control preciso sobre tu sistema de iluminaci\u00f3n Profoto, permitiendo ajustes sin esfuerzo para resultados profesionales en cualquier set. \u2022Compatible con c\u00e1maras Sony. \u2022Conexi\u00f3n inal\u00e1mbrica fluida con la tecnolog\u00eda Profoto AirX. \u2022Controles intuitivos y una pantalla [&hellip;]<\/p>\n","protected":false},"featured_media":14357,"template":"","meta":[],"product_cat":[190],"product_tag":[],"class_list":{"0":"post-14361","1":"product","2":"type-product","3":"status-publish","4":"has-post-thumbnail","6":"product_cat-sincronizacion-remota","8":"first","9":"instock","10":"shipping-taxable","11":"purchasable","12":"product-type-simple"},"_links":{"self":[{"href":"https:\/\/palmaequipmentrental.com\/es\/wp-json\/wp\/v2\/product\/14361","targetHints":{"allow":["GET"]}}],"collection":[{"href":"https:\/\/palmaequipmentrental.com\/es\/wp-json\/wp\/v2\/product"}],"about":[{"href":"https:\/\/palmaequipmentrental.com\/es\/wp-json\/wp\/v2\/types\/product"}],"wp:featuredmedia":[{"embeddable":true,"href":"https:\/\/palmaequipmentrental.com\/es\/wp-json\/wp\/v2\/media\/14357"}],"wp:attachment":[{"href":"https:\/\/palmaequipmentrental.com\/es\/wp-json\/wp\/v2\/media?parent=14361"}],"wp:term":[{"taxonomy":"product_cat","embeddable":true,"href":"https:\/\/palmaequipmentrental.com\/es\/wp-json\/wp\/v2\/product_cat?post=14361"},{"taxonomy":"product_tag","embeddable":true,"href":"https:\/\/palmaequipmentrental.com\/es\/wp-json\/wp\/v2\/product_tag?post=14361"}],"curies":[{"name":"wp","href":"https:\/\/api.w.org\/{rel}","templated":true}]}}