{"id":14365,"date":"2024-12-19T11:19:20","date_gmt":"2024-12-19T11:19:20","guid":{"rendered":"https:\/\/www.palmaequipmentrental.com\/?post_type=product&#038;p=14365"},"modified":"2025-08-21T10:00:41","modified_gmt":"2025-08-21T10:00:41","slug":"profoto-connect-pro-para-fuji","status":"publish","type":"product","link":"https:\/\/palmaequipmentrental.com\/es\/photo-video-equipment-mallorca\/profoto-connect-pro-para-fuji\/","title":{"rendered":"Profoto Connect Pro para Fuji"},"content":{"rendered":"<p class=\"p1\">El Profoto Connect Pro para Fuji ya est\u00e1 disponible para alquiler en Palma Equipment Rental. Dise\u00f1ado espec\u00edficamente para c\u00e1maras Fuji, este disparador de flash ofrece un control inal\u00e1mbrico fluido de tu sistema de iluminaci\u00f3n Profoto, convirti\u00e9ndolo en una herramienta imprescindible para sesiones profesionales que exigen precisi\u00f3n y facilidad.<\/p>\n<p class=\"p2\">\u2022Compatible con c\u00e1maras Fuji.<\/p>\n<p class=\"p2\">\u2022Integraci\u00f3n con la tecnolog\u00eda Profoto AirX para un control inal\u00e1mbrico fiable.<\/p>\n<p class=\"p2\">\u2022Interfaz intuitiva con una pantalla grande y clara para ajustes r\u00e1pidos.<\/p>\n<p class=\"p2\">\u2022Compatible con modos TTL y manual completos para flexibilidad creativa.<\/p>\n<p class=\"p2\">\u2022Rendimiento fiable con un alcance inal\u00e1mbrico de hasta 100 m.<\/p>\n<p class=\"p1\">Ya sea trabajando en locaciones en Palma o explorando las Islas Baleares, el Profoto Connect Pro para Fuji garantiza un control de iluminaci\u00f3n fluido y consistente. Alqu\u00edlalo hoy en Palma Equipment Rental, donde nuestra selecci\u00f3n premium de equipos, experiencia t\u00e9cnica y soporte 24\/7 mantienen tus producciones en marcha.<\/p>\n<p>&nbsp;<\/p>\n<p><a href=\"https:\/\/youtu.be\/U4n3tQa9zIg\">Check out our video!<\/a><\/p>\n","protected":false},"excerpt":{"rendered":"<p>El Profoto Connect Pro para Fuji ya est\u00e1 disponible para alquiler en Palma Equipment Rental. Dise\u00f1ado espec\u00edficamente para c\u00e1maras Fuji, este disparador de flash ofrece un control inal\u00e1mbrico fluido de tu sistema de iluminaci\u00f3n Profoto, convirti\u00e9ndolo en una herramienta imprescindible para sesiones profesionales que exigen precisi\u00f3n y facilidad. \u2022Compatible con c\u00e1maras Fuji. \u2022Integraci\u00f3n con la tecnolog\u00eda Profoto AirX para un [&hellip;]<\/p>\n","protected":false},"featured_media":14357,"template":"","meta":[],"product_cat":[190],"product_tag":[],"class_list":{"0":"post-14365","1":"product","2":"type-product","3":"status-publish","4":"has-post-thumbnail","6":"product_cat-sincronizacion-remota","8":"first","9":"instock","10":"shipping-taxable","11":"purchasable","12":"product-type-simple"},"_links":{"self":[{"href":"https:\/\/palmaequipmentrental.com\/es\/wp-json\/wp\/v2\/product\/14365","targetHints":{"allow":["GET"]}}],"collection":[{"href":"https:\/\/palmaequipmentrental.com\/es\/wp-json\/wp\/v2\/product"}],"about":[{"href":"https:\/\/palmaequipmentrental.com\/es\/wp-json\/wp\/v2\/types\/product"}],"wp:featuredmedia":[{"embeddable":true,"href":"https:\/\/palmaequipmentrental.com\/es\/wp-json\/wp\/v2\/media\/14357"}],"wp:attachment":[{"href":"https:\/\/palmaequipmentrental.com\/es\/wp-json\/wp\/v2\/media?parent=14365"}],"wp:term":[{"taxonomy":"product_cat","embeddable":true,"href":"https:\/\/palmaequipmentrental.com\/es\/wp-json\/wp\/v2\/product_cat?post=14365"},{"taxonomy":"product_tag","embeddable":true,"href":"https:\/\/palmaequipmentrental.com\/es\/wp-json\/wp\/v2\/product_tag?post=14365"}],"curies":[{"name":"wp","href":"https:\/\/api.w.org\/{rel}","templated":true}]}}