{"id":14367,"date":"2024-12-19T12:02:35","date_gmt":"2024-12-19T12:02:35","guid":{"rendered":"https:\/\/www.palmaequipmentrental.com\/?post_type=product&#038;p=14367"},"modified":"2024-12-19T12:25:33","modified_gmt":"2024-12-19T12:25:33","slug":"profoto-clic-ocf-adapter-ii","status":"publish","type":"product","link":"https:\/\/palmaequipmentrental.com\/es\/photo-video-equipment-mallorca\/profoto-clic-ocf-adapter-ii\/","title":{"rendered":"Profoto Clic OCF Adapter II"},"content":{"rendered":"<p class=\"p1\">El Profoto Clic OCF Adapter II ampl\u00eda las capacidades de los flashes de la serie A de Profoto al permitir una integraci\u00f3n perfecta con una amplia gama de herramientas de modelado de luz OCF. Compacto, duradero y altamente vers\u00e1til, es la soluci\u00f3n perfecta para fot\u00f3grafos que buscan mejorar sus configuraciones de iluminaci\u00f3n creativa.<\/p>\n<p class=\"p2\">\u2022Compatible con flashes de la serie A de Profoto, incluidos A1, A1X, A10 y C1 Plus.<\/p>\n<p class=\"p2\">\u2022Permite el uso de softboxes OCF, reflectores y otras herramientas de modelado de luz.<\/p>\n<p class=\"p2\">\u2022Dise\u00f1o ligero y robusto para mayor comodidad en movimiento.<\/p>\n<p class=\"p2\">\u2022Montura magn\u00e9tica para una fijaci\u00f3n r\u00e1pida y segura.<\/p>\n<p class=\"p2\">\u2022Montura integrada para paraguas, ofreciendo mayor versatilidad.<\/p>\n<p class=\"p1\">Ideal tanto para sesiones en estudio como en exteriores en Palma o en las Islas Baleares, el Profoto Clic OCF Adapter II garantiza que tengas las herramientas necesarias para modelar la luz seg\u00fan tu visi\u00f3n. Alqu\u00edlalo en Palma Equipment Rental, donde encontrar\u00e1s equipos de nivel profesional, soporte experto y asistencia 24\/7 para que tu sesi\u00f3n se desarrolle sin problemas.<\/p>\n","protected":false},"excerpt":{"rendered":"<p>El Profoto Clic OCF Adapter II ampl\u00eda las capacidades de los flashes de la serie A de Profoto al permitir una integraci\u00f3n perfecta con una amplia gama de herramientas de modelado de luz OCF. Compacto, duradero y altamente vers\u00e1til, es la soluci\u00f3n perfecta para fot\u00f3grafos que buscan mejorar sus configuraciones de iluminaci\u00f3n creativa. \u2022Compatible con flashes de la serie A [&hellip;]<\/p>\n","protected":false},"featured_media":14370,"template":"","meta":[],"product_cat":[789,787],"product_tag":[],"class_list":{"0":"post-14367","1":"product","2":"type-product","3":"status-publish","4":"has-post-thumbnail","6":"product_cat-click-modeladores-de-luz","7":"product_cat-ocf-modeladores-de-luz","9":"first","10":"instock","11":"shipping-taxable","12":"purchasable","13":"product-type-simple"},"_links":{"self":[{"href":"https:\/\/palmaequipmentrental.com\/es\/wp-json\/wp\/v2\/product\/14367","targetHints":{"allow":["GET"]}}],"collection":[{"href":"https:\/\/palmaequipmentrental.com\/es\/wp-json\/wp\/v2\/product"}],"about":[{"href":"https:\/\/palmaequipmentrental.com\/es\/wp-json\/wp\/v2\/types\/product"}],"wp:featuredmedia":[{"embeddable":true,"href":"https:\/\/palmaequipmentrental.com\/es\/wp-json\/wp\/v2\/media\/14370"}],"wp:attachment":[{"href":"https:\/\/palmaequipmentrental.com\/es\/wp-json\/wp\/v2\/media?parent=14367"}],"wp:term":[{"taxonomy":"product_cat","embeddable":true,"href":"https:\/\/palmaequipmentrental.com\/es\/wp-json\/wp\/v2\/product_cat?post=14367"},{"taxonomy":"product_tag","embeddable":true,"href":"https:\/\/palmaequipmentrental.com\/es\/wp-json\/wp\/v2\/product_tag?post=14367"}],"curies":[{"name":"wp","href":"https:\/\/api.w.org\/{rel}","templated":true}]}}