{"id":14377,"date":"2025-02-04T14:50:39","date_gmt":"2025-02-04T14:50:39","guid":{"rendered":"https:\/\/www.palmaequipmentrental.com\/?post_type=product&#038;p=14377"},"modified":"2025-06-12T14:01:36","modified_gmt":"2025-06-12T14:01:36","slug":"aputure-ls-1200d-pro-1","status":"publish","type":"product","link":"https:\/\/palmaequipmentrental.com\/es\/photo-video-equipment-mallorca\/aputure-ls-1200d-pro-1\/","title":{"rendered":"Aputure LS 1200D Pro"},"content":{"rendered":"<p>Nuestro<strong> Aputure Light Storm 1200d Pro<\/strong> incluye:<\/p>\n<ul>\n<li>Foco COB LED\u00a0LS 1200d Pro<\/li>\n<li>Caja de control de potencia LS 1200D<\/li>\n<li>Pinza de agarre<\/li>\n<li>Hiper Reflector Estrecho<\/li>\n<li>Hiper Reflector Mediano<\/li>\n<li>Hiper Reflector Ancho<\/li>\n<\/ul>\n<p>El <strong>LS 1200d Pro<\/strong> es la unidad con m\u00e1s potencia lum\u00ednica de la l\u00ednea Light Storm de Aputure. Esta poderosa luz LED COB tiene una potente potencia de 1200W de luz diurna LED para competir al mismo nivel que las luces HMI est\u00e1ndar de la industria.<\/p>\n<p><strong>Especificaciones:<\/strong><\/p>\n<ul>\n<li><strong>Potencia: 1200W<\/strong> Salida comparable a una HMI de 1600W<\/li>\n<li>83.100+ lux de salida a 3 metros con el Hyper Reflector Narrow<\/li>\n<li>Temperatura de color: 5600K<\/li>\n<li>Precisi\u00f3n del color: CRI 95 TLCI 95 CQS 96<\/li>\n<li>Atenuaci\u00f3n: de 0,1 a 100% (continua)<\/li>\n<li>Montaje del reflector: tipo S de Bowens<\/li>\n<li>Montura: Perno Junior pin de 1-1\/8&#8243;<\/li>\n<\/ul>\n","protected":false},"excerpt":{"rendered":"<p>Nuestro Aputure Light Storm 1200d Pro incluye: Foco COB LED\u00a0LS 1200d Pro Caja de control de potencia LS 1200D Pinza de agarre Hiper Reflector Estrecho Hiper Reflector Mediano Hiper Reflector Ancho El LS 1200d Pro es la unidad con m\u00e1s potencia lum\u00ednica de la l\u00ednea Light Storm de Aputure. Esta poderosa luz LED COB tiene una potente potencia de 1200W [&hellip;]<\/p>\n","protected":false},"featured_media":11084,"template":"","meta":[],"product_cat":[778,780],"product_tag":[],"class_list":{"0":"post-14377","1":"product","2":"type-product","3":"status-publish","4":"has-post-thumbnail","6":"product_cat-aputure-iluminacion-v","7":"product_cat-aputure-iluminacion","9":"first","10":"instock","11":"shipping-taxable","12":"purchasable","13":"product-type-simple"},"_links":{"self":[{"href":"https:\/\/palmaequipmentrental.com\/es\/wp-json\/wp\/v2\/product\/14377","targetHints":{"allow":["GET"]}}],"collection":[{"href":"https:\/\/palmaequipmentrental.com\/es\/wp-json\/wp\/v2\/product"}],"about":[{"href":"https:\/\/palmaequipmentrental.com\/es\/wp-json\/wp\/v2\/types\/product"}],"wp:featuredmedia":[{"embeddable":true,"href":"https:\/\/palmaequipmentrental.com\/es\/wp-json\/wp\/v2\/media\/11084"}],"wp:attachment":[{"href":"https:\/\/palmaequipmentrental.com\/es\/wp-json\/wp\/v2\/media?parent=14377"}],"wp:term":[{"taxonomy":"product_cat","embeddable":true,"href":"https:\/\/palmaequipmentrental.com\/es\/wp-json\/wp\/v2\/product_cat?post=14377"},{"taxonomy":"product_tag","embeddable":true,"href":"https:\/\/palmaequipmentrental.com\/es\/wp-json\/wp\/v2\/product_tag?post=14377"}],"curies":[{"name":"wp","href":"https:\/\/api.w.org\/{rel}","templated":true}]}}