{"id":14417,"date":"2025-02-07T09:56:31","date_gmt":"2025-02-07T09:56:31","guid":{"rendered":"https:\/\/www.palmaequipmentrental.com\/?post_type=product&#038;p=14417"},"modified":"2026-03-10T15:39:31","modified_gmt":"2026-03-10T15:39:31","slug":"maquina-de-humo-grande","status":"publish","type":"product","link":"https:\/\/palmaequipmentrental.com\/es\/photo-video-equipment-mallorca\/maquina-de-humo-grande\/","title":{"rendered":"M\u00e0quina de Humo Red Fog 3000"},"content":{"rendered":"<p data-start=\"12\" data-end=\"510\">La <strong data-start=\"15\" data-end=\"45\">Red Fog 3000 Smoke Machine<\/strong> es una potente m\u00e1quina de humo profesional disponible para alquiler en <strong data-start=\"117\" data-end=\"143\">Palma Equipment Rental<\/strong>, dise\u00f1ada para generar niebla densa y crear atm\u00f3sferas marcadas en sesiones fotogr\u00e1ficas, rodajes y producciones comerciales. Gracias a su gran potencia y r\u00e1pido tiempo de calentamiento, puede llenar r\u00e1pidamente un espacio con humo espeso, haciendo visibles los haces de luz y aportando un ambiente dram\u00e1tico a shootings de moda, videoclips y campa\u00f1as publicitarias.<\/p>\n<ul data-start=\"512\" data-end=\"883\">\n<li data-section-id=\"1k25fhb\" data-start=\"512\" data-end=\"561\">\n<p data-start=\"514\" data-end=\"561\"><strong data-start=\"514\" data-end=\"559\">M\u00e1quina de humo de alta potencia de 3000W<\/strong><\/p>\n<\/li>\n<li data-section-id=\"1z16rz\" data-start=\"562\" data-end=\"632\">\n<p data-start=\"564\" data-end=\"632\">Produce <strong data-start=\"572\" data-end=\"595\">humo denso y espeso<\/strong> para efectos atmosf\u00e9ricos intensos<\/p>\n<\/li>\n<li data-section-id=\"4qmd1u\" data-start=\"633\" data-end=\"691\">\n<p data-start=\"635\" data-end=\"691\">Tiempo de calentamiento r\u00e1pido para uso \u00e1gil en rodaje<\/p>\n<\/li>\n<li data-section-id=\"1hb0ot0\" data-start=\"692\" data-end=\"730\">\n<p data-start=\"694\" data-end=\"730\">Salida continua con control remoto<\/p>\n<\/li>\n<li data-section-id=\"1tjzbci\" data-start=\"731\" data-end=\"791\">\n<p data-start=\"733\" data-end=\"791\">Dep\u00f3sito de fluido de gran capacidad para uso prolongado<\/p>\n<\/li>\n<li data-section-id=\"zzhjpa\" data-start=\"792\" data-end=\"846\">\n<p data-start=\"794\" data-end=\"846\">Adecuada para <strong data-start=\"808\" data-end=\"844\">estudio y grandes localizaciones<\/strong><\/p>\n<\/li>\n<li data-section-id=\"7q0u7e\" data-start=\"847\" data-end=\"883\">\n<p data-start=\"849\" data-end=\"883\">Construcci\u00f3n profesional robusta<\/p>\n<\/li>\n<\/ul>\n<p data-start=\"885\" data-end=\"1059\">Ideal para producciones que necesitan humo atmosf\u00e9rico potente para moldear la luz, crear escenas dram\u00e1ticas y a\u00f1adir profundidad cinematogr\u00e1fica a proyectos de foto y v\u00eddeo.<\/p>\n<p data-start=\"1061\" data-end=\"1567\"><strong data-start=\"1061\" data-end=\"1087\">Palma Equipment Rental<\/strong> suministra la Red Fog 3000 con el <strong data-start=\"1122\" data-end=\"1177\">dep\u00f3sito lleno de fluido profesional a base de agua<\/strong>, con fluido adicional disponible para compra bajo petici\u00f3n. Ofrecemos alquiler de equipos profesionales de c\u00e1mara, iluminaci\u00f3n, digital y grip para fot\u00f3grafos, cineastas y productoras que trabajan en <strong data-start=\"1378\" data-end=\"1433\">Mallorca, Menorca, Ibiza, Formentera y la pen\u00ednsula<\/strong>, adem\u00e1s de veh\u00edculos de producci\u00f3n, entregas en localizaci\u00f3n y <strong data-start=\"1497\" data-end=\"1521\">soporte t\u00e9cnico 24\/7<\/strong> para que los rodajes funcionen sin problemas.<\/p>\n","protected":false},"excerpt":{"rendered":"<p>La Red Fog 3000 Smoke Machine es una potente m\u00e1quina de humo profesional disponible para alquiler en Palma Equipment Rental, dise\u00f1ada para generar niebla densa y crear atm\u00f3sferas marcadas en sesiones fotogr\u00e1ficas, rodajes y producciones comerciales. Gracias a su gran potencia y r\u00e1pido tiempo de calentamiento, puede llenar r\u00e1pidamente un espacio con humo espeso, haciendo visibles los haces de luz [&hellip;]<\/p>\n","protected":false},"featured_media":14420,"template":"","meta":[],"product_cat":[215,214],"product_tag":[],"class_list":{"0":"post-14417","1":"product","2":"type-product","3":"status-publish","4":"has-post-thumbnail","6":"product_cat-maquinas-de-humo-2","7":"product_cat-maquinas-de-humo-1","9":"first","10":"instock","11":"shipping-taxable","12":"purchasable","13":"product-type-simple"},"_links":{"self":[{"href":"https:\/\/palmaequipmentrental.com\/es\/wp-json\/wp\/v2\/product\/14417","targetHints":{"allow":["GET"]}}],"collection":[{"href":"https:\/\/palmaequipmentrental.com\/es\/wp-json\/wp\/v2\/product"}],"about":[{"href":"https:\/\/palmaequipmentrental.com\/es\/wp-json\/wp\/v2\/types\/product"}],"wp:featuredmedia":[{"embeddable":true,"href":"https:\/\/palmaequipmentrental.com\/es\/wp-json\/wp\/v2\/media\/14420"}],"wp:attachment":[{"href":"https:\/\/palmaequipmentrental.com\/es\/wp-json\/wp\/v2\/media?parent=14417"}],"wp:term":[{"taxonomy":"product_cat","embeddable":true,"href":"https:\/\/palmaequipmentrental.com\/es\/wp-json\/wp\/v2\/product_cat?post=14417"},{"taxonomy":"product_tag","embeddable":true,"href":"https:\/\/palmaequipmentrental.com\/es\/wp-json\/wp\/v2\/product_tag?post=14417"}],"curies":[{"name":"wp","href":"https:\/\/api.w.org\/{rel}","templated":true}]}}