{"id":14457,"date":"2025-06-09T13:00:06","date_gmt":"2025-06-09T13:00:06","guid":{"rendered":"https:\/\/www.palmaequipmentrental.com\/?post_type=product&#038;p=14457"},"modified":"2025-08-06T10:11:42","modified_gmt":"2025-08-06T10:11:42","slug":"profoto-b3","status":"publish","type":"product","link":"https:\/\/palmaequipmentrental.com\/es\/photo-video-equipment-mallorca\/profoto-b3\/","title":{"rendered":"Profoto Pro-B3"},"content":{"rendered":"<p data-start=\"208\" data-end=\"564\">El Profoto Pro-B3 750Ws est\u00e1 dise\u00f1ado para sesiones fotogr\u00e1ficas de alto rendimiento en entornos extremos. Pensado para fotograf\u00eda de acci\u00f3n, aventura y localizaci\u00f3n, ofrece un reciclaje r\u00e1pido, fiabilidad total y una potente iluminaci\u00f3n con bater\u00eda all\u00e1 donde lo necesites. Ya sea en la monta\u00f1a, en la playa o en el desierto, este generador no te fallar\u00e1.<\/p>\n<p data-start=\"566\" data-end=\"598\"><strong data-start=\"566\" data-end=\"596\">Especificaciones t\u00e9cnicas:<\/strong><\/p>\n<ul data-start=\"599\" data-end=\"851\">\n<li data-start=\"599\" data-end=\"630\">\n<p data-start=\"601\" data-end=\"630\">Potencia de destello: 750Ws<\/p>\n<\/li>\n<li data-start=\"631\" data-end=\"678\">\n<p data-start=\"633\" data-end=\"678\">Alimentaci\u00f3n por bater\u00eda con gran autonom\u00eda<\/p>\n<\/li>\n<li data-start=\"679\" data-end=\"709\">\n<p data-start=\"681\" data-end=\"709\">Tiempo de reciclaje r\u00e1pido<\/p>\n<\/li>\n<li data-start=\"710\" data-end=\"757\">\n<p data-start=\"712\" data-end=\"757\">Dise\u00f1o robusto y resistente a la intemperie<\/p>\n<\/li>\n<li data-start=\"758\" data-end=\"794\">\n<p data-start=\"760\" data-end=\"794\">Integraci\u00f3n con Profoto Air Sync<\/p>\n<\/li>\n<li data-start=\"795\" data-end=\"851\">\n<p data-start=\"797\" data-end=\"851\">Compatible con una amplia gama de modificadores de luz<\/p>\n<\/li>\n<\/ul>\n<p data-start=\"853\" data-end=\"1197\">Ideal para profesionales exigentes que necesitan potencia de flash fiable incluso en las condiciones m\u00e1s duras. Disponible en Palma Equipment Rental en Palma de Mallorca, Espa\u00f1a. Ofrecemos alquiler de equipos de primer nivel y soporte t\u00e9cnico 24\/7 para fot\u00f3grafos, vide\u00f3grafos y equipos de producci\u00f3n en todas las Islas Baleares y la pen\u00ednsula.<\/p>\n<p data-start=\"853\" data-end=\"1197\"><a href=\"https:\/\/youtu.be\/C6REyrJaKLc\">Check our video!<\/a><\/p>\n","protected":false},"excerpt":{"rendered":"<p>El Profoto Pro-B3 750Ws est\u00e1 dise\u00f1ado para sesiones fotogr\u00e1ficas de alto rendimiento en entornos extremos. Pensado para fotograf\u00eda de acci\u00f3n, aventura y localizaci\u00f3n, ofrece un reciclaje r\u00e1pido, fiabilidad total y una potente iluminaci\u00f3n con bater\u00eda all\u00e1 donde lo necesites. Ya sea en la monta\u00f1a, en la playa o en el desierto, este generador no te fallar\u00e1. Especificaciones t\u00e9cnicas: Potencia de [&hellip;]<\/p>\n","protected":false},"featured_media":14460,"template":"","meta":[],"product_cat":[396],"product_tag":[],"class_list":{"0":"post-14457","1":"product","2":"type-product","3":"status-publish","4":"has-post-thumbnail","6":"product_cat-monobloc","8":"first","9":"instock","10":"featured","11":"shipping-taxable","12":"purchasable","13":"product-type-simple"},"_links":{"self":[{"href":"https:\/\/palmaequipmentrental.com\/es\/wp-json\/wp\/v2\/product\/14457","targetHints":{"allow":["GET"]}}],"collection":[{"href":"https:\/\/palmaequipmentrental.com\/es\/wp-json\/wp\/v2\/product"}],"about":[{"href":"https:\/\/palmaequipmentrental.com\/es\/wp-json\/wp\/v2\/types\/product"}],"wp:featuredmedia":[{"embeddable":true,"href":"https:\/\/palmaequipmentrental.com\/es\/wp-json\/wp\/v2\/media\/14460"}],"wp:attachment":[{"href":"https:\/\/palmaequipmentrental.com\/es\/wp-json\/wp\/v2\/media?parent=14457"}],"wp:term":[{"taxonomy":"product_cat","embeddable":true,"href":"https:\/\/palmaequipmentrental.com\/es\/wp-json\/wp\/v2\/product_cat?post=14457"},{"taxonomy":"product_tag","embeddable":true,"href":"https:\/\/palmaequipmentrental.com\/es\/wp-json\/wp\/v2\/product_tag?post=14457"}],"curies":[{"name":"wp","href":"https:\/\/api.w.org\/{rel}","templated":true}]}}