{"id":14463,"date":"2025-06-09T13:37:37","date_gmt":"2025-06-09T13:37:38","guid":{"rendered":"https:\/\/www.palmaequipmentrental.com\/?post_type=product&#038;p=14463"},"modified":"2025-06-09T13:45:46","modified_gmt":"2025-06-09T13:45:46","slug":"profoto-bateria-b3","status":"publish","type":"product","link":"https:\/\/palmaequipmentrental.com\/es\/photo-video-equipment-mallorca\/profoto-bateria-b3\/","title":{"rendered":"Profoto Bater\u00eda Li-Ion B3"},"content":{"rendered":"<p data-start=\"225\" data-end=\"592\">Mant\u00e9n tu equipo con energ\u00eda en cualquier localizaci\u00f3n con la bater\u00eda adicional para el Profoto Pro-B3, disponible en Palma Equipment Rental. Dise\u00f1ada para el generador Pro-B3 de 750Ws, esta bater\u00eda de alta capacidad es ideal para sesiones exigentes en exteriores o situaciones de ritmo acelerado. Tener una bater\u00eda extra garantiza que tu creatividad no se detenga.<\/p>\n<p data-start=\"594\" data-end=\"626\"><strong data-start=\"594\" data-end=\"624\">Especificaciones t\u00e9cnicas:<\/strong><\/p>\n<ul data-start=\"627\" data-end=\"863\">\n<li data-start=\"627\" data-end=\"679\">\n<p data-start=\"629\" data-end=\"679\">Compatible con el generador Profoto Pro-B3 750Ws<\/p>\n<\/li>\n<li data-start=\"680\" data-end=\"718\">\n<p data-start=\"682\" data-end=\"718\">Bater\u00eda de litio de alta capacidad<\/p>\n<\/li>\n<li data-start=\"719\" data-end=\"769\">\n<p data-start=\"721\" data-end=\"769\">Rendimiento duradero para sesiones prolongadas<\/p>\n<\/li>\n<li data-start=\"770\" data-end=\"797\">\n<p data-start=\"772\" data-end=\"797\">Dise\u00f1o robusto y fiable<\/p>\n<\/li>\n<li data-start=\"798\" data-end=\"827\">\n<p data-start=\"800\" data-end=\"827\">F\u00e1cil de montar y cambiar<\/p>\n<\/li>\n<li data-start=\"828\" data-end=\"863\">\n<p data-start=\"830\" data-end=\"863\">Compacta y f\u00e1cil de transportar<\/p>\n<\/li>\n<\/ul>\n<p data-start=\"865\" data-end=\"1116\">Perfecta para fot\u00f3grafos profesionales trabajando en exteriores. En Palma Equipment Rental ofrecemos el mejor equipo de fotograf\u00eda y v\u00eddeo en Mallorca, Menorca, Ibiza, Formentera y la pen\u00ednsula, con atenci\u00f3n flexible, eficiente y soporte t\u00e9cnico 24\/7.<\/p>\n","protected":false},"excerpt":{"rendered":"<p>Mant\u00e9n tu equipo con energ\u00eda en cualquier localizaci\u00f3n con la bater\u00eda adicional para el Profoto Pro-B3, disponible en Palma Equipment Rental. Dise\u00f1ada para el generador Pro-B3 de 750Ws, esta bater\u00eda de alta capacidad es ideal para sesiones exigentes en exteriores o situaciones de ritmo acelerado. Tener una bater\u00eda extra garantiza que tu creatividad no se detenga. Especificaciones t\u00e9cnicas: Compatible con [&hellip;]<\/p>\n","protected":false},"featured_media":14466,"template":"","meta":[],"product_cat":[389],"product_tag":[],"class_list":{"0":"post-14463","1":"product","2":"type-product","3":"status-publish","4":"has-post-thumbnail","6":"product_cat-baterias-cargadores","8":"first","9":"instock","10":"shipping-taxable","11":"purchasable","12":"product-type-simple"},"_links":{"self":[{"href":"https:\/\/palmaequipmentrental.com\/es\/wp-json\/wp\/v2\/product\/14463","targetHints":{"allow":["GET"]}}],"collection":[{"href":"https:\/\/palmaequipmentrental.com\/es\/wp-json\/wp\/v2\/product"}],"about":[{"href":"https:\/\/palmaequipmentrental.com\/es\/wp-json\/wp\/v2\/types\/product"}],"wp:featuredmedia":[{"embeddable":true,"href":"https:\/\/palmaequipmentrental.com\/es\/wp-json\/wp\/v2\/media\/14466"}],"wp:attachment":[{"href":"https:\/\/palmaequipmentrental.com\/es\/wp-json\/wp\/v2\/media?parent=14463"}],"wp:term":[{"taxonomy":"product_cat","embeddable":true,"href":"https:\/\/palmaequipmentrental.com\/es\/wp-json\/wp\/v2\/product_cat?post=14463"},{"taxonomy":"product_tag","embeddable":true,"href":"https:\/\/palmaequipmentrental.com\/es\/wp-json\/wp\/v2\/product_tag?post=14463"}],"curies":[{"name":"wp","href":"https:\/\/api.w.org\/{rel}","templated":true}]}}