{"id":14469,"date":"2025-06-09T13:54:09","date_gmt":"2025-06-09T13:54:09","guid":{"rendered":"https:\/\/www.palmaequipmentrental.com\/?post_type=product&#038;p=14469"},"modified":"2025-06-09T14:18:07","modified_gmt":"2025-06-09T14:18:07","slug":"profoto-cargador-bateria-b3","status":"publish","type":"product","link":"https:\/\/palmaequipmentrental.com\/es\/photo-video-equipment-mallorca\/profoto-cargador-bateria-b3\/","title":{"rendered":"Profoto Cargador Bater\u00eda B3"},"content":{"rendered":"<p data-start=\"237\" data-end=\"520\">Mant\u00e9n tu Profoto Pro-B3 listo para la acci\u00f3n con este cargador de bater\u00eda de 5A, disponible para alquiler en Palma Equipment Rental. Dise\u00f1ado espec\u00edficamente para el generador Pro-B3 de 750Ws, este cargador garantiza una carga segura y eficiente tanto en exteriores como en estudio.<\/p>\n<p data-start=\"522\" data-end=\"554\"><strong data-start=\"522\" data-end=\"552\">Especificaciones t\u00e9cnicas:<\/strong><\/p>\n<ul data-start=\"555\" data-end=\"842\">\n<li data-start=\"555\" data-end=\"606\">\n<p data-start=\"557\" data-end=\"606\">Compatible con bater\u00edas Profoto Pro-B3 de 750Ws<\/p>\n<\/li>\n<li data-start=\"607\" data-end=\"665\">\n<p data-start=\"609\" data-end=\"665\">Corriente de carga de 5A para tiempos de carga r\u00e1pidos<\/p>\n<\/li>\n<li data-start=\"666\" data-end=\"698\">\n<p data-start=\"668\" data-end=\"698\">Dise\u00f1o compacto y resistente<\/p>\n<\/li>\n<li data-start=\"699\" data-end=\"749\">\n<p data-start=\"701\" data-end=\"749\">Fiable y duradero para uso en viajes y rodajes<\/p>\n<\/li>\n<li data-start=\"750\" data-end=\"803\">\n<p data-start=\"752\" data-end=\"803\">Entrada de corriente est\u00e1ndar con enchufe europeo<\/p>\n<\/li>\n<li data-start=\"804\" data-end=\"842\">\n<p data-start=\"806\" data-end=\"842\">Indicadores LED de estado de carga<\/p>\n<\/li>\n<\/ul>\n<p data-start=\"844\" data-end=\"1178\">Perfecto como cargador principal o de respaldo en rodajes intensos. Palma Equipment Rental ofrece alquiler de equipos profesionales de fotograf\u00eda y v\u00eddeo en Palma de Mallorca, en todas las Islas Baleares y en la pen\u00ednsula. Ofrecemos equipos fiables, soporte t\u00e9cnico 24\/7 y un servicio flexible para que tu producci\u00f3n nunca se detenga.<\/p>\n","protected":false},"excerpt":{"rendered":"<p>Mant\u00e9n tu Profoto Pro-B3 listo para la acci\u00f3n con este cargador de bater\u00eda de 5A, disponible para alquiler en Palma Equipment Rental. Dise\u00f1ado espec\u00edficamente para el generador Pro-B3 de 750Ws, este cargador garantiza una carga segura y eficiente tanto en exteriores como en estudio. Especificaciones t\u00e9cnicas: Compatible con bater\u00edas Profoto Pro-B3 de 750Ws Corriente de carga de 5A para tiempos [&hellip;]<\/p>\n","protected":false},"featured_media":14472,"template":"","meta":[],"product_cat":[389],"product_tag":[],"class_list":{"0":"post-14469","1":"product","2":"type-product","3":"status-publish","4":"has-post-thumbnail","6":"product_cat-baterias-cargadores","8":"first","9":"instock","10":"shipping-taxable","11":"purchasable","12":"product-type-simple"},"_links":{"self":[{"href":"https:\/\/palmaequipmentrental.com\/es\/wp-json\/wp\/v2\/product\/14469","targetHints":{"allow":["GET"]}}],"collection":[{"href":"https:\/\/palmaequipmentrental.com\/es\/wp-json\/wp\/v2\/product"}],"about":[{"href":"https:\/\/palmaequipmentrental.com\/es\/wp-json\/wp\/v2\/types\/product"}],"wp:featuredmedia":[{"embeddable":true,"href":"https:\/\/palmaequipmentrental.com\/es\/wp-json\/wp\/v2\/media\/14472"}],"wp:attachment":[{"href":"https:\/\/palmaequipmentrental.com\/es\/wp-json\/wp\/v2\/media?parent=14469"}],"wp:term":[{"taxonomy":"product_cat","embeddable":true,"href":"https:\/\/palmaequipmentrental.com\/es\/wp-json\/wp\/v2\/product_cat?post=14469"},{"taxonomy":"product_tag","embeddable":true,"href":"https:\/\/palmaequipmentrental.com\/es\/wp-json\/wp\/v2\/product_tag?post=14469"}],"curies":[{"name":"wp","href":"https:\/\/api.w.org\/{rel}","templated":true}]}}