{"id":14971,"date":"2025-06-12T11:25:00","date_gmt":"2025-06-12T11:25:00","guid":{"rendered":"https:\/\/www.palmaequipmentrental.com\/?post_type=product&#038;p=14971"},"modified":"2025-06-17T12:26:05","modified_gmt":"2025-06-17T12:26:05","slug":"ipad-pro-12-9-128gb","status":"publish","type":"product","link":"https:\/\/palmaequipmentrental.com\/es\/photo-video-equipment-mallorca\/ipad-pro-12-9-128gb\/","title":{"rendered":"iPad Pro 12.9&#8243; 128GB"},"content":{"rendered":"<p data-start=\"127\" data-end=\"476\">El iPad Pro de 12,9&#8243; (128GB) es una herramienta potente y vers\u00e1til ideal para equipos de producci\u00f3n, t\u00e9cnicos digitales, estilistas y profesionales en rodaje. Con su brillante pantalla Liquid Retina XDR y su r\u00e1pido chip M2, es perfecto para gestionar elementos clave del rodaje, revisar moodboards, hojas de llamada o mostrar selecciones al cliente.<\/p>\n<p data-start=\"478\" data-end=\"750\">Este iPad est\u00e1 preconfigurado con las apps <strong data-start=\"521\" data-end=\"538\">Capture Pilot<\/strong> de Capture One y <strong data-start=\"556\" data-end=\"569\">Hollyview<\/strong>, ideal para la visualizaci\u00f3n inal\u00e1mbrica de im\u00e1genes en rodajes de moda, publicidad o v\u00eddeo. Tambi\u00e9n es compatible con soporte en pie de iluminaci\u00f3n para mayor comodidad en el set.<\/p>\n<p data-start=\"752\" data-end=\"774\"><strong data-start=\"752\" data-end=\"774\">Detalles t\u00e9cnicos:<\/strong><\/p>\n<ul data-start=\"776\" data-end=\"1056\">\n<li data-start=\"776\" data-end=\"815\">\n<p data-start=\"778\" data-end=\"815\">Pantalla Liquid Retina XDR de 12,9&#8243;<\/p>\n<\/li>\n<li data-start=\"816\" data-end=\"863\">\n<p data-start=\"818\" data-end=\"863\">Chip M2 para un rendimiento r\u00e1pido y fluido<\/p>\n<\/li>\n<li data-start=\"864\" data-end=\"891\">\n<p data-start=\"866\" data-end=\"891\">Almacenamiento de 128GB<\/p>\n<\/li>\n<li data-start=\"892\" data-end=\"922\">\n<p data-start=\"894\" data-end=\"922\">Puerto USB-C \/ Thunderbolt<\/p>\n<\/li>\n<li data-start=\"923\" data-end=\"950\">\n<p data-start=\"925\" data-end=\"950\">Wi-Fi 6 + Bluetooth 5.3<\/p>\n<\/li>\n<li data-start=\"951\" data-end=\"1007\">\n<p data-start=\"953\" data-end=\"1007\">Aplicaciones Capture Pilot y Hollyview preinstaladas<\/p>\n<\/li>\n<li data-start=\"1008\" data-end=\"1056\">\n<p data-start=\"1010\" data-end=\"1056\">Compatible con montaje en pie de iluminaci\u00f3n<\/p>\n<\/li>\n<\/ul>\n<p data-start=\"1058\" data-end=\"1129\">Una herramienta imprescindible para flujos de trabajo digitales \u00e1giles.<\/p>\n<p data-start=\"1131\" data-end=\"1445\">En Palma Equipment Rental ofrecemos herramientas profesionales de producci\u00f3n para fot\u00f3grafos y cineastas que trabajan en las Islas Baleares y la pen\u00ednsula. Desde sistemas digitales y equipos de iluminaci\u00f3n hasta accesorios para rodajes, apoyamos tus producciones con un servicio flexible y asistencia t\u00e9cnica 24\/7.<\/p>\n","protected":false},"excerpt":{"rendered":"<p>El iPad Pro de 12,9&#8243; (128GB) es una herramienta potente y vers\u00e1til ideal para equipos de producci\u00f3n, t\u00e9cnicos digitales, estilistas y profesionales en rodaje. Con su brillante pantalla Liquid Retina XDR y su r\u00e1pido chip M2, es perfecto para gestionar elementos clave del rodaje, revisar moodboards, hojas de llamada o mostrar selecciones al cliente. Este iPad est\u00e1 preconfigurado con las [&hellip;]<\/p>\n","protected":false},"featured_media":12867,"template":"","meta":[],"product_cat":[238,239,188],"product_tag":[],"class_list":{"0":"post-14971","1":"product","2":"type-product","3":"status-publish","4":"has-post-thumbnail","6":"product_cat-led","7":"product_cat-luz-led","8":"product_cat-computers-es","10":"first","11":"instock","12":"shipping-taxable","13":"purchasable","14":"product-type-simple"},"_links":{"self":[{"href":"https:\/\/palmaequipmentrental.com\/es\/wp-json\/wp\/v2\/product\/14971","targetHints":{"allow":["GET"]}}],"collection":[{"href":"https:\/\/palmaequipmentrental.com\/es\/wp-json\/wp\/v2\/product"}],"about":[{"href":"https:\/\/palmaequipmentrental.com\/es\/wp-json\/wp\/v2\/types\/product"}],"wp:featuredmedia":[{"embeddable":true,"href":"https:\/\/palmaequipmentrental.com\/es\/wp-json\/wp\/v2\/media\/12867"}],"wp:attachment":[{"href":"https:\/\/palmaequipmentrental.com\/es\/wp-json\/wp\/v2\/media?parent=14971"}],"wp:term":[{"taxonomy":"product_cat","embeddable":true,"href":"https:\/\/palmaequipmentrental.com\/es\/wp-json\/wp\/v2\/product_cat?post=14971"},{"taxonomy":"product_tag","embeddable":true,"href":"https:\/\/palmaequipmentrental.com\/es\/wp-json\/wp\/v2\/product_tag?post=14971"}],"curies":[{"name":"wp","href":"https:\/\/api.w.org\/{rel}","templated":true}]}}