{"id":14977,"date":"2025-06-12T12:09:01","date_gmt":"2025-06-12T12:09:02","guid":{"rendered":"https:\/\/www.palmaequipmentrental.com\/?post_type=product&#038;p=14977"},"modified":"2025-08-06T10:07:15","modified_gmt":"2025-08-06T10:07:15","slug":"the-foam-box-mallorca","status":"publish","type":"product","link":"https:\/\/palmaequipmentrental.com\/es\/photo-video-equipment-mallorca\/the-foam-box-mallorca\/","title":{"rendered":"The Foam Box"},"content":{"rendered":"<p data-start=\"182\" data-end=\"529\">The Foam Box es una alternativa ligera y resistente a las tradicionales cajas de madera tipo \u201capple box\u201d, ideal para equipos de producci\u00f3n, t\u00e9cnicos de grip y rodajes en localizaci\u00f3n. Disponible para alquiler en Palma Equipment Rental, es perfecta para usar como asiento, soporte de equipo o apoyo en set, sin el peso ni el riesgo de da\u00f1ar suelos.<\/p>\n<p data-start=\"531\" data-end=\"808\">Fabricada en espuma de polietileno expandido (EPE), ofrece resistencia qu\u00edmica y gran absorci\u00f3n de impactos. Pesa solo 1,36\u202fkg y soporta hasta 900\u202fkg de carga, sin rayar suelos ni oxidarse, lo que la hace adecuada para interiores, exteriores o condiciones clim\u00e1ticas dif\u00edciles.<\/p>\n<p data-start=\"810\" data-end=\"837\"><strong data-start=\"810\" data-end=\"837\">Especificaciones clave:<\/strong><\/p>\n<ul data-start=\"838\" data-end=\"1064\">\n<li data-start=\"838\" data-end=\"870\">\n<p data-start=\"840\" data-end=\"870\">Dimensiones: 23\u202f\u00d7\u202f30\u202f\u00d7\u202f46\u202fcm<\/p>\n<\/li>\n<li data-start=\"871\" data-end=\"888\">\n<p data-start=\"873\" data-end=\"888\">Peso: 1,36\u202fkg<\/p>\n<\/li>\n<li data-start=\"889\" data-end=\"926\">\n<p data-start=\"891\" data-end=\"926\">Capacidad de carga: m\u00e1s de 900\u202fkg<\/p>\n<\/li>\n<li data-start=\"927\" data-end=\"978\">\n<p data-start=\"929\" data-end=\"978\">Material: espuma de polietileno expandido (EPE)<\/p>\n<\/li>\n<li data-start=\"979\" data-end=\"1021\">\n<p data-start=\"981\" data-end=\"1021\">Sin bordes afilados \u2013 no raya el suelo<\/p>\n<\/li>\n<li data-start=\"1022\" data-end=\"1064\">\n<p data-start=\"1024\" data-end=\"1064\">Resistente al clima y f\u00e1cil de limpiar<\/p>\n<\/li>\n<\/ul>\n<p data-start=\"1066\" data-end=\"1341\">En <strong data-start=\"1069\" data-end=\"1095\">Palma Equipment Rental<\/strong> ofrecemos herramientas pr\u00e1cticas como The Foam Box junto a sillas, iluminaci\u00f3n, c\u00e1maras y grip, con servicio en Mallorca, Menorca, Ibiza, Formentera y la pen\u00ednsula. Nuestro equipo es eficiente, flexible y est\u00e1 disponible 24\/7 para apoyo t\u00e9cnico.<\/p>\n<p data-start=\"1066\" data-end=\"1341\"><a href=\"https:\/\/youtu.be\/oupY8KbfpKk\">Check our video!<\/a><\/p>\n","protected":false},"excerpt":{"rendered":"<p>The Foam Box es una alternativa ligera y resistente a las tradicionales cajas de madera tipo \u201capple box\u201d, ideal para equipos de producci\u00f3n, t\u00e9cnicos de grip y rodajes en localizaci\u00f3n. Disponible para alquiler en Palma Equipment Rental, es perfecta para usar como asiento, soporte de equipo o apoyo en set, sin el peso ni el riesgo de da\u00f1ar suelos. Fabricada [&hellip;]<\/p>\n","protected":false},"featured_media":14980,"template":"","meta":[],"product_cat":[227,228],"product_tag":[],"class_list":{"0":"post-14977","1":"product","2":"type-product","3":"status-publish","4":"has-post-thumbnail","6":"product_cat-tripodes-de-luz-2","7":"product_cat-tripodes-de-luz","9":"first","10":"instock","11":"shipping-taxable","12":"purchasable","13":"product-type-simple"},"_links":{"self":[{"href":"https:\/\/palmaequipmentrental.com\/es\/wp-json\/wp\/v2\/product\/14977","targetHints":{"allow":["GET"]}}],"collection":[{"href":"https:\/\/palmaequipmentrental.com\/es\/wp-json\/wp\/v2\/product"}],"about":[{"href":"https:\/\/palmaequipmentrental.com\/es\/wp-json\/wp\/v2\/types\/product"}],"wp:featuredmedia":[{"embeddable":true,"href":"https:\/\/palmaequipmentrental.com\/es\/wp-json\/wp\/v2\/media\/14980"}],"wp:attachment":[{"href":"https:\/\/palmaequipmentrental.com\/es\/wp-json\/wp\/v2\/media?parent=14977"}],"wp:term":[{"taxonomy":"product_cat","embeddable":true,"href":"https:\/\/palmaequipmentrental.com\/es\/wp-json\/wp\/v2\/product_cat?post=14977"},{"taxonomy":"product_tag","embeddable":true,"href":"https:\/\/palmaequipmentrental.com\/es\/wp-json\/wp\/v2\/product_tag?post=14977"}],"curies":[{"name":"wp","href":"https:\/\/api.w.org\/{rel}","templated":true}]}}