{"id":15022,"date":"2025-06-19T12:02:51","date_gmt":"2025-06-19T12:02:51","guid":{"rendered":"https:\/\/www.palmaequipmentrental.com\/?post_type=product&#038;p=15022"},"modified":"2025-06-19T12:19:03","modified_gmt":"2025-06-19T12:19:03","slug":"lightbridge-crls-c-drive-kit-alquiler","status":"publish","type":"product","link":"https:\/\/palmaequipmentrental.com\/es\/photo-video-equipment-mallorca\/lightbridge-crls-c-drive-kit-alquiler\/","title":{"rendered":"Kit LightBridge CRLS C-Drive"},"content":{"rendered":"<p data-start=\"269\" data-end=\"623\">Disponible para alquilar en Palma Equipment Rental en Palma de Mallorca, el kit LightBridge CRLS C-Drive es una soluci\u00f3n completa para moldear la luz con precisi\u00f3n en el set. Desarrollado con el sistema CRLS (Cine Reflect Lighting System), este kit ofrece un control y eficiencia incomparables, perfecto para sesiones tanto en exteriores como en estudio.<\/p>\n<p data-start=\"625\" data-end=\"975\">Todo viene empaquetado en un resistente flight case con ruedas y bolsas internas de Cordura con fundas de neopreno, ideal para desplazamientos entre islas. Ya sea para rebotar la luz solar directa o suavizar una fuente dura, el conjunto completo de reflectores con difusores te da un control creativo total sin necesidad de modificadores voluminosos.<\/p>\n<p data-start=\"977\" data-end=\"989\"><strong data-start=\"977\" data-end=\"989\">Incluye:<\/strong><\/p>\n<ul data-start=\"990\" data-end=\"1367\">\n<li data-start=\"990\" data-end=\"1107\">\n<p data-start=\"992\" data-end=\"1041\">Reflectores C en cuatro tama\u00f1os (Difusi\u00f3n 0\u20134):<\/p>\n<ul data-start=\"1044\" data-end=\"1107\">\n<li data-start=\"1044\" data-end=\"1058\">\n<p data-start=\"1046\" data-end=\"1058\">4x 50\u00d750cm<\/p>\n<\/li>\n<li data-start=\"1061\" data-end=\"1075\">\n<p data-start=\"1063\" data-end=\"1075\">4x 25\u00d725cm<\/p>\n<\/li>\n<li data-start=\"1078\" data-end=\"1092\">\n<p data-start=\"1080\" data-end=\"1092\">4x 15\u00d715cm<\/p>\n<\/li>\n<li data-start=\"1095\" data-end=\"1107\">\n<p data-start=\"1097\" data-end=\"1107\">4x 7\u00d77cm<\/p>\n<\/li>\n<\/ul>\n<\/li>\n<li data-start=\"1108\" data-end=\"1318\">\n<p data-start=\"1110\" data-end=\"1130\">Accesorios C-Grip:<\/p>\n<ul data-start=\"1133\" data-end=\"1318\">\n<li data-start=\"1133\" data-end=\"1172\">\n<p data-start=\"1135\" data-end=\"1172\">3x C-Wheels Spigot en bolsas C-Grip<\/p>\n<\/li>\n<li data-start=\"1175\" data-end=\"1216\">\n<p data-start=\"1177\" data-end=\"1216\">3x C-Wheels Receiver en bolsas C-Grip<\/p>\n<\/li>\n<li data-start=\"1219\" data-end=\"1264\">\n<p data-start=\"1221\" data-end=\"1264\">3x Kits de cu\u00f1as de seguridad de repuesto<\/p>\n<\/li>\n<li data-start=\"1267\" data-end=\"1291\">\n<p data-start=\"1269\" data-end=\"1291\">6x Pins de seguridad<\/p>\n<\/li>\n<li data-start=\"1294\" data-end=\"1318\">\n<p data-start=\"1296\" data-end=\"1318\">1x Kit de limpieza C<\/p>\n<\/li>\n<\/ul>\n<\/li>\n<li data-start=\"1319\" data-end=\"1367\">\n<p data-start=\"1321\" data-end=\"1367\">Flight case con ruedas y bolsas personalizadas<\/p>\n<\/li>\n<\/ul>\n<p data-start=\"1369\" data-end=\"1561\">Ideal para directores de fotograf\u00eda, gaffers y fot\u00f3grafos que buscan crear luz natural con un equipo compacto. Desde entrevistas y moda hasta publicidad y ficci\u00f3n, el C-Drive est\u00e1 a la altura.<\/p>\n<p data-start=\"1563\" data-end=\"1803\">Palma Equipment Rental ofrece servicio en Mallorca, Ibiza, Menorca y Formentera con equipos de iluminaci\u00f3n y c\u00e1mara de alta gama, soluciones de transporte y apoyo a la producci\u00f3n. Si buscas precisi\u00f3n, portabilidad y potencia\u2014este es tu kit.<\/p>\n","protected":false},"excerpt":{"rendered":"<p>Disponible para alquilar en Palma Equipment Rental en Palma de Mallorca, el kit LightBridge CRLS C-Drive es una soluci\u00f3n completa para moldear la luz con precisi\u00f3n en el set. Desarrollado con el sistema CRLS (Cine Reflect Lighting System), este kit ofrece un control y eficiencia incomparables, perfecto para sesiones tanto en exteriores como en estudio. Todo viene empaquetado en un [&hellip;]<\/p>\n","protected":false},"featured_media":15025,"template":"","meta":[],"product_cat":[726,211],"product_tag":[],"class_list":{"0":"post-15022","1":"product","2":"type-product","3":"status-publish","4":"has-post-thumbnail","6":"product_cat-reflectores","7":"product_cat-reflectors-stands-a-grip2012-03-30-09-24-32-es","9":"first","10":"instock","11":"featured","12":"shipping-taxable","13":"purchasable","14":"product-type-simple"},"_links":{"self":[{"href":"https:\/\/palmaequipmentrental.com\/es\/wp-json\/wp\/v2\/product\/15022","targetHints":{"allow":["GET"]}}],"collection":[{"href":"https:\/\/palmaequipmentrental.com\/es\/wp-json\/wp\/v2\/product"}],"about":[{"href":"https:\/\/palmaequipmentrental.com\/es\/wp-json\/wp\/v2\/types\/product"}],"wp:featuredmedia":[{"embeddable":true,"href":"https:\/\/palmaequipmentrental.com\/es\/wp-json\/wp\/v2\/media\/15025"}],"wp:attachment":[{"href":"https:\/\/palmaequipmentrental.com\/es\/wp-json\/wp\/v2\/media?parent=15022"}],"wp:term":[{"taxonomy":"product_cat","embeddable":true,"href":"https:\/\/palmaequipmentrental.com\/es\/wp-json\/wp\/v2\/product_cat?post=15022"},{"taxonomy":"product_tag","embeddable":true,"href":"https:\/\/palmaequipmentrental.com\/es\/wp-json\/wp\/v2\/product_tag?post=15022"}],"curies":[{"name":"wp","href":"https:\/\/api.w.org\/{rel}","templated":true}]}}