{"id":15144,"date":"2025-09-29T13:38:14","date_gmt":"2025-09-29T13:38:14","guid":{"rendered":"https:\/\/www.palmaequipmentrental.com\/?post_type=product&#038;p=15144"},"modified":"2025-09-29T13:42:38","modified_gmt":"2025-09-29T13:42:38","slug":"mnk-hoop-camara","status":"publish","type":"product","link":"https:\/\/palmaequipmentrental.com\/es\/photo-video-equipment-mallorca\/mnk-hoop-camara\/","title":{"rendered":"MNK Hoop C\u00e1mara"},"content":{"rendered":"<p data-start=\"223\" data-end=\"600\">Ligero, pr\u00e1ctico y resistente, el <strong data-start=\"257\" data-end=\"274\">Mnk Hoop Slim<\/strong> es una soluci\u00f3n de montaje inteligente dise\u00f1ada para mantener tu c\u00e1mara DSLR segura y siempre a mano. Disponible para alquiler en <strong data-start=\"405\" data-end=\"431\">Palma Equipment Rental<\/strong>, este aro de aluminio y silicona proporciona una forma fiable de sujetar la c\u00e1mara en estudio o en exteriores, tanto en Mallorca como en el resto de las Islas Baleares.<\/p>\n<p data-start=\"602\" data-end=\"964\">Con una <strong data-start=\"610\" data-end=\"658\">espiga est\u00e1ndar de 5\/8 pulgadas y base plana<\/strong>, el Hoop Slim se puede montar f\u00e1cilmente sobre tr\u00edpodes, mesas, m\u00e1stiles o Superclamps (035), ofreciendo versatilidad y comodidad para fot\u00f3grafos y asistentes. Su <strong data-start=\"822\" data-end=\"853\">di\u00e1metro interior de 125 mm<\/strong> se adapta a la mayor\u00eda de c\u00e1maras DSLR, y el <strong data-start=\"899\" data-end=\"928\">revestimiento de silicona<\/strong> protege frente a golpes y ara\u00f1azos.<\/p>\n<p data-start=\"966\" data-end=\"1187\">Aunque no est\u00e1 dise\u00f1ado exclusivamente para sesiones con cable (tethering), es especialmente \u00fatil en rodajes cuando necesitas dejar la c\u00e1mara a buen recaudo entre tomas, protegiendo as\u00ed los conectores y puertos delicados.<\/p>\n<ul data-start=\"1189\" data-end=\"1433\">\n<li data-start=\"1189\" data-end=\"1218\">\n<p data-start=\"1191\" data-end=\"1218\">Di\u00e1metro interior: 125 mm<\/p>\n<\/li>\n<li data-start=\"1219\" data-end=\"1276\">\n<p data-start=\"1221\" data-end=\"1276\">Fabricado en aluminio con capa protectora de silicona<\/p>\n<\/li>\n<li data-start=\"1277\" data-end=\"1311\">\n<p data-start=\"1279\" data-end=\"1311\">Compatible con espigas de 5\/8\u201d<\/p>\n<\/li>\n<li data-start=\"1312\" data-end=\"1350\">\n<p data-start=\"1314\" data-end=\"1350\">Ideal para usar con Superclamp 035<\/p>\n<\/li>\n<li data-start=\"1351\" data-end=\"1377\">\n<p data-start=\"1353\" data-end=\"1377\">Peso aproximado: 270 g<\/p>\n<\/li>\n<li data-start=\"1378\" data-end=\"1413\">\n<p data-start=\"1380\" data-end=\"1413\">Soporta c\u00e1maras de hasta 5\u20136 kg<\/p>\n<\/li>\n<li data-start=\"1414\" data-end=\"1433\">\n<p data-start=\"1416\" data-end=\"1433\">Hecho en Espa\u00f1a<\/p>\n<\/li>\n<\/ul>\n<p data-start=\"1435\" data-end=\"1668\"><strong data-start=\"1435\" data-end=\"1461\">Palma Equipment Rental<\/strong> ofrece alquiler profesional de equipos de foto, v\u00eddeo y producci\u00f3n en <strong data-start=\"1532\" data-end=\"1573\">Mallorca, Ibiza, Menorca y Formentera<\/strong>. Nuestro equipo y atenci\u00f3n personalizada te ayudan a sacar adelante tu proyecto con garant\u00edas.<\/p>\n","protected":false},"excerpt":{"rendered":"<p>Ligero, pr\u00e1ctico y resistente, el Mnk Hoop Slim es una soluci\u00f3n de montaje inteligente dise\u00f1ada para mantener tu c\u00e1mara DSLR segura y siempre a mano. Disponible para alquiler en Palma Equipment Rental, este aro de aluminio y silicona proporciona una forma fiable de sujetar la c\u00e1mara en estudio o en exteriores, tanto en Mallorca como en el resto de las [&hellip;]<\/p>\n","protected":false},"featured_media":15143,"template":"","meta":[],"product_cat":[755],"product_tag":[],"class_list":{"0":"post-15144","1":"product","2":"type-product","3":"status-publish","4":"has-post-thumbnail","6":"product_cat-estacion-de-trabajo-digital","8":"first","9":"instock","10":"shipping-taxable","11":"purchasable","12":"product-type-simple"},"_links":{"self":[{"href":"https:\/\/palmaequipmentrental.com\/es\/wp-json\/wp\/v2\/product\/15144","targetHints":{"allow":["GET"]}}],"collection":[{"href":"https:\/\/palmaequipmentrental.com\/es\/wp-json\/wp\/v2\/product"}],"about":[{"href":"https:\/\/palmaequipmentrental.com\/es\/wp-json\/wp\/v2\/types\/product"}],"wp:featuredmedia":[{"embeddable":true,"href":"https:\/\/palmaequipmentrental.com\/es\/wp-json\/wp\/v2\/media\/15143"}],"wp:attachment":[{"href":"https:\/\/palmaequipmentrental.com\/es\/wp-json\/wp\/v2\/media?parent=15144"}],"wp:term":[{"taxonomy":"product_cat","embeddable":true,"href":"https:\/\/palmaequipmentrental.com\/es\/wp-json\/wp\/v2\/product_cat?post=15144"},{"taxonomy":"product_tag","embeddable":true,"href":"https:\/\/palmaequipmentrental.com\/es\/wp-json\/wp\/v2\/product_tag?post=15144"}],"curies":[{"name":"wp","href":"https:\/\/api.w.org\/{rel}","templated":true}]}}