{"id":15240,"date":"2025-11-11T15:48:45","date_gmt":"2025-11-11T15:48:45","guid":{"rendered":"https:\/\/www.palmaequipmentrental.com\/?post_type=product&#038;p=15240"},"modified":"2025-11-11T15:58:05","modified_gmt":"2025-11-11T15:58:05","slug":"bandera-muselina-blanqueada-floppy","status":"publish","type":"product","link":"https:\/\/palmaequipmentrental.com\/es\/photo-video-equipment-mallorca\/bandera-muselina-blanqueada-floppy\/","title":{"rendered":"Bandera Muselina Blanqueada Floppy 4&#215;4&#8242;"},"content":{"rendered":"<p data-start=\"235\" data-end=\"749\">La <strong data-start=\"238\" data-end=\"273\">4&#215;4 Bleached Muslin Floppy Flag<\/strong> es una herramienta de iluminaci\u00f3n vers\u00e1til, dise\u00f1ada para suavizar, difuminar o rebotar la luz con un tono neutro y natural. Fabricada con muselina blanca blanqueada de alta calidad sobre un marco de acero resistente, ofrece una difusi\u00f3n uniforme y suave, ideal para iluminaci\u00f3n de belleza, retrato y producto. El panel abatible duplica su tama\u00f1o a <strong data-start=\"623\" data-end=\"650\">4&#215;8 pies (120 x 240 cm)<\/strong>, permitiendo una mayor cobertura o una r\u00e1pida conversi\u00f3n en una superficie de rebote m\u00e1s grande.<\/p>\n<p data-start=\"751\" data-end=\"782\"><strong data-start=\"751\" data-end=\"780\">Especificaciones t\u00e9cnicas<\/strong><\/p>\n<ul data-start=\"783\" data-end=\"1025\">\n<li data-start=\"783\" data-end=\"849\">\n<p data-start=\"785\" data-end=\"849\">4&#215;4 pies (120 x 120 cm), se extiende a 4&#215;8 pies (120 x 240 cm)<\/p>\n<\/li>\n<li data-start=\"850\" data-end=\"909\">\n<p data-start=\"852\" data-end=\"909\">Tela de muselina blanca blanqueada sobre marco de acero<\/p>\n<\/li>\n<li data-start=\"910\" data-end=\"972\">\n<p data-start=\"912\" data-end=\"972\">Pin de 3\/8&#8243; (10 mm) compatible con cabezales grip est\u00e1ndar<\/p>\n<\/li>\n<li data-start=\"973\" data-end=\"1002\">\n<p data-start=\"975\" data-end=\"1002\">Ligera y f\u00e1cil de manejar<\/p>\n<\/li>\n<li data-start=\"1003\" data-end=\"1025\">\n<p data-start=\"1005\" data-end=\"1025\">Peso aprox. 3,5 kg<\/p>\n<\/li>\n<\/ul>\n<p data-start=\"1027\" data-end=\"1419\">Perfecta para equilibrar el contraste y suavizar la luz intensa, la <strong data-start=\"1095\" data-end=\"1125\">4&#215;4 Bleached Muslin Floppy<\/strong> es esencial tanto en estudio como en exteriores. Disponible para alquiler en <strong data-start=\"1203\" data-end=\"1229\">Palma Equipment Rental<\/strong>, en <strong data-start=\"1234\" data-end=\"1255\">Palma de Mallorca<\/strong>, ofreciendo a equipos de cine y fotograf\u00eda de las <strong data-start=\"1306\" data-end=\"1324\">Islas Baleares<\/strong> una amplia gama de equipos de <strong data-start=\"1355\" data-end=\"1385\">grip, iluminaci\u00f3n y c\u00e1mara<\/strong> para todo tipo de producciones.<\/p>\n","protected":false},"excerpt":{"rendered":"<p>La 4&#215;4 Bleached Muslin Floppy Flag es una herramienta de iluminaci\u00f3n vers\u00e1til, dise\u00f1ada para suavizar, difuminar o rebotar la luz con un tono neutro y natural. Fabricada con muselina blanca blanqueada de alta calidad sobre un marco de acero resistente, ofrece una difusi\u00f3n uniforme y suave, ideal para iluminaci\u00f3n de belleza, retrato y producto. El panel abatible duplica su tama\u00f1o [&hellip;]<\/p>\n","protected":false},"featured_media":15243,"template":"","meta":[],"product_cat":[729,230],"product_tag":[],"class_list":{"0":"post-15240","1":"product","2":"type-product","3":"status-publish","4":"has-post-thumbnail","6":"product_cat-banderas-nets-es","7":"product_cat-flags-nets-stands-a-grip2012-03-30-09-24-32-es","9":"first","10":"instock","11":"shipping-taxable","12":"purchasable","13":"product-type-simple"},"_links":{"self":[{"href":"https:\/\/palmaequipmentrental.com\/es\/wp-json\/wp\/v2\/product\/15240","targetHints":{"allow":["GET"]}}],"collection":[{"href":"https:\/\/palmaequipmentrental.com\/es\/wp-json\/wp\/v2\/product"}],"about":[{"href":"https:\/\/palmaequipmentrental.com\/es\/wp-json\/wp\/v2\/types\/product"}],"wp:featuredmedia":[{"embeddable":true,"href":"https:\/\/palmaequipmentrental.com\/es\/wp-json\/wp\/v2\/media\/15243"}],"wp:attachment":[{"href":"https:\/\/palmaequipmentrental.com\/es\/wp-json\/wp\/v2\/media?parent=15240"}],"wp:term":[{"taxonomy":"product_cat","embeddable":true,"href":"https:\/\/palmaequipmentrental.com\/es\/wp-json\/wp\/v2\/product_cat?post=15240"},{"taxonomy":"product_tag","embeddable":true,"href":"https:\/\/palmaequipmentrental.com\/es\/wp-json\/wp\/v2\/product_tag?post=15240"}],"curies":[{"name":"wp","href":"https:\/\/api.w.org\/{rel}","templated":true}]}}