{"id":15246,"date":"2025-11-11T16:02:52","date_gmt":"2025-11-11T16:02:52","guid":{"rendered":"https:\/\/www.palmaequipmentrental.com\/?post_type=product&#038;p=15246"},"modified":"2025-11-11T16:09:31","modified_gmt":"2025-11-11T16:09:31","slug":"bandera-muselina-sin-blanquear-floppy-4x4","status":"publish","type":"product","link":"https:\/\/palmaequipmentrental.com\/es\/photo-video-equipment-mallorca\/bandera-muselina-sin-blanquear-floppy-4x4\/","title":{"rendered":"Bandera Muselina Sin Blanquear Floppy 4&#215;4&#8242;"},"content":{"rendered":"<p data-start=\"221\" data-end=\"661\">La <strong data-start=\"224\" data-end=\"261\">4&#215;4 Unbleached Muslin Floppy Flag<\/strong> ofrece una difusi\u00f3n de luz suave y c\u00e1lida con un tono natural sutil. Fabricada con muselina sin blanquear tensada sobre un marco de acero resistente, genera un contraste suave y una calidez agradable, ideal para tonos de piel y reflejos ambientales. El panel abatible duplica su tama\u00f1o a <strong data-start=\"550\" data-end=\"577\">4&#215;8 pies (120 x 240 cm)<\/strong>, permitiendo una cobertura flexible tanto para difusi\u00f3n, rebote o bloqueo de luz.<\/p>\n<p data-start=\"663\" data-end=\"694\"><strong data-start=\"663\" data-end=\"692\">Especificaciones t\u00e9cnicas<\/strong><\/p>\n<ul data-start=\"695\" data-end=\"953\">\n<li data-start=\"695\" data-end=\"761\">\n<p data-start=\"697\" data-end=\"761\">4&#215;4 pies (120 x 120 cm), se extiende a 4&#215;8 pies (120 x 240 cm)<\/p>\n<\/li>\n<li data-start=\"762\" data-end=\"825\">\n<p data-start=\"764\" data-end=\"825\">Tela de muselina natural sin blanquear sobre marco de acero<\/p>\n<\/li>\n<li data-start=\"826\" data-end=\"888\">\n<p data-start=\"828\" data-end=\"888\">Pin de 3\/8&#8243; (10 mm) compatible con cabezales grip est\u00e1ndar<\/p>\n<\/li>\n<li data-start=\"889\" data-end=\"930\">\n<p data-start=\"891\" data-end=\"930\">Superficie de difusi\u00f3n de tono c\u00e1lido<\/p>\n<\/li>\n<li data-start=\"931\" data-end=\"953\">\n<p data-start=\"933\" data-end=\"953\">Peso aprox. 3,5 kg<\/p>\n<\/li>\n<\/ul>\n<p data-start=\"955\" data-end=\"1392\">Preferida por los directores de fotograf\u00eda que buscan una luz natural y favorecedora, la <strong data-start=\"1044\" data-end=\"1076\">4&#215;4 Unbleached Muslin Floppy<\/strong> ofrece una difusi\u00f3n org\u00e1nica y una reflexi\u00f3n suave en cualquier set. Disponible para alquiler en <strong data-start=\"1174\" data-end=\"1200\">Palma Equipment Rental<\/strong>, en <strong data-start=\"1205\" data-end=\"1226\">Palma de Mallorca<\/strong>, ofreciendo a equipos de cine y fotograf\u00eda de las <strong data-start=\"1277\" data-end=\"1295\">Islas Baleares<\/strong> una completa gama de equipos de <strong data-start=\"1328\" data-end=\"1358\">grip, iluminaci\u00f3n y c\u00e1mara<\/strong> para todo tipo de producciones.<\/p>\n","protected":false},"excerpt":{"rendered":"<p>La 4&#215;4 Unbleached Muslin Floppy Flag ofrece una difusi\u00f3n de luz suave y c\u00e1lida con un tono natural sutil. Fabricada con muselina sin blanquear tensada sobre un marco de acero resistente, genera un contraste suave y una calidez agradable, ideal para tonos de piel y reflejos ambientales. El panel abatible duplica su tama\u00f1o a 4&#215;8 pies (120 x 240 cm), [&hellip;]<\/p>\n","protected":false},"featured_media":15249,"template":"","meta":[],"product_cat":[230,729],"product_tag":[],"class_list":{"0":"post-15246","1":"product","2":"type-product","3":"status-publish","4":"has-post-thumbnail","6":"product_cat-flags-nets-stands-a-grip2012-03-30-09-24-32-es","7":"product_cat-banderas-nets-es","9":"first","10":"instock","11":"shipping-taxable","12":"purchasable","13":"product-type-simple"},"_links":{"self":[{"href":"https:\/\/palmaequipmentrental.com\/es\/wp-json\/wp\/v2\/product\/15246","targetHints":{"allow":["GET"]}}],"collection":[{"href":"https:\/\/palmaequipmentrental.com\/es\/wp-json\/wp\/v2\/product"}],"about":[{"href":"https:\/\/palmaequipmentrental.com\/es\/wp-json\/wp\/v2\/types\/product"}],"wp:featuredmedia":[{"embeddable":true,"href":"https:\/\/palmaequipmentrental.com\/es\/wp-json\/wp\/v2\/media\/15249"}],"wp:attachment":[{"href":"https:\/\/palmaequipmentrental.com\/es\/wp-json\/wp\/v2\/media?parent=15246"}],"wp:term":[{"taxonomy":"product_cat","embeddable":true,"href":"https:\/\/palmaequipmentrental.com\/es\/wp-json\/wp\/v2\/product_cat?post=15246"},{"taxonomy":"product_tag","embeddable":true,"href":"https:\/\/palmaequipmentrental.com\/es\/wp-json\/wp\/v2\/product_tag?post=15246"}],"curies":[{"name":"wp","href":"https:\/\/api.w.org\/{rel}","templated":true}]}}