{"id":15293,"date":"2026-03-06T08:46:38","date_gmt":"2026-03-06T08:46:38","guid":{"rendered":"https:\/\/www.palmaequipmentrental.com\/?post_type=product&#038;p=15293"},"modified":"2026-03-06T09:02:39","modified_gmt":"2026-03-06T09:02:39","slug":"easyrig-mini-max","status":"publish","type":"product","link":"https:\/\/palmaequipmentrental.com\/es\/photo-video-equipment-mallorca\/easyrig-mini-max\/","title":{"rendered":"EasyRig Minimax"},"content":{"rendered":"<p data-start=\"34\" data-end=\"645\">El <strong data-start=\"37\" data-end=\"56\">EasyRig Minimax<\/strong> disponible en Palma Equipment Rental es un sistema de soporte para c\u00e1mara compacto y vers\u00e1til, dise\u00f1ado para configuraciones de c\u00e1mara m\u00e1s ligeras en rodaje handheld. Reduce la tensi\u00f3n en brazos, hombros y cuello al transferir el peso de la c\u00e1mara hacia las caderas mediante un chaleco ergon\u00f3mico y un sistema de suspensi\u00f3n. Es ideal para documentales, campa\u00f1as de moda, publicidad y producciones din\u00e1micas, permitiendo a los operadores moverse con libertad mientras mantienen tomas handheld m\u00e1s estables, tanto en estudio como en localizaciones en Palma de Mallorca y las Islas Baleares.<\/p>\n<p data-start=\"647\" data-end=\"669\"><strong data-start=\"647\" data-end=\"669\">Detalles t\u00e9cnicos:<\/strong><\/p>\n<ul data-start=\"670\" data-end=\"989\">\n<li data-start=\"670\" data-end=\"713\">\n<p data-start=\"672\" data-end=\"713\">Rango de carga ajustable: aprox. 2\u20137 kg<\/p>\n<\/li>\n<li data-start=\"714\" data-end=\"772\">\n<p data-start=\"716\" data-end=\"772\">Chaleco ergon\u00f3mico con sistema de suspensi\u00f3n integrado<\/p>\n<\/li>\n<li data-start=\"773\" data-end=\"850\">\n<p data-start=\"775\" data-end=\"850\">Ajuste de tensi\u00f3n suave para diferentes configuraciones de c\u00e1mara ligeras<\/p>\n<\/li>\n<li data-start=\"851\" data-end=\"914\">\n<p data-start=\"853\" data-end=\"914\">Reduce la fatiga durante largas jornadas de rodaje handheld<\/p>\n<\/li>\n<li data-start=\"915\" data-end=\"943\">\n<p data-start=\"917\" data-end=\"943\">Dise\u00f1o compacto y ligero<\/p>\n<\/li>\n<li data-start=\"944\" data-end=\"989\">\n<p data-start=\"946\" data-end=\"989\">Montaje r\u00e1pido y ajustes sencillos en set<\/p>\n<\/li>\n<\/ul>\n<p data-start=\"991\" data-end=\"1116\">Perfecto cuando necesitas libertad de movimiento en handheld manteniendo tu equipo c\u00f3modo y bajo control durante todo el d\u00eda.<\/p>\n<p data-start=\"1118\" data-end=\"1400\">Disponible en <strong data-start=\"1132\" data-end=\"1158\">Palma Equipment Rental<\/strong> en Palma de Mallorca, ofreciendo alquiler de equipos profesionales de c\u00e1mara, iluminaci\u00f3n y producci\u00f3n para fot\u00f3grafos y cineastas en Mallorca, Ibiza, Menorca, Formentera y tambi\u00e9n en la pen\u00ednsula, con servicio fiable y soporte t\u00e9cnico 24\/7.<\/p>\n","protected":false},"excerpt":{"rendered":"<p>El EasyRig Minimax disponible en Palma Equipment Rental es un sistema de soporte para c\u00e1mara compacto y vers\u00e1til, dise\u00f1ado para configuraciones de c\u00e1mara m\u00e1s ligeras en rodaje handheld. Reduce la tensi\u00f3n en brazos, hombros y cuello al transferir el peso de la c\u00e1mara hacia las caderas mediante un chaleco ergon\u00f3mico y un sistema de suspensi\u00f3n. Es ideal para documentales, campa\u00f1as [&hellip;]<\/p>\n","protected":false},"featured_media":15296,"template":"","meta":[],"product_cat":[219],"product_tag":[],"class_list":{"0":"post-15293","1":"product","2":"type-product","3":"status-publish","4":"has-post-thumbnail","6":"product_cat-supports-es","8":"first","9":"instock","10":"featured","11":"shipping-taxable","12":"purchasable","13":"product-type-simple"},"_links":{"self":[{"href":"https:\/\/palmaequipmentrental.com\/es\/wp-json\/wp\/v2\/product\/15293","targetHints":{"allow":["GET"]}}],"collection":[{"href":"https:\/\/palmaequipmentrental.com\/es\/wp-json\/wp\/v2\/product"}],"about":[{"href":"https:\/\/palmaequipmentrental.com\/es\/wp-json\/wp\/v2\/types\/product"}],"wp:featuredmedia":[{"embeddable":true,"href":"https:\/\/palmaequipmentrental.com\/es\/wp-json\/wp\/v2\/media\/15296"}],"wp:attachment":[{"href":"https:\/\/palmaequipmentrental.com\/es\/wp-json\/wp\/v2\/media?parent=15293"}],"wp:term":[{"taxonomy":"product_cat","embeddable":true,"href":"https:\/\/palmaequipmentrental.com\/es\/wp-json\/wp\/v2\/product_cat?post=15293"},{"taxonomy":"product_tag","embeddable":true,"href":"https:\/\/palmaequipmentrental.com\/es\/wp-json\/wp\/v2\/product_tag?post=15293"}],"curies":[{"name":"wp","href":"https:\/\/api.w.org\/{rel}","templated":true}]}}