{"id":15307,"date":"2026-03-13T12:52:28","date_gmt":"2026-03-13T12:52:28","guid":{"rendered":"https:\/\/www.palmaequipmentrental.com\/?post_type=product&#038;p=15307"},"modified":"2026-03-13T12:55:36","modified_gmt":"2026-03-13T12:55:36","slug":"aputure-700x","status":"publish","type":"product","link":"https:\/\/palmaequipmentrental.com\/es\/photo-video-equipment-mallorca\/aputure-700x\/","title":{"rendered":"Aputure STORM 700X"},"content":{"rendered":"<p data-start=\"13\" data-end=\"694\"><span class=\"BZ_Pyq_fadeIn\">En <\/span><span class=\"BZ_Pyq_fadeIn\">Palma <\/span><span class=\"BZ_Pyq_fadeIn\">Equipment <\/span><span class=\"BZ_Pyq_fadeIn\">Rental <\/span><span class=\"BZ_Pyq_fadeIn\">tenemos <\/span><span class=\"BZ_Pyq_fadeIn\">disponible <\/span><span class=\"BZ_Pyq_fadeIn\">para <\/span><span class=\"BZ_Pyq_fadeIn\">alquiler <\/span><span class=\"BZ_Pyq_fadeIn\">el <\/span><strong data-start=\"75\" data-end=\"97\"><span class=\"BZ_Pyq_fadeIn\">Aputure <\/span><span class=\"BZ_Pyq_fadeIn\">STORM <\/span><span class=\"BZ_Pyq_fadeIn\">700X<\/span><\/strong><span class=\"BZ_Pyq_fadeIn\">, <\/span><span class=\"BZ_Pyq_fadeIn\">un <\/span><span class=\"BZ_Pyq_fadeIn\">potente <\/span><span class=\"BZ_Pyq_fadeIn\">y <\/span><span class=\"BZ_Pyq_fadeIn\">vers\u00e1til <\/span><span class=\"BZ_Pyq_fadeIn\">foco <\/span><span class=\"BZ_Pyq_fadeIn\">LED <\/span><span class=\"BZ_Pyq_fadeIn\">dise\u00f1ado <\/span><span class=\"BZ_Pyq_fadeIn\">para <\/span><span class=\"BZ_Pyq_fadeIn\">producciones <\/span><span class=\"BZ_Pyq_fadeIn\">profesionales <\/span><span class=\"BZ_Pyq_fadeIn\">de <\/span><span class=\"BZ_Pyq_fadeIn\">moda, <\/span><span class=\"BZ_Pyq_fadeIn\">publicidad <\/span><span class=\"BZ_Pyq_fadeIn\">y <\/span><span class=\"BZ_Pyq_fadeIn\">cine. <\/span><span class=\"BZ_Pyq_fadeIn\">Como <\/span><span class=\"BZ_Pyq_fadeIn\">la <\/span><span class=\"BZ_Pyq_fadeIn\">nueva <\/span><span class=\"BZ_Pyq_fadeIn\">generaci\u00f3n <\/span><span class=\"BZ_Pyq_fadeIn\">de <\/span><span class=\"BZ_Pyq_fadeIn\">iluminaci\u00f3n <\/span><span class=\"BZ_Pyq_fadeIn\">COB <\/span><span class=\"BZ_Pyq_fadeIn\">de <\/span><span class=\"BZ_Pyq_fadeIn\">Aputure, <\/span><span class=\"BZ_Pyq_fadeIn\">el <\/span><span class=\"BZ_Pyq_fadeIn\">STORM <\/span><span class=\"BZ_Pyq_fadeIn\">700X <\/span><span class=\"BZ_Pyq_fadeIn\">sustituye <\/span><span class=\"BZ_Pyq_fadeIn\">a <\/span><span class=\"BZ_Pyq_fadeIn\">los <\/span><span class=\"BZ_Pyq_fadeIn\">populares <\/span><span class=\"BZ_Pyq_fadeIn\">600D <\/span><span class=\"BZ_Pyq_fadeIn\">y <\/span><span class=\"BZ_Pyq_fadeIn\">600X, <\/span><span class=\"BZ_Pyq_fadeIn\">ofreciendo <\/span><span class=\"BZ_Pyq_fadeIn\">mayor <\/span><span class=\"BZ_Pyq_fadeIn\">potencia, <\/span><span class=\"BZ_Pyq_fadeIn\">mejor <\/span><span class=\"BZ_Pyq_fadeIn\">reproducci\u00f3n <\/span><span class=\"BZ_Pyq_fadeIn\">de <\/span><span class=\"BZ_Pyq_fadeIn\">color <\/span><span class=\"BZ_Pyq_fadeIn\">y <\/span><span class=\"BZ_Pyq_fadeIn\">m\u00e1s <\/span><span class=\"BZ_Pyq_fadeIn\">control <\/span><span class=\"BZ_Pyq_fadeIn\">en <\/span><span class=\"BZ_Pyq_fadeIn\">rodaje. <\/span><span class=\"BZ_Pyq_fadeIn\">Gracias <\/span><span class=\"BZ_Pyq_fadeIn\">al <\/span><span class=\"BZ_Pyq_fadeIn\">avanzado <\/span><strong data-start=\"408\" data-end=\"430\"><span class=\"BZ_Pyq_fadeIn\">motor <\/span><span class=\"BZ_Pyq_fadeIn\">de <\/span><span class=\"BZ_Pyq_fadeIn\">luz <\/span><span class=\"BZ_Pyq_fadeIn\">BLAIR<\/span><\/strong><span class=\"BZ_Pyq_fadeIn\">, <\/span><span class=\"BZ_Pyq_fadeIn\">proporciona <\/span><span class=\"BZ_Pyq_fadeIn\">una <\/span><span class=\"BZ_Pyq_fadeIn\">precisi\u00f3n <\/span><span class=\"BZ_Pyq_fadeIn\">crom\u00e1tica <\/span><span class=\"BZ_Pyq_fadeIn\">excepcional <\/span><span class=\"BZ_Pyq_fadeIn\">en <\/span><span class=\"BZ_Pyq_fadeIn\">un <\/span><span class=\"BZ_Pyq_fadeIn\">amplio <\/span><span class=\"BZ_Pyq_fadeIn\">rango <\/span><span class=\"BZ_Pyq_fadeIn\">de <\/span><span class=\"BZ_Pyq_fadeIn\">temperatura <\/span><span class=\"BZ_Pyq_fadeIn\">de <\/span><span class=\"BZ_Pyq_fadeIn\">color, <\/span><span class=\"BZ_Pyq_fadeIn\">lo <\/span><span class=\"BZ_Pyq_fadeIn\">que <\/span><span class=\"BZ_Pyq_fadeIn\">lo <\/span><span class=\"BZ_Pyq_fadeIn\">convierte <\/span><span class=\"BZ_Pyq_fadeIn\">en <\/span><span class=\"BZ_Pyq_fadeIn\">una <\/span><span class=\"BZ_Pyq_fadeIn\">herramienta <\/span><span class=\"BZ_Pyq_fadeIn\">fiable <\/span><span class=\"BZ_Pyq_fadeIn\">para <\/span><span class=\"BZ_Pyq_fadeIn\">fot\u00f3grafos <\/span><span class=\"BZ_Pyq_fadeIn\">y <\/span><span class=\"BZ_Pyq_fadeIn\">directores <\/span><span class=\"BZ_Pyq_fadeIn\">de <\/span><span class=\"BZ_Pyq_fadeIn\">fotograf\u00eda <\/span><span class=\"BZ_Pyq_fadeIn\">que <\/span><span class=\"BZ_Pyq_fadeIn\">trabajan <\/span><span class=\"BZ_Pyq_fadeIn\">tanto <\/span><span class=\"BZ_Pyq_fadeIn\">en <\/span><span class=\"BZ_Pyq_fadeIn\">imagen <\/span><span class=\"BZ_Pyq_fadeIn\">fija <\/span><span class=\"BZ_Pyq_fadeIn\">como <\/span><span class=\"BZ_Pyq_fadeIn\">en <\/span><span class=\"BZ_Pyq_fadeIn\">v\u00eddeo <\/span><span class=\"BZ_Pyq_fadeIn\">en <\/span><span class=\"BZ_Pyq_fadeIn\">Mallorca <\/span><span class=\"BZ_Pyq_fadeIn\">y <\/span><span class=\"BZ_Pyq_fadeIn\">las <\/span><span class=\"BZ_Pyq_fadeIn\">Islas <\/span><span class=\"BZ_Pyq_fadeIn\">Baleares.<\/span><\/p>\n<p data-start=\"696\" data-end=\"725\"><strong data-start=\"696\" data-end=\"725\"><span class=\"BZ_Pyq_fadeIn\">Caracter\u00edsticas <\/span><span class=\"BZ_Pyq_fadeIn\">t\u00e9cnicas:<\/span><\/strong><\/p>\n<ul data-start=\"726\" data-end=\"1280\">\n<li data-section-id=\"xiat82\" data-start=\"726\" data-end=\"778\">\n<p data-start=\"728\" data-end=\"778\"><span class=\"BZ_Pyq_fadeIn\">Foco <\/span><span class=\"BZ_Pyq_fadeIn\">LED <\/span><span class=\"BZ_Pyq_fadeIn\">profesional <\/span><span class=\"BZ_Pyq_fadeIn\">de <\/span><span class=\"BZ_Pyq_fadeIn\">alta <\/span><span class=\"BZ_Pyq_fadeIn\">potencia <\/span><span class=\"BZ_Pyq_fadeIn\">clase <\/span><span class=\"BZ_Pyq_fadeIn\">700W<\/span><\/p>\n<\/li>\n<li data-section-id=\"exkdjv\" data-start=\"779\" data-end=\"845\">\n<p data-start=\"781\" data-end=\"845\"><strong data-start=\"781\" data-end=\"803\"><span class=\"BZ_Pyq_fadeIn\">Motor <\/span><span class=\"BZ_Pyq_fadeIn\">de <\/span><span class=\"BZ_Pyq_fadeIn\">luz <\/span><span class=\"BZ_Pyq_fadeIn\">BLAIR<\/span><\/strong> <span class=\"BZ_Pyq_fadeIn\">para <\/span><span class=\"BZ_Pyq_fadeIn\">una <\/span><span class=\"BZ_Pyq_fadeIn\">reproducci\u00f3n <\/span><span class=\"BZ_Pyq_fadeIn\">de <\/span><span class=\"BZ_Pyq_fadeIn\">color <\/span><span class=\"BZ_Pyq_fadeIn\">superior<\/span><\/p>\n<\/li>\n<li data-section-id=\"1n2o9dh\" data-start=\"846\" data-end=\"922\">\n<p data-start=\"848\" data-end=\"922\"><span class=\"BZ_Pyq_fadeIn\">Amplio <\/span><span class=\"BZ_Pyq_fadeIn\">rango <\/span><span class=\"BZ_Pyq_fadeIn\">CCT <\/span><span class=\"BZ_Pyq_fadeIn\">aprox. <\/span><span class=\"BZ_Pyq_fadeIn\">2500K\u2013<\/span><span class=\"BZ_Pyq_fadeIn\">10.000K <\/span><span class=\"BZ_Pyq_fadeIn\">para <\/span><span class=\"BZ_Pyq_fadeIn\">un <\/span><span class=\"BZ_Pyq_fadeIn\">control <\/span><span class=\"BZ_Pyq_fadeIn\">flexible <\/span><span class=\"BZ_Pyq_fadeIn\">del <\/span><span class=\"BZ_Pyq_fadeIn\">color<\/span><\/p>\n<\/li>\n<li data-section-id=\"w2bpbx\" data-start=\"923\" data-end=\"989\">\n<p data-start=\"925\" data-end=\"989\"><span class=\"BZ_Pyq_fadeIn\">Altos <\/span><span class=\"BZ_Pyq_fadeIn\">valores <\/span><span class=\"BZ_Pyq_fadeIn\">de <\/span><span class=\"BZ_Pyq_fadeIn\">CRI <\/span><span class=\"BZ_Pyq_fadeIn\">y <\/span><span class=\"BZ_Pyq_fadeIn\">TLCI <\/span><span class=\"BZ_Pyq_fadeIn\">para <\/span><span class=\"BZ_Pyq_fadeIn\">captura <\/span><span class=\"BZ_Pyq_fadeIn\">de <\/span><span class=\"BZ_Pyq_fadeIn\">imagen <\/span><span class=\"BZ_Pyq_fadeIn\">profesional<\/span><\/p>\n<\/li>\n<li data-section-id=\"141jhic\" data-start=\"990\" data-end=\"1066\">\n<p data-start=\"992\" data-end=\"1066\"><span class=\"BZ_Pyq_fadeIn\">Opciones <\/span><span class=\"BZ_Pyq_fadeIn\">de <\/span><span class=\"BZ_Pyq_fadeIn\">control <\/span><span class=\"BZ_Pyq_fadeIn\">profesional <\/span><span class=\"BZ_Pyq_fadeIn\">incluyendo <\/span><span class=\"BZ_Pyq_fadeIn\">DMX, <\/span><span class=\"BZ_Pyq_fadeIn\">CRMX <\/span><span class=\"BZ_Pyq_fadeIn\">y <\/span><span class=\"BZ_Pyq_fadeIn\">la <\/span><span class=\"BZ_Pyq_fadeIn\">app <\/span><span class=\"BZ_Pyq_fadeIn\">Sidus <\/span><span class=\"BZ_Pyq_fadeIn\">Link<\/span><\/p>\n<\/li>\n<li data-section-id=\"5qyx5m\" data-start=\"1067\" data-end=\"1152\">\n<p data-start=\"1069\" data-end=\"1152\"><span class=\"BZ_Pyq_fadeIn\">Construcci\u00f3n <\/span><span class=\"BZ_Pyq_fadeIn\">resistente <\/span><span class=\"BZ_Pyq_fadeIn\">a <\/span><span class=\"BZ_Pyq_fadeIn\">las <\/span><span class=\"BZ_Pyq_fadeIn\">condiciones <\/span><span class=\"BZ_Pyq_fadeIn\">exteriores <\/span><span class=\"BZ_Pyq_fadeIn\">para <\/span><span class=\"BZ_Pyq_fadeIn\">rodajes <\/span><span class=\"BZ_Pyq_fadeIn\">en <\/span><span class=\"BZ_Pyq_fadeIn\">localizaci\u00f3n<\/span><\/p>\n<\/li>\n<li data-section-id=\"spyupu\" data-start=\"1153\" data-end=\"1227\">\n<p data-start=\"1155\" data-end=\"1227\"><span class=\"BZ_Pyq_fadeIn\">Sistema <\/span><span class=\"BZ_Pyq_fadeIn\">de <\/span><span class=\"BZ_Pyq_fadeIn\">refrigeraci\u00f3n <\/span><span class=\"BZ_Pyq_fadeIn\">silencioso <\/span><span class=\"BZ_Pyq_fadeIn\">ideal <\/span><span class=\"BZ_Pyq_fadeIn\">para <\/span><span class=\"BZ_Pyq_fadeIn\">producciones <\/span><span class=\"BZ_Pyq_fadeIn\">con <\/span><span class=\"BZ_Pyq_fadeIn\">sonido<\/span><\/p>\n<\/li>\n<li data-section-id=\"1k87xin\" data-start=\"1228\" data-end=\"1280\">\n<p data-start=\"1230\" data-end=\"1280\"><span class=\"BZ_Pyq_fadeIn\">Yugo <\/span><span class=\"BZ_Pyq_fadeIn\">robusto <\/span><span class=\"BZ_Pyq_fadeIn\">para <\/span><span class=\"BZ_Pyq_fadeIn\">posicionamiento <\/span><span class=\"BZ_Pyq_fadeIn\">preciso <\/span><span class=\"BZ_Pyq_fadeIn\">en <\/span><span class=\"BZ_Pyq_fadeIn\">set<\/span><\/p>\n<\/li>\n<\/ul>\n<p data-start=\"1282\" data-end=\"1400\"><span class=\"BZ_Pyq_fadeIn\">Una <\/span><span class=\"BZ_Pyq_fadeIn\">luz <\/span><span class=\"BZ_Pyq_fadeIn\">principal <\/span><span class=\"BZ_Pyq_fadeIn\">fiable <\/span><span class=\"BZ_Pyq_fadeIn\">cuando <\/span><span class=\"BZ_Pyq_fadeIn\">se <\/span><span class=\"BZ_Pyq_fadeIn\">necesita <\/span><span class=\"BZ_Pyq_fadeIn\">potencia, <\/span><span class=\"BZ_Pyq_fadeIn\">precisi\u00f3n <\/span><span class=\"BZ_Pyq_fadeIn\">de <\/span><span class=\"BZ_Pyq_fadeIn\">color <\/span><span class=\"BZ_Pyq_fadeIn\">y <\/span><span class=\"BZ_Pyq_fadeIn\">flexibilidad <\/span><span class=\"BZ_Pyq_fadeIn\">en <\/span><span class=\"BZ_Pyq_fadeIn\">producciones <\/span><span class=\"BZ_Pyq_fadeIn\">profesionales.<\/span><\/p>\n<p data-start=\"1402\" data-end=\"1712\"><span class=\"BZ_Pyq_fadeIn\">En <\/span><span class=\"BZ_Pyq_fadeIn\">Palma <\/span><span class=\"BZ_Pyq_fadeIn\">Equipment <\/span><span class=\"BZ_Pyq_fadeIn\">Rental <\/span><span class=\"BZ_Pyq_fadeIn\">suministramos <\/span><span class=\"BZ_Pyq_fadeIn\">el <\/span><span class=\"BZ_Pyq_fadeIn\">Aputure <\/span><span class=\"BZ_Pyq_fadeIn\">STORM <\/span><span class=\"BZ_Pyq_fadeIn\">700X <\/span><span class=\"BZ_Pyq_fadeIn\">junto <\/span><span class=\"BZ_Pyq_fadeIn\">con <\/span><span class=\"BZ_Pyq_fadeIn\">equipos <\/span><span class=\"BZ_Pyq_fadeIn\">profesionales <\/span><span class=\"BZ_Pyq_fadeIn\">de <\/span><span class=\"BZ_Pyq_fadeIn\">iluminaci\u00f3n, <\/span><span class=\"BZ_Pyq_fadeIn\">c\u00e1mara, <\/span><span class=\"BZ_Pyq_fadeIn\">grip <\/span><span class=\"BZ_Pyq_fadeIn\">y <\/span><span class=\"BZ_Pyq_fadeIn\">digital <\/span><span class=\"BZ_Pyq_fadeIn\">tech, <\/span><span class=\"BZ_Pyq_fadeIn\">apoyando <\/span><span class=\"BZ_Pyq_fadeIn\">producciones <\/span><span class=\"BZ_Pyq_fadeIn\">de <\/span><span class=\"BZ_Pyq_fadeIn\">moda, <\/span><span class=\"BZ_Pyq_fadeIn\">publicidad <\/span><span class=\"BZ_Pyq_fadeIn\">y <\/span><span class=\"BZ_Pyq_fadeIn\">cine <\/span><span class=\"BZ_Pyq_fadeIn\">en <\/span><span class=\"BZ_Pyq_fadeIn\">Mallorca, <\/span><span class=\"BZ_Pyq_fadeIn\">Ibiza, <\/span><span class=\"BZ_Pyq_fadeIn\">Menorca, <\/span><span class=\"BZ_Pyq_fadeIn\">Formentera <\/span><span class=\"BZ_Pyq_fadeIn\">y <\/span><span class=\"BZ_Pyq_fadeIn\">el <\/span><span class=\"BZ_Pyq_fadeIn\">resto <\/span><span class=\"BZ_Pyq_fadeIn\">de <\/span><span class=\"BZ_Pyq_fadeIn\">Espa\u00f1a <\/span><span class=\"BZ_Pyq_fadeIn\">con <\/span><span class=\"BZ_Pyq_fadeIn\">alquiler <\/span><span class=\"BZ_Pyq_fadeIn\">flexible, <\/span><span class=\"BZ_Pyq_fadeIn\">entregas, <\/span><span class=\"BZ_Pyq_fadeIn\">crew <\/span><span class=\"BZ_Pyq_fadeIn\">y <\/span><span class=\"BZ_Pyq_fadeIn\">soporte <\/span><span class=\"BZ_Pyq_fadeIn\">t\u00e9cnico 24\/7.<\/span><\/p>\n","protected":false},"excerpt":{"rendered":"<p>En Palma Equipment Rental tenemos disponible para alquiler el Aputure STORM 700X, un potente y vers\u00e1til foco LED dise\u00f1ado para producciones profesionales de moda, publicidad y cine. Como la nueva generaci\u00f3n de iluminaci\u00f3n COB de Aputure, el STORM 700X sustituye a los populares 600D y 600X, ofreciendo mayor potencia, mejor reproducci\u00f3n de color y m\u00e1s control en rodaje. Gracias al [&hellip;]<\/p>\n","protected":false},"featured_media":15310,"template":"","meta":[],"product_cat":[778,780],"product_tag":[],"class_list":{"0":"post-15307","1":"product","2":"type-product","3":"status-publish","4":"has-post-thumbnail","6":"product_cat-aputure-iluminacion-v","7":"product_cat-aputure-iluminacion","9":"first","10":"instock","11":"featured","12":"shipping-taxable","13":"purchasable","14":"product-type-simple"},"_links":{"self":[{"href":"https:\/\/palmaequipmentrental.com\/es\/wp-json\/wp\/v2\/product\/15307","targetHints":{"allow":["GET"]}}],"collection":[{"href":"https:\/\/palmaequipmentrental.com\/es\/wp-json\/wp\/v2\/product"}],"about":[{"href":"https:\/\/palmaequipmentrental.com\/es\/wp-json\/wp\/v2\/types\/product"}],"wp:featuredmedia":[{"embeddable":true,"href":"https:\/\/palmaequipmentrental.com\/es\/wp-json\/wp\/v2\/media\/15310"}],"wp:attachment":[{"href":"https:\/\/palmaequipmentrental.com\/es\/wp-json\/wp\/v2\/media?parent=15307"}],"wp:term":[{"taxonomy":"product_cat","embeddable":true,"href":"https:\/\/palmaequipmentrental.com\/es\/wp-json\/wp\/v2\/product_cat?post=15307"},{"taxonomy":"product_tag","embeddable":true,"href":"https:\/\/palmaequipmentrental.com\/es\/wp-json\/wp\/v2\/product_tag?post=15307"}],"curies":[{"name":"wp","href":"https:\/\/api.w.org\/{rel}","templated":true}]}}