{"id":3218,"date":"2012-04-25T14:29:59","date_gmt":"2012-04-25T14:29:59","guid":{"rendered":"http:\/\/www.palmaequipmentrental.com\/product\/steamer-3\/"},"modified":"2023-01-23T11:26:02","modified_gmt":"2023-01-23T11:26:02","slug":"steamer","status":"publish","type":"product","link":"https:\/\/palmaequipmentrental.com\/es\/photo-video-equipment-mallorca\/steamer\/","title":{"rendered":"Vaporizador Jiffy J-2"},"content":{"rendered":"<p>El cl\u00e1sico<strong> vaporizador de ropa Jiffy J-2<\/strong> elimina r\u00e1pida y eficazmente las arrugas de la mayor\u00eda de los tejidos y es perfecto para un uso comercial ligero.\u00a0 Ideal para bodas y sesiones fotogr\u00e1ficas de moda. El vapor es la alternativa m\u00e1s suave al planchado y es ideal para eliminar las arrugas de la ropa, manteles, colchas y materiales delicados.<\/p>\n<ul>\n<li>Listo para vaporizar en 1 minuto<\/li>\n<li>Tiempo de vapor por llenado: 2 horas<\/li>\n<li>Capacidad de agua: 1 gal \/ 3.79 Litros<\/li>\n<li>Voltaje: 230V<\/li>\n<li>Potencia: 1300W<\/li>\n<\/ul>\n<p>&nbsp;<\/p>\n","protected":false},"excerpt":{"rendered":"<p>El cl\u00e1sico vaporizador de ropa Jiffy J-2 elimina r\u00e1pida y eficazmente las arrugas de la mayor\u00eda de los tejidos y es perfecto para un uso comercial ligero.\u00a0 Ideal para bodas y sesiones fotogr\u00e1ficas de moda. El vapor es la alternativa m\u00e1s suave al planchado y es ideal para eliminar las arrugas de la ropa, manteles, colchas y materiales delicados. Listo [&hellip;]<\/p>\n","protected":false},"featured_media":6907,"template":"","meta":[],"product_cat":[187],"product_tag":[],"class_list":{"0":"post-3218","1":"product","2":"type-product","3":"status-publish","4":"has-post-thumbnail","6":"product_cat-stylist-es","8":"first","9":"instock","10":"shipping-taxable","11":"purchasable","12":"product-type-simple"},"_links":{"self":[{"href":"https:\/\/palmaequipmentrental.com\/es\/wp-json\/wp\/v2\/product\/3218","targetHints":{"allow":["GET"]}}],"collection":[{"href":"https:\/\/palmaequipmentrental.com\/es\/wp-json\/wp\/v2\/product"}],"about":[{"href":"https:\/\/palmaequipmentrental.com\/es\/wp-json\/wp\/v2\/types\/product"}],"wp:featuredmedia":[{"embeddable":true,"href":"https:\/\/palmaequipmentrental.com\/es\/wp-json\/wp\/v2\/media\/6907"}],"wp:attachment":[{"href":"https:\/\/palmaequipmentrental.com\/es\/wp-json\/wp\/v2\/media?parent=3218"}],"wp:term":[{"taxonomy":"product_cat","embeddable":true,"href":"https:\/\/palmaequipmentrental.com\/es\/wp-json\/wp\/v2\/product_cat?post=3218"},{"taxonomy":"product_tag","embeddable":true,"href":"https:\/\/palmaequipmentrental.com\/es\/wp-json\/wp\/v2\/product_tag?post=3218"}],"curies":[{"name":"wp","href":"https:\/\/api.w.org\/{rel}","templated":true}]}}